{"id":7326,"date":"2023-06-19T13:37:03","date_gmt":"2023-06-19T19:37:03","guid":{"rendered":"http:\/\/www.difvictoria.gob.mx\/?page_id=7326"},"modified":"2025-03-18T08:15:22","modified_gmt":"2025-03-18T14:15:22","slug":"codigo-de-etica","status":"publish","type":"page","link":"http:\/\/www.difvictoria.gob.mx\/index.php\/codigo-de-etica\/","title":{"rendered":"C\u00f3digo de \u00c9tica y Conducta"},"content":{"rendered":"<ul>\n<li>\n<h2><span style=\"color: #000000;\"><a style=\"color: #000000;\" href=\"http:\/\/www.difvictoria.gob.mx\/wp-content\/uploads\/2025\/03\/Codigo-de-etica-actualizado-2024-1ra-ver-con-firmas.pdf\"><b>VER C\u00d3DIGO DE \u00c9TICA DEL SISTEMA DIF VICTORIA<\/b><\/a><\/span><\/h2>\n<\/li>\n<li>\n<h2><span style=\"color: #000000;\"><a style=\"color: #000000;\" href=\"http:\/\/www.difvictoria.gob.mx\/wp-content\/uploads\/2025\/03\/CODIGO-DE-CONDUCTA-2da-VER-Autor.pdf\"><b>VER C\u00d3DIGO DE CONDUCTA DEL SISTEMA DIF VICTORIA<\/b><\/a><\/span><\/h2>\n<\/li>\n<\/ul>\n","protected":false},"excerpt":{"rendered":"<p>VER C\u00d3DIGO DE \u00c9TICA DEL SISTEMA DIF VICTORIA VER C\u00d3DIGO DE CONDUCTA DEL SISTEMA DIF VICTORIA<\/p>\n","protected":false},"author":3,"featured_media":0,"parent":0,"menu_order":0,"comment_status":"closed","ping_status":"closed","template":"","meta":{"footnotes":""},"class_list":["post-7326","page","type-page","status-publish","hentry"],"_links":{"self":[{"href":"http:\/\/www.difvictoria.gob.mx\/index.php\/wp-json\/wp\/v2\/pages\/7326","targetHints":{"allow":["GET"]}}],"collection":[{"href":"http:\/\/www.difvictoria.gob.mx\/index.php\/wp-json\/wp\/v2\/pages"}],"about":[{"href":"http:\/\/www.difvictoria.gob.mx\/index.php\/wp-json\/wp\/v2\/types\/page"}],"author":[{"embeddable":true,"href":"http:\/\/www.difvictoria.gob.mx\/index.php\/wp-json\/wp\/v2\/users\/3"}],"replies":[{"embeddable":true,"href":"http:\/\/www.difvictoria.gob.mx\/index.php\/wp-json\/wp\/v2\/comments?post=7326"}],"version-history":[{"count":8,"href":"http:\/\/www.difvictoria.gob.mx\/index.php\/wp-json\/wp\/v2\/pages\/7326\/revisions"}],"predecessor-version":[{"id":8523,"href":"http:\/\/www.difvictoria.gob.mx\/index.php\/wp-json\/wp\/v2\/pages\/7326\/revisions\/8523"}],"wp:attachment":[{"href":"http:\/\/www.difvictoria.gob.mx\/index.php\/wp-json\/wp\/v2\/media?parent=7326"}],"curies":[{"name":"wp","href":"https:\/\/api.w.org\/{rel}","templated":true}]}}