{"id":7318,"date":"2023-06-19T13:25:59","date_gmt":"2023-06-19T19:25:59","guid":{"rendered":"http:\/\/www.difvictoria.gob.mx\/?page_id=7318"},"modified":"2023-06-19T13:33:20","modified_gmt":"2023-06-19T19:33:20","slug":"mision-y-vision-2","status":"publish","type":"page","link":"http:\/\/www.difvictoria.gob.mx\/index.php\/mision-y-vision-2\/","title":{"rendered":"Misi\u00f3n y Visi\u00f3n"},"content":{"rendered":"<h1 style=\"text-align: left;\"><span style=\"color: #5f2060;\"><strong>Misi\u00f3n<\/strong><\/span><\/h1>\n<h3 style=\"text-align: left;\">Ser un organismo p\u00fablico descentralizado que tiene como objetivo realizar acciones tendientes a modificar y mejorar las circunstancias de car\u00e1cter social que impidan al individuo el desarrollo integral, mejorando sus condiciones de bienestar a trav\u00e9s de programas aprobados, cumpliendo con las normativas y el principio de transparencia.<\/h3>\n<h1 style=\"text-align: left;\"><span style=\"color: #5f2060;\"><strong>Visi\u00f3n<\/strong><\/span><\/h1>\n<h3 style=\"text-align: left;\">Ser una Instituci\u00f3n que fortalece el sistema de gesti\u00f3n apegados a procesos efectivos, cumpliendo con un patr\u00f3n de rendimiento calidad, cantidad y tiempo que permita optimizar todos los recursos para asegurar la satisfacci\u00f3n de la poblaci\u00f3n en condiciones de vulnerabilidad del municipio de Victoria.<\/h3>\n<h1 style=\"text-align: left;\"><span style=\"color: #5f2060;\"><strong>Objetivo<\/strong><\/span><\/h1>\n<h3 style=\"text-align: left;\">Ejecutar programas y acciones de asistencia social, cuyos enfoques, servicios y metodolog\u00edas de intervenci\u00f3n coadyuven a mejorar las condiciones que impiden el adecuado desarrollo humano y social de las familias que por sus condiciones f\u00edsicas, mentales, jur\u00eddicas o sociales, se definan como poblaci\u00f3n objetivo, hasta lograr su incorporaci\u00f3n a una vida plena y productiva, as\u00ed como vigilar y hacer valer los derechos de los menores de edad, la protecci\u00f3n f\u00edsica, mental y social de la familia en situaci\u00f3n de vulnerabilidad, brindando asesor\u00eda jur\u00eddica y orientaci\u00f3n social a la poblaci\u00f3n vulnerable, buscando primordialmente la conciliaci\u00f3n entre las partes mediante acuerdos.<\/h3>\n<p>&nbsp;<\/p>\n<p>&nbsp;<\/p>\n","protected":false},"excerpt":{"rendered":"<p>Misi\u00f3n Ser un organismo p\u00fablico descentralizado que tiene como objetivo realizar acciones tendientes a modificar y mejorar las circunstancias de car\u00e1cter social que impidan al individuo el desarrollo integral, mejorando sus condiciones de bienestar a trav\u00e9s de programas aprobados, cumpliendo con las normativas y el principio de transparencia. Visi\u00f3n Ser una Instituci\u00f3n que fortalece el sistema de gesti\u00f3n apegados a&hellip;<\/p>\n","protected":false},"author":3,"featured_media":0,"parent":0,"menu_order":0,"comment_status":"closed","ping_status":"closed","template":"","meta":{"footnotes":""},"class_list":["post-7318","page","type-page","status-publish","hentry"],"_links":{"self":[{"href":"http:\/\/www.difvictoria.gob.mx\/index.php\/wp-json\/wp\/v2\/pages\/7318","targetHints":{"allow":["GET"]}}],"collection":[{"href":"http:\/\/www.difvictoria.gob.mx\/index.php\/wp-json\/wp\/v2\/pages"}],"about":[{"href":"http:\/\/www.difvictoria.gob.mx\/index.php\/wp-json\/wp\/v2\/types\/page"}],"author":[{"embeddable":true,"href":"http:\/\/www.difvictoria.gob.mx\/index.php\/wp-json\/wp\/v2\/users\/3"}],"replies":[{"embeddable":true,"href":"http:\/\/www.difvictoria.gob.mx\/index.php\/wp-json\/wp\/v2\/comments?post=7318"}],"version-history":[{"count":3,"href":"http:\/\/www.difvictoria.gob.mx\/index.php\/wp-json\/wp\/v2\/pages\/7318\/revisions"}],"predecessor-version":[{"id":7324,"href":"http:\/\/www.difvictoria.gob.mx\/index.php\/wp-json\/wp\/v2\/pages\/7318\/revisions\/7324"}],"wp:attachment":[{"href":"http:\/\/www.difvictoria.gob.mx\/index.php\/wp-json\/wp\/v2\/media?parent=7318"}],"curies":[{"name":"wp","href":"https:\/\/api.w.org\/{rel}","templated":true}]}}