{"id":5991,"date":"2021-10-01T09:03:15","date_gmt":"2021-10-01T15:03:15","guid":{"rendered":"http:\/\/www.difvictoria.gob.mx\/?page_id=5991"},"modified":"2021-10-01T09:03:15","modified_gmt":"2021-10-01T15:03:15","slug":"octubre-2021","status":"publish","type":"page","link":"http:\/\/www.difvictoria.gob.mx\/index.php\/octubre-2021\/","title":{"rendered":"Octubre 2021"},"content":{"rendered":"<style>.wp-show-posts-columns#wpsp-5989 {margin-left: -2em; }.wp-show-posts-columns#wpsp-5989 .wp-show-posts-inner {margin: 0 0 2em 2em; }<\/style><section id=\"wpsp-5989\" class=\" wp-show-posts-columns wp-show-posts\" style=\"\"><article class=\" wp-show-posts-single post-6002 post type-post status-publish format-standard has-post-thumbnail hentry category-octubre-2021 wpsp-col-4\" itemtype=\"http:\/\/schema.org\/CreativeWork\" itemscope><div class=\"wp-show-posts-inner\" style=\"\">\t\t\t\t\t\t<div class=\"wp-show-posts-entry-summary\" itemprop=\"text\">\n\t\t\t\t\t\t\t<p>Cd. Victoria, 01 de octubre de 2021.\u2013 Con la presencia del alcalde, Eduardo Gatt\u00e1s B\u00e1ez, el patronato del Sistema DIF Victoria encabezado por la presidenta Luc\u00eda Rodr\u00edguez de Gatt\u00e1s llev\u00f3&#8230;<\/p>\n\t\t\t\t\t\t<\/div><!-- .entry-summary -->\n\t\t\t\t\t<div class=\"wpsp-read-more\"><a title=\"Toma Protesta Patronato DIF Victoria\" class=\"wp-show-posts-read-more\" href=\"http:\/\/www.difvictoria.gob.mx\/index.php\/2021\/10\/01\/toma-protesta-patronato-dif-victoria\/\">Leer m\u00e1s<\/a><\/div><\/div><!-- wp-show-posts-inner --><\/article><article class=\" wp-show-posts-single post-6013 post type-post status-publish format-standard has-post-thumbnail hentry category-octubre-2021 tag-el-huizachal tag-emprende-victoria-2021 tag-expo-tamaulipas wpsp-col-4\" itemtype=\"http:\/\/schema.org\/CreativeWork\" itemscope><div class=\"wp-show-posts-inner\" style=\"\">\t\t\t\t\t\t<div class=\"wp-show-posts-entry-summary\" itemprop=\"text\">\n\t\t\t\t\t\t\t<p>Ciudad Victoria, Tamaulipas (3 de Octubre 2021).- Buscando reactivar la econom\u00eda local y el turismo ecol\u00f3gico, el alcalde Eduardo Gatt\u00e1s B\u00e1ez puso en marcha la Expo Tamaulipas Emprende Victoria 2021,&#8230;<\/p>\n\t\t\t\t\t\t<\/div><!-- .entry-summary -->\n\t\t\t\t\t<div class=\"wpsp-read-more\"><a title=\"Vamos por la reactivaci\u00f3n econ\u00f3mica de Victoria\" class=\"wp-show-posts-read-more\" href=\"http:\/\/www.difvictoria.gob.mx\/index.php\/2021\/10\/03\/vamos-por-la-reactivacion-economica-de-victoria\/\">Leer m\u00e1s<\/a><\/div><\/div><!-- wp-show-posts-inner --><\/article><article class=\" wp-show-posts-single post-6020 post type-post status-publish format-standard has-post-thumbnail hentry category-octubre-2021 wpsp-col-4\" itemtype=\"http:\/\/schema.org\/CreativeWork\" itemscope><div class=\"wp-show-posts-inner\" style=\"\">\t\t\t\t\t\t<div class=\"wp-show-posts-entry-summary\" itemprop=\"text\">\n\t\t\t\t\t\t\t<p>DIF Victoria se suma a la conmemoraci\u00f3n del #MesRosa para la Lucha Contra el C\u00e1ncer de Mama. Apoyemos a todas las mujeres que est\u00e1n librando esta batalla; con valent\u00eda, esperanza&#8230;<\/p>\n\t\t\t\t\t\t<\/div><!-- .entry-summary -->\n\t\t\t\t\t<div class=\"wpsp-read-more\"><a title=\"Octubre: Mes de la Lucha contra el C\u00e1ncer de Mama\" class=\"wp-show-posts-read-more\" href=\"http:\/\/www.difvictoria.gob.mx\/index.php\/2021\/10\/05\/octubre-mes-de-la-lucha-contra-el-cancer-de-mama\/\">Leer m\u00e1s<\/a><\/div><\/div><!-- wp-show-posts-inner --><\/article><article class=\" wp-show-posts-single post-6024 post type-post status-publish format-standard has-post-thumbnail hentry category-octubre-2021 wpsp-col-4\" itemtype=\"http:\/\/schema.org\/CreativeWork\" itemscope><div class=\"wp-show-posts-inner\" style=\"\">\t\t\t\t\t\t<div class=\"wp-show-posts-entry-summary\" itemprop=\"text\">\n\t\t\t\t\t\t\t<p>La presidenta del Sistema DIF Victoria, Luc\u00eda Rodr\u00edguez de Gatt\u00e1s acompa\u00f1\u00f3 a su esposo, el Presidente Municipal, Eduardo Gatt\u00e1s, en la Sesi\u00f3n Solemne del Cabildo, para celebrar el 271 Aniversario&#8230;<\/p>\n\t\t\t\t\t\t<\/div><!-- .entry-summary -->\n\t\t\t\t\t<div class=\"wpsp-read-more\"><a title=\"271 Aniversario de Victoria\" class=\"wp-show-posts-read-more\" href=\"http:\/\/www.difvictoria.gob.mx\/index.php\/2021\/10\/08\/271-aniversario-de-victoria\/\">Leer m\u00e1s<\/a><\/div><\/div><!-- wp-show-posts-inner --><\/article><article class=\" wp-show-posts-single post-6031 post type-post status-publish format-standard has-post-thumbnail hentry category-octubre-2021 wpsp-col-4\" itemtype=\"http:\/\/schema.org\/CreativeWork\" itemscope><div class=\"wp-show-posts-inner\" style=\"\">\t\t\t\t\t\t<div class=\"wp-show-posts-entry-summary\" itemprop=\"text\">\n\t\t\t\t\t\t\t<p>Ciudad Victoria, 8 de Octubre de 2021.- La Presidenta del Sistema DIF Victoria, Luc\u00eda Rodr\u00edguez de Gatt\u00e1s, asisti\u00f3 a la jornada cultural \u201cVictoria en la memoria de los tiempos\u201d, acompa\u00f1ando&#8230;<\/p>\n\t\t\t\t\t\t<\/div><!-- .entry-summary -->\n\t\t\t\t\t<div class=\"wpsp-read-more\"><a title=\"Victoria en la memoria de los tiempos\" class=\"wp-show-posts-read-more\" href=\"http:\/\/www.difvictoria.gob.mx\/index.php\/2021\/10\/09\/victoria-en-la-memoria-de-los-tiempos\/\">Leer m\u00e1s<\/a><\/div><\/div><!-- wp-show-posts-inner --><\/article><article class=\" wp-show-posts-single post-6034 post type-post status-publish format-standard has-post-thumbnail hentry category-octubre-2021 wpsp-col-4\" itemtype=\"http:\/\/schema.org\/CreativeWork\" itemscope><div class=\"wp-show-posts-inner\" style=\"\">\t\t\t\t\t\t<div class=\"wp-show-posts-entry-summary\" itemprop=\"text\">\n\t\t\t\t\t\t\t<p>\u00a1Festejamos nuestra Capital! Continuamos las celebraciones por el 271 aniversario de #CiudadVictoria, con el #FestivalCulturalVictoria, al cual asisti\u00f3 nuestra Presidenta del Sistema DIF Victoria, Luc\u00eda Rodr\u00edguez de Gatt\u00e1s junto a&#8230;<\/p>\n\t\t\t\t\t\t<\/div><!-- .entry-summary -->\n\t\t\t\t\t<div class=\"wpsp-read-more\"><a title=\"Festival Cultural Victoria\" class=\"wp-show-posts-read-more\" href=\"http:\/\/www.difvictoria.gob.mx\/index.php\/2021\/10\/11\/festival-cultural-victoria\/\">Leer m\u00e1s<\/a><\/div><\/div><!-- wp-show-posts-inner --><\/article><article class=\" wp-show-posts-single post-6037 post type-post status-publish format-standard has-post-thumbnail hentry category-octubre-2021 wpsp-col-4\" itemtype=\"http:\/\/schema.org\/CreativeWork\" itemscope><div class=\"wp-show-posts-inner\" style=\"\">\t\t\t\t\t\t<div class=\"wp-show-posts-entry-summary\" itemprop=\"text\">\n\t\t\t\t\t\t\t<p>Ciudad Victoria, 11 de Octubre de 2021.- El Presidente Municipal, Eduardo Gatt\u00e1s, y su esposa la Presidenta del Sistema DIF Victoria, Luc\u00eda Rodr\u00edguez de Gatt\u00e1s, estuvieron presentes en el inicio&#8230;<\/p>\n\t\t\t\t\t\t<\/div><!-- .entry-summary -->\n\t\t\t\t\t<div class=\"wpsp-read-more\"><a title=\"Capacit\u00e1ndonos para servir mejor a Victoria\" class=\"wp-show-posts-read-more\" href=\"http:\/\/www.difvictoria.gob.mx\/index.php\/2021\/10\/11\/capacitandonos-para-servir-mejor-a-victoria\/\">Leer m\u00e1s<\/a><\/div><\/div><!-- wp-show-posts-inner --><\/article><article class=\" wp-show-posts-single post-6040 post type-post status-publish format-standard has-post-thumbnail hentry category-octubre-2021 wpsp-col-4\" itemtype=\"http:\/\/schema.org\/CreativeWork\" itemscope><div class=\"wp-show-posts-inner\" style=\"\">\t\t\t\t\t\t<div class=\"wp-show-posts-entry-summary\" itemprop=\"text\">\n\t\t\t\t\t\t\t<p>Ciudad Victoria, 11 de octubre de 2021.- La Presidenta del Sistema DIF Victoria, Luc\u00eda Rodr\u00edguez de Gatt\u00e1s, visit\u00f3 los CEDIF No.6 y No.1, as\u00ed como el CAIC Vicente Guerrero y&#8230;<\/p>\n\t\t\t\t\t\t<\/div><!-- .entry-summary -->\n\t\t\t\t\t<div class=\"wpsp-read-more\"><a title=\"\u00a1Iniciamos recorridos por los Centros Asistenciales DIF Victoria!\" class=\"wp-show-posts-read-more\" href=\"http:\/\/www.difvictoria.gob.mx\/index.php\/2021\/10\/12\/iniciamos-recorridos-por-los-centros-asistenciales-dif-victoria\/\">Leer m\u00e1s<\/a><\/div><\/div><!-- wp-show-posts-inner --><\/article><article class=\" wp-show-posts-single post-6043 post type-post status-publish format-standard has-post-thumbnail hentry category-octubre-2021 wpsp-col-4\" itemtype=\"http:\/\/schema.org\/CreativeWork\" itemscope><div class=\"wp-show-posts-inner\" style=\"\">\t\t\t\t\t\t<div class=\"wp-show-posts-entry-summary\" itemprop=\"text\">\n\t\t\t\t\t\t\t<p>Ciudad Victoria, 12 de octubre de 2021.- El Presidente Municipal, Eduardo Gatt\u00e1s, junto a su esposa, Luc\u00eda Rodr\u00edguez de Gatt\u00e1s, Presidenta del Sistema DIF Victoria, encabezaron el encendido conmemorativo por&#8230;<\/p>\n\t\t\t\t\t\t<\/div><!-- .entry-summary -->\n\t\t\t\t\t<div class=\"wpsp-read-more\"><a title=\"\u00a1Victoria se ilumina de rosa!\" class=\"wp-show-posts-read-more\" href=\"http:\/\/www.difvictoria.gob.mx\/index.php\/2021\/10\/13\/victoria-se-ilumina-de-rosa\/\">Leer m\u00e1s<\/a><\/div><\/div><!-- wp-show-posts-inner --><\/article><article class=\" wp-show-posts-single post-6046 post type-post status-publish format-standard has-post-thumbnail hentry category-octubre-2021 tag-atencion-ciudadana wpsp-col-4\" itemtype=\"http:\/\/schema.org\/CreativeWork\" itemscope><div class=\"wp-show-posts-inner\" style=\"\">\t\t\t\t\t\t<div class=\"wp-show-posts-entry-summary\" itemprop=\"text\">\n\t\t\t\t\t\t\t<p>Ciudad Victoria, 14 de octubre de 2021.- El departamento de Atenci\u00f3n Ciudadana del DIF Victoria gestiona las peticiones de las y los victorenses que se acercan a la instituci\u00f3n con&#8230;<\/p>\n\t\t\t\t\t\t<\/div><!-- .entry-summary -->\n\t\t\t\t\t<div class=\"wpsp-read-more\"><a title=\"Atendemos las peticiones de quienes m\u00e1s lo necesitan\" class=\"wp-show-posts-read-more\" href=\"http:\/\/www.difvictoria.gob.mx\/index.php\/2021\/10\/14\/atendemos-las-peticiones-de-quienes-mas-lo-necesitan\/\">Leer m\u00e1s<\/a><\/div><\/div><!-- wp-show-posts-inner --><\/article><article class=\" wp-show-posts-single post-6051 post type-post status-publish format-standard has-post-thumbnail hentry category-octubre-2021 wpsp-col-4\" itemtype=\"http:\/\/schema.org\/CreativeWork\" itemscope><div class=\"wp-show-posts-inner\" style=\"\">\t\t\t\t\t\t<div class=\"wp-show-posts-entry-summary\" itemprop=\"text\">\n\t\t\t\t\t\t\t<p>Ciudad Victoria, 18 de Octubre de 2021.- Fortaleciendo la prevenci\u00f3n y seguridad, el personal del DIF Victoria recibi\u00f3 una capacitaci\u00f3n de primeros auxilios impartida por personal experto de Protecci\u00f3n Civil,&#8230;<\/p>\n\t\t\t\t\t\t<\/div><!-- .entry-summary -->\n\t\t\t\t\t<div class=\"wpsp-read-more\"><a title=\"\u00a1Nos capacitamos para estar preparados ante cualquier emergencia!\" class=\"wp-show-posts-read-more\" href=\"http:\/\/www.difvictoria.gob.mx\/index.php\/2021\/10\/18\/nos-capacitamos-para-estar-preparados-ante-cualquier-emergencia\/\">Leer m\u00e1s<\/a><\/div><\/div><!-- wp-show-posts-inner --><\/article><article class=\" wp-show-posts-single post-6057 post type-post status-publish format-standard has-post-thumbnail hentry category-octubre-2021 wpsp-col-4\" itemtype=\"http:\/\/schema.org\/CreativeWork\" itemscope><div class=\"wp-show-posts-inner\" style=\"\">\t\t\t\t\t\t<div class=\"wp-show-posts-entry-summary\" itemprop=\"text\">\n\t\t\t\t\t\t\t<p>Cd. Victoria, 17 de octubre de 2021.- El gobierno de Victoria y Sistema DIF se sumaron este domingo a las acciones de prevenci\u00f3n y concientizaci\u00f3n que emprende la fundaci\u00f3n &#8220;Una&#8230;<\/p>\n\t\t\t\t\t\t<\/div><!-- .entry-summary -->\n\t\t\t\t\t<div class=\"wpsp-read-more\"><a title=\"Una esperanza de vida para las guerreras victorenses\" class=\"wp-show-posts-read-more\" href=\"http:\/\/www.difvictoria.gob.mx\/index.php\/2021\/10\/18\/una-esperanza-de-vida-para-las-guerreras-victorenses\/\">Leer m\u00e1s<\/a><\/div><\/div><!-- wp-show-posts-inner --><\/article><article class=\" wp-show-posts-single post-6070 post type-post status-publish format-standard has-post-thumbnail hentry category-octubre-2021 wpsp-col-4\" itemtype=\"http:\/\/schema.org\/CreativeWork\" itemscope><div class=\"wp-show-posts-inner\" style=\"\">\t\t\t\t\t\t<div class=\"wp-show-posts-entry-summary\" itemprop=\"text\">\n\t\t\t\t\t\t\t<p>Ciudad Victoria, 22 de Octubre de 2021 &#8211; La presidenta del DIF Victoria Luc\u00eda Rodr\u00edguez de Gatt\u00e1s en compa\u00f1\u00eda de su esposo el Presidente Municipal Eduardo Gattas y la Directora&#8230;<\/p>\n\t\t\t\t\t\t<\/div><!-- .entry-summary -->\n\t\t\t\t\t<div class=\"wpsp-read-more\"><a title=\"\u00a1Arranca la campa\u00f1a Luz y Amor!\" class=\"wp-show-posts-read-more\" href=\"http:\/\/www.difvictoria.gob.mx\/index.php\/2021\/10\/22\/arranca-la-campana-luz-y-amor\/\">Leer m\u00e1s<\/a><\/div><\/div><!-- wp-show-posts-inner --><\/article><article class=\" wp-show-posts-single post-6073 post type-post status-publish format-standard has-post-thumbnail hentry category-octubre-2021 wpsp-col-4\" itemtype=\"http:\/\/schema.org\/CreativeWork\" itemscope><div class=\"wp-show-posts-inner\" style=\"\">\t\t\t\t\t\t<div class=\"wp-show-posts-entry-summary\" itemprop=\"text\">\n\t\t\t\t\t\t\t<p>Ciudad Victoria, 22 de Octubre de 2021 &#8211; La presidenta del Sistema DIF Victoria, Luc\u00eda Rodr\u00edguez de Gatt\u00e1s dio inicio a la campa\u00f1a \u201cTrenzado Luz y Amor\u201d realizando el primer&#8230;<\/p>\n\t\t\t\t\t\t<\/div><!-- .entry-summary -->\n\t\t\t\t\t<div class=\"wpsp-read-more\"><a title=\"Comienza la noble campa\u00f1a Trenzado Luz y Amor\" class=\"wp-show-posts-read-more\" href=\"http:\/\/www.difvictoria.gob.mx\/index.php\/2021\/10\/22\/comienza-la-noble-campana-trenzado-luz-y-amor\/\">Leer m\u00e1s<\/a><\/div><\/div><!-- wp-show-posts-inner --><\/article><article class=\" wp-show-posts-single post-6076 post type-post status-publish format-standard has-post-thumbnail hentry category-octubre-2021 wpsp-col-4\" itemtype=\"http:\/\/schema.org\/CreativeWork\" itemscope><div class=\"wp-show-posts-inner\" style=\"\">\t\t\t\t\t\t<div class=\"wp-show-posts-entry-summary\" itemprop=\"text\">\n\t\t\t\t\t\t\t<p>Ciudad Victoria, 22 de Octubre de 2021 &#8211; Junto al Dr. V\u00edctor Manuel Rivera Hern\u00e1ndez, Cirujano Pl\u00e1stico, formando parte de la campa\u00f1a \u201cLuz y Vida\u201d, se realiz\u00f3 la primera donaci\u00f3n&#8230;<\/p>\n\t\t\t\t\t\t<\/div><!-- .entry-summary -->\n\t\t\t\t\t<div class=\"wpsp-read-more\"><a title=\"\u00a1Apoyamos a una sobreviviente del c\u00e1ncer de mama!\" class=\"wp-show-posts-read-more\" href=\"http:\/\/www.difvictoria.gob.mx\/index.php\/2021\/10\/22\/apoyamos-a-una-sobreviviente-del-cancer-de-mama\/\">Leer m\u00e1s<\/a><\/div><\/div><!-- wp-show-posts-inner --><\/article><article class=\" wp-show-posts-single post-6079 post type-post status-publish format-standard has-post-thumbnail hentry category-octubre-2021 wpsp-col-4\" itemtype=\"http:\/\/schema.org\/CreativeWork\" itemscope><div class=\"wp-show-posts-inner\" style=\"\">\t\t\t\t\t\t<div class=\"wp-show-posts-entry-summary\" itemprop=\"text\">\n\t\t\t\t\t\t\t<p>Ciudad Victoria, 25 de Octubre de 2021 &#8211; La presidenta del sistema DIF Victoria, Luc\u00eda Rodr\u00edguez de Gatt\u00e1s y su esposo Eduardo Gattas, Presidente Municipal, realizaron la entrega de botes&#8230;<\/p>\n\t\t\t\t\t\t<\/div><!-- .entry-summary -->\n\t\t\t\t\t<div class=\"wpsp-read-more\"><a title=\"\u00a1Iniciamos colecta con causa!\" class=\"wp-show-posts-read-more\" href=\"http:\/\/www.difvictoria.gob.mx\/index.php\/2021\/10\/25\/iniciamos-colecta-con-causa\/\">Leer m\u00e1s<\/a><\/div><\/div><!-- wp-show-posts-inner --><\/article><article class=\" wp-show-posts-single post-6105 post type-post status-publish format-standard has-post-thumbnail hentry category-octubre-2021 wpsp-col-4\" itemtype=\"http:\/\/schema.org\/CreativeWork\" itemscope><div class=\"wp-show-posts-inner\" style=\"\">\t\t\t\t\t\t<div class=\"wp-show-posts-entry-summary\" itemprop=\"text\">\n\t\t\t\t\t\t\t<p>Ciudad Victoria 27 de octubre de 2021 &#8211; El d\u00eda de hoy, la Presidenta del Sistema DIF Victoria Luc\u00eda Rodr\u00edguez de Gatt\u00e1s, visit\u00f3 las instalaciones del Hospital Infantil de Tamaulipas,&#8230;<\/p>\n\t\t\t\t\t\t<\/div><!-- .entry-summary -->\n\t\t\t\t\t<div class=\"wpsp-read-more\"><a title=\"Recorrimos el Hospital Infantil de Tamaulipas\" class=\"wp-show-posts-read-more\" href=\"http:\/\/www.difvictoria.gob.mx\/index.php\/2021\/10\/28\/recorrimos-el-hospital-infantil-de-tamaulipas\/\">Leer m\u00e1s<\/a><\/div><\/div><!-- wp-show-posts-inner --><\/article><div class=\"wpsp-clear\"><\/div><\/section><!-- .wp-show-posts -->\n","protected":false},"excerpt":{"rendered":"","protected":false},"author":1,"featured_media":0,"parent":0,"menu_order":0,"comment_status":"closed","ping_status":"closed","template":"","meta":{"footnotes":""},"class_list":["post-5991","page","type-page","status-publish","hentry"],"_links":{"self":[{"href":"http:\/\/www.difvictoria.gob.mx\/index.php\/wp-json\/wp\/v2\/pages\/5991","targetHints":{"allow":["GET"]}}],"collection":[{"href":"http:\/\/www.difvictoria.gob.mx\/index.php\/wp-json\/wp\/v2\/pages"}],"about":[{"href":"http:\/\/www.difvictoria.gob.mx\/index.php\/wp-json\/wp\/v2\/types\/page"}],"author":[{"embeddable":true,"href":"http:\/\/www.difvictoria.gob.mx\/index.php\/wp-json\/wp\/v2\/users\/1"}],"replies":[{"embeddable":true,"href":"http:\/\/www.difvictoria.gob.mx\/index.php\/wp-json\/wp\/v2\/comments?post=5991"}],"version-history":[{"count":1,"href":"http:\/\/www.difvictoria.gob.mx\/index.php\/wp-json\/wp\/v2\/pages\/5991\/revisions"}],"predecessor-version":[{"id":5992,"href":"http:\/\/www.difvictoria.gob.mx\/index.php\/wp-json\/wp\/v2\/pages\/5991\/revisions\/5992"}],"wp:attachment":[{"href":"http:\/\/www.difvictoria.gob.mx\/index.php\/wp-json\/wp\/v2\/media?parent=5991"}],"curies":[{"name":"wp","href":"https:\/\/api.w.org\/{rel}","templated":true}]}}