{"id":5761,"date":"2021-07-07T12:02:53","date_gmt":"2021-07-07T18:02:53","guid":{"rendered":"http:\/\/www.difvictoria.gob.mx\/?page_id=5761"},"modified":"2021-07-07T12:02:53","modified_gmt":"2021-07-07T18:02:53","slug":"julio-2021","status":"publish","type":"page","link":"http:\/\/www.difvictoria.gob.mx\/index.php\/julio-2021\/","title":{"rendered":"Julio 2021"},"content":{"rendered":"<style>.wp-show-posts-columns#wpsp-5762 {margin-left: -2em; }.wp-show-posts-columns#wpsp-5762 .wp-show-posts-inner {margin: 0 0 2em 2em; }<\/style><section id=\"wpsp-5762\" class=\" wp-show-posts-columns wp-show-posts\" style=\"\"><article class=\" wp-show-posts-single post-5758 post type-post status-publish format-standard has-post-thumbnail hentry category-julio-2021 wpsp-col-3\" itemtype=\"http:\/\/schema.org\/CreativeWork\" itemscope><div class=\"wp-show-posts-inner\" style=\"\">\t\t\t\t\t\t<header class=\"wp-show-posts-entry-header\">\n\t\t\t\t\t\t\t<h2 class=\"wp-show-posts-entry-title\" itemprop=\"headline\"><a href=\"http:\/\/www.difvictoria.gob.mx\/index.php\/2021\/07\/01\/charla-conmemorativa-del-dia-mundial-contra-el-trabajo-infantil\/\" rel=\"bookmark\">Charla conmemorativa del D\u00eda Mundial Contra el Trabajo Infantil<\/a><\/h2><div class=\"wp-show-posts-entry-meta wp-show-posts-entry-meta-below-title post-meta-inline\"><span class=\"wp-show-posts-posted-on wp-show-posts-meta\">\n\t\t\t\t\t<a href=\"http:\/\/www.difvictoria.gob.mx\/index.php\/2021\/07\/01\/charla-conmemorativa-del-dia-mundial-contra-el-trabajo-infantil\/\" title=\"10:51 am\" rel=\"bookmark\"><time class=\"wp-show-posts-entry-date published\" datetime=\"2021-07-01T10:51:28-06:00\" itemprop=\"datePublished\">1 julio, 2021<\/time><time class=\"wp-show-posts-updated\" datetime=\"2021-07-07T12:01:30-06:00\" itemprop=\"dateModified\">7 julio, 2021<\/time><\/a>\n\t\t\t\t<\/span><\/div>\t\t\t\t\t\t<\/header><!-- .entry-header -->\n\t\t\t\t\t\t\t<div class=\"wp-show-posts-image  wpsp-image-center \">\n\t\t\t<a href=\"http:\/\/www.difvictoria.gob.mx\/index.php\/2021\/07\/01\/charla-conmemorativa-del-dia-mundial-contra-el-trabajo-infantil\/\"  title=\"Charla conmemorativa del D\u00eda Mundial Contra el Trabajo Infantil\"><img loading=\"lazy\" decoding=\"async\" width=\"1024\" height=\"683\" src=\"http:\/\/www.difvictoria.gob.mx\/wp-content\/uploads\/2021\/07\/30f75e5b-183b-42c9-80ef-b01e34445c71.jpg\" class=\"attachment-full size-full wp-post-image\" alt=\"\" itemprop=\"image\" srcset=\"http:\/\/www.difvictoria.gob.mx\/wp-content\/uploads\/2021\/07\/30f75e5b-183b-42c9-80ef-b01e34445c71.jpg 1024w, http:\/\/www.difvictoria.gob.mx\/wp-content\/uploads\/2021\/07\/30f75e5b-183b-42c9-80ef-b01e34445c71-300x200.jpg 300w, http:\/\/www.difvictoria.gob.mx\/wp-content\/uploads\/2021\/07\/30f75e5b-183b-42c9-80ef-b01e34445c71-768x512.jpg 768w, http:\/\/www.difvictoria.gob.mx\/wp-content\/uploads\/2021\/07\/30f75e5b-183b-42c9-80ef-b01e34445c71-800x534.jpg 800w\" sizes=\"auto, (max-width: 1024px) 100vw, 1024px\" \/><\/a>\t\t<\/div>\n\t\t\t\t\t\t\t\t<div class=\"wp-show-posts-entry-summary\" itemprop=\"text\">\n\t\t\t\t\t\t\t<p>En DIF Victoria conmemoramos el D\u00eda Mundial Contra el Trabajo Infantil mediante la impartici\u00f3n de una pl\u00e1tica en el Centro en Acci\u00f3n, esto con el objetivo de seguir trabajando por&#8230;<\/p>\n\t\t\t\t\t\t<\/div><!-- .entry-summary -->\n\t\t\t\t\t<div class=\"wpsp-read-more\"><a title=\"Charla conmemorativa del D\u00eda Mundial Contra el Trabajo Infantil\" class=\"wp-show-posts-read-more\" href=\"http:\/\/www.difvictoria.gob.mx\/index.php\/2021\/07\/01\/charla-conmemorativa-del-dia-mundial-contra-el-trabajo-infantil\/\">Leer m\u00e1s<\/a><\/div><\/div><!-- wp-show-posts-inner --><\/article><div class=\"wpsp-clear\"><\/div><\/section><!-- .wp-show-posts -->\n","protected":false},"excerpt":{"rendered":"","protected":false},"author":1,"featured_media":0,"parent":0,"menu_order":0,"comment_status":"closed","ping_status":"closed","template":"","meta":{"footnotes":""},"class_list":["post-5761","page","type-page","status-publish","hentry"],"_links":{"self":[{"href":"http:\/\/www.difvictoria.gob.mx\/index.php\/wp-json\/wp\/v2\/pages\/5761","targetHints":{"allow":["GET"]}}],"collection":[{"href":"http:\/\/www.difvictoria.gob.mx\/index.php\/wp-json\/wp\/v2\/pages"}],"about":[{"href":"http:\/\/www.difvictoria.gob.mx\/index.php\/wp-json\/wp\/v2\/types\/page"}],"author":[{"embeddable":true,"href":"http:\/\/www.difvictoria.gob.mx\/index.php\/wp-json\/wp\/v2\/users\/1"}],"replies":[{"embeddable":true,"href":"http:\/\/www.difvictoria.gob.mx\/index.php\/wp-json\/wp\/v2\/comments?post=5761"}],"version-history":[{"count":1,"href":"http:\/\/www.difvictoria.gob.mx\/index.php\/wp-json\/wp\/v2\/pages\/5761\/revisions"}],"predecessor-version":[{"id":5763,"href":"http:\/\/www.difvictoria.gob.mx\/index.php\/wp-json\/wp\/v2\/pages\/5761\/revisions\/5763"}],"wp:attachment":[{"href":"http:\/\/www.difvictoria.gob.mx\/index.php\/wp-json\/wp\/v2\/media?parent=5761"}],"curies":[{"name":"wp","href":"https:\/\/api.w.org\/{rel}","templated":true}]}}