{"id":5751,"date":"2021-06-16T09:53:33","date_gmt":"2021-06-16T15:53:33","guid":{"rendered":"http:\/\/www.difvictoria.gob.mx\/?page_id=5751"},"modified":"2021-06-16T09:53:33","modified_gmt":"2021-06-16T15:53:33","slug":"junio-2021","status":"publish","type":"page","link":"http:\/\/www.difvictoria.gob.mx\/index.php\/junio-2021\/","title":{"rendered":"Junio 2021"},"content":{"rendered":"<style>.wp-show-posts-columns#wpsp-5750 {margin-left: -2em; }.wp-show-posts-columns#wpsp-5750 .wp-show-posts-inner {margin: 0 0 2em 2em; }<\/style><section id=\"wpsp-5750\" class=\" wp-show-posts-columns wp-show-posts\" style=\"\"><article class=\" wp-show-posts-single post-5755 post type-post status-publish format-standard has-post-thumbnail hentry category-junio-2021 wpsp-col-4\" itemtype=\"http:\/\/schema.org\/CreativeWork\" itemscope><div class=\"wp-show-posts-inner\" style=\"\">\t\t\t\t\t\t<header class=\"wp-show-posts-entry-header\">\n\t\t\t\t\t\t\t<h2 class=\"wp-show-posts-entry-title\" itemprop=\"headline\"><a href=\"http:\/\/www.difvictoria.gob.mx\/index.php\/2021\/06\/28\/3era-entrega-del-programa-canasta-basica-familiar-2021\/\" rel=\"bookmark\">3era Entrega del Programa Canasta B\u00e1sica Familiar 2021<\/a><\/h2><div class=\"wp-show-posts-entry-meta wp-show-posts-entry-meta-below-title post-meta-inline\"><span class=\"wp-show-posts-posted-on wp-show-posts-meta\">\n\t\t\t\t\t<a href=\"http:\/\/www.difvictoria.gob.mx\/index.php\/2021\/06\/28\/3era-entrega-del-programa-canasta-basica-familiar-2021\/\" title=\"2:43 pm\" rel=\"bookmark\"><time class=\"wp-show-posts-entry-date published\" datetime=\"2021-06-28T14:43:53-06:00\" itemprop=\"datePublished\">28 junio, 2021<\/time><\/a>\n\t\t\t\t<\/span><\/div>\t\t\t\t\t\t<\/header><!-- .entry-header -->\n\t\t\t\t\t\t\t<div class=\"wp-show-posts-image  wpsp-image-center \">\n\t\t\t<a href=\"http:\/\/www.difvictoria.gob.mx\/index.php\/2021\/06\/28\/3era-entrega-del-programa-canasta-basica-familiar-2021\/\"  title=\"3era Entrega del Programa Canasta B\u00e1sica Familiar 2021\"><img loading=\"lazy\" decoding=\"async\" width=\"1600\" height=\"1066\" src=\"http:\/\/www.difvictoria.gob.mx\/wp-content\/uploads\/2021\/06\/8486b923-041f-433b-8a13-ff89d87a038e.jpg\" class=\"attachment-full size-full wp-post-image\" alt=\"\" itemprop=\"image\" srcset=\"http:\/\/www.difvictoria.gob.mx\/wp-content\/uploads\/2021\/06\/8486b923-041f-433b-8a13-ff89d87a038e.jpg 1600w, http:\/\/www.difvictoria.gob.mx\/wp-content\/uploads\/2021\/06\/8486b923-041f-433b-8a13-ff89d87a038e-300x200.jpg 300w, http:\/\/www.difvictoria.gob.mx\/wp-content\/uploads\/2021\/06\/8486b923-041f-433b-8a13-ff89d87a038e-1024x682.jpg 1024w, http:\/\/www.difvictoria.gob.mx\/wp-content\/uploads\/2021\/06\/8486b923-041f-433b-8a13-ff89d87a038e-768x512.jpg 768w, http:\/\/www.difvictoria.gob.mx\/wp-content\/uploads\/2021\/06\/8486b923-041f-433b-8a13-ff89d87a038e-1536x1023.jpg 1536w, http:\/\/www.difvictoria.gob.mx\/wp-content\/uploads\/2021\/06\/8486b923-041f-433b-8a13-ff89d87a038e-800x533.jpg 800w\" sizes=\"auto, (max-width: 1600px) 100vw, 1600px\" \/><\/a>\t\t<\/div>\n\t\t\t\t\t\t\t\t<div class=\"wp-show-posts-entry-summary\" itemprop=\"text\">\n\t\t\t\t\t\t\t<p>Dimos el banderazo de arranque de la 3era Entrega del Programa de Canasta B\u00e1sica Familiar 2021 en compa\u00f1\u00eda de la alcaldesa Pilar G\u00f3mez, quien ofreci\u00f3 unas palabras a los beneficiarios&#8230;<\/p>\n\t\t\t\t\t\t<\/div><!-- .entry-summary -->\n\t\t\t\t\t<div class=\"wpsp-read-more\"><a title=\"3era Entrega del Programa Canasta B\u00e1sica Familiar 2021\" class=\"wp-show-posts-read-more\" href=\"http:\/\/www.difvictoria.gob.mx\/index.php\/2021\/06\/28\/3era-entrega-del-programa-canasta-basica-familiar-2021\/\">Leer m\u00e1s<\/a><\/div><\/div><!-- wp-show-posts-inner --><\/article><div class=\"wpsp-clear\"><\/div><\/section><!-- .wp-show-posts -->\n","protected":false},"excerpt":{"rendered":"","protected":false},"author":1,"featured_media":0,"parent":0,"menu_order":0,"comment_status":"closed","ping_status":"closed","template":"","meta":{"footnotes":""},"class_list":["post-5751","page","type-page","status-publish","hentry"],"_links":{"self":[{"href":"http:\/\/www.difvictoria.gob.mx\/index.php\/wp-json\/wp\/v2\/pages\/5751","targetHints":{"allow":["GET"]}}],"collection":[{"href":"http:\/\/www.difvictoria.gob.mx\/index.php\/wp-json\/wp\/v2\/pages"}],"about":[{"href":"http:\/\/www.difvictoria.gob.mx\/index.php\/wp-json\/wp\/v2\/types\/page"}],"author":[{"embeddable":true,"href":"http:\/\/www.difvictoria.gob.mx\/index.php\/wp-json\/wp\/v2\/users\/1"}],"replies":[{"embeddable":true,"href":"http:\/\/www.difvictoria.gob.mx\/index.php\/wp-json\/wp\/v2\/comments?post=5751"}],"version-history":[{"count":1,"href":"http:\/\/www.difvictoria.gob.mx\/index.php\/wp-json\/wp\/v2\/pages\/5751\/revisions"}],"predecessor-version":[{"id":5752,"href":"http:\/\/www.difvictoria.gob.mx\/index.php\/wp-json\/wp\/v2\/pages\/5751\/revisions\/5752"}],"wp:attachment":[{"href":"http:\/\/www.difvictoria.gob.mx\/index.php\/wp-json\/wp\/v2\/media?parent=5751"}],"curies":[{"name":"wp","href":"https:\/\/api.w.org\/{rel}","templated":true}]}}