{"id":459,"date":"2018-12-03T20:26:38","date_gmt":"2018-12-04T02:26:38","guid":{"rendered":"http:\/\/www.difvictoria.gob.mx\/?page_id=459"},"modified":"2018-12-03T22:34:37","modified_gmt":"2018-12-04T04:34:37","slug":"seguimiento-educativo-sin-limites","status":"publish","type":"page","link":"http:\/\/www.difvictoria.gob.mx\/index.php\/seguimiento-educativo-sin-limites\/","title":{"rendered":"Seguimiento Educativo Becas &#8220;Sin L\u00edmites&#8221;"},"content":{"rendered":"<p><strong>Introducci\u00f3n<\/strong><\/p>\n<p>En Ciudad Victoria, Tamaulipas, existe un gran porcentaje de poblaci\u00f3n con discapacidad por lo que es necesario detectar en las escuelas a los ni\u00f1os y j\u00f3venes con discapacidad motora, visual, auditiva e intelectual leve integrados al sistema educativo regular en los niveles de primaria, secundaria y educaci\u00f3n media superior, con la finalidad de dar seguimiento educativo y motivar su integraci\u00f3n a una carrera universitaria.<\/p>\n<p><strong>Objetivo<\/strong><\/p>\n<p>Convocar en coordinaci\u00f3n con el DIF Tamaulipas y el ITABEC contribuir al ingreso, permanecer y seguimiento educativo de la poblaci\u00f3n con discapacidad mediante el otorgamiento de un estimulo econ\u00f3mico a estudiantes de educaci\u00f3n b\u00e1sica, medio superior y superior.<\/p>\n<p><strong>Poblaci\u00f3n beneficiada<\/strong><\/p>\n<p>Estudiantes con discapacidad motora, visual o auditiva y\/o intelectual leve, integrados en el sistema regular y en sistema abierto de educaci\u00f3n.<\/p>\n<p><strong>Cobertura<\/strong><\/p>\n<p>Municipio de Victoria<\/p>\n<p><strong>Convocatoria<\/strong><\/p>\n<p>Es publicada por parte del Instituto Tamaulipeco de Becas, Est\u00edmulos y Cr\u00e9ditos Educativos, la participaci\u00f3n del DIF Municipal es la recepci\u00f3n, revisi\u00f3n e inscripci\u00f3n en la plataforma del Instituto, entrega de documentaci\u00f3n al CREE DIF del Estado.<\/p>\n","protected":false},"excerpt":{"rendered":"<p>Introducci\u00f3n En Ciudad Victoria, Tamaulipas, existe un gran porcentaje de poblaci\u00f3n con discapacidad por lo que es necesario detectar en las escuelas a los ni\u00f1os y j\u00f3venes con discapacidad motora, visual, auditiva e intelectual leve integrados al sistema educativo regular en los niveles de primaria, secundaria y educaci\u00f3n media superior, con la finalidad de dar seguimiento educativo y motivar su&hellip;<\/p>\n","protected":false},"author":1,"featured_media":0,"parent":0,"menu_order":0,"comment_status":"closed","ping_status":"closed","template":"","meta":{"footnotes":""},"class_list":["post-459","page","type-page","status-publish","hentry"],"_links":{"self":[{"href":"http:\/\/www.difvictoria.gob.mx\/index.php\/wp-json\/wp\/v2\/pages\/459","targetHints":{"allow":["GET"]}}],"collection":[{"href":"http:\/\/www.difvictoria.gob.mx\/index.php\/wp-json\/wp\/v2\/pages"}],"about":[{"href":"http:\/\/www.difvictoria.gob.mx\/index.php\/wp-json\/wp\/v2\/types\/page"}],"author":[{"embeddable":true,"href":"http:\/\/www.difvictoria.gob.mx\/index.php\/wp-json\/wp\/v2\/users\/1"}],"replies":[{"embeddable":true,"href":"http:\/\/www.difvictoria.gob.mx\/index.php\/wp-json\/wp\/v2\/comments?post=459"}],"version-history":[{"count":3,"href":"http:\/\/www.difvictoria.gob.mx\/index.php\/wp-json\/wp\/v2\/pages\/459\/revisions"}],"predecessor-version":[{"id":509,"href":"http:\/\/www.difvictoria.gob.mx\/index.php\/wp-json\/wp\/v2\/pages\/459\/revisions\/509"}],"wp:attachment":[{"href":"http:\/\/www.difvictoria.gob.mx\/index.php\/wp-json\/wp\/v2\/media?parent=459"}],"curies":[{"name":"wp","href":"https:\/\/api.w.org\/{rel}","templated":true}]}}