{"id":458,"date":"2018-12-03T20:26:37","date_gmt":"2018-12-04T02:26:37","guid":{"rendered":"http:\/\/www.difvictoria.gob.mx\/?page_id=458"},"modified":"2018-12-03T22:13:10","modified_gmt":"2018-12-04T04:13:10","slug":"credencial-nacional-para-personas-con-discapacidad-crenaped","status":"publish","type":"page","link":"http:\/\/www.difvictoria.gob.mx\/index.php\/credencial-nacional-para-personas-con-discapacidad-crenaped\/","title":{"rendered":"Credencial nacional para personas con discapacidad (CRENAPED)"},"content":{"rendered":"<p><strong>Introducci\u00f3n<\/strong><\/p>\n<p>Es una identificaci\u00f3n con validez oficial con reconocimiento nacional para personas con discapacidad permanentes con el objetivo de beneficiar la econom\u00eda de sus familias a trav\u00e9s de convenios de descuentos en algunos establecimientos, en pago de servicios como predio, agua, tenencia, y tr\u00e1mites, adem\u00e1s de llevar un registro de datos confiable que se sumar\u00e1 a un registro nacional que permitir\u00e1 el an\u00e1lisis de los tipos de discapacidad, nivel educativo, acceso a trabajo y educaci\u00f3n.<\/p>\n<p>Contar con una base de datos que respalde la condici\u00f3n de las personas con discapacidad permanente , para que as\u00ed, el Sistema DIF Victoria promueva beneficios y servicios preferenciales para este grupo de personas en nuestra sociedad.<\/p>\n<p><strong>Objetivo<\/strong><\/p>\n<p><strong>\u00a0<\/strong>Otorgar un documento oficial con validez nacional en el cual se identifique la discapacidad ya sea, intelectual, auditiva, visual o motriz de una persona, y con la cual pueda optimizar alg\u00fan tr\u00e1mite o servicio.<\/p>\n<p><strong>Cobert<\/strong><strong>ura<\/strong><\/p>\n<p>Municipio \u00a0de Victoria<\/p>\n<p><strong>Poblaci\u00f3n <\/strong><strong>y <\/strong><strong>requisitos<\/strong><\/p>\n<p>Hombres y mujeres de cualquier edad con discapacidad intelectual, auditiva, visual y motora.<\/p>\n","protected":false},"excerpt":{"rendered":"<p>Introducci\u00f3n Es una identificaci\u00f3n con validez oficial con reconocimiento nacional para personas con discapacidad permanentes con el objetivo de beneficiar la econom\u00eda de sus familias a trav\u00e9s de convenios de descuentos en algunos establecimientos, en pago de servicios como predio, agua, tenencia, y tr\u00e1mites, adem\u00e1s de llevar un registro de datos confiable que se sumar\u00e1 a un registro nacional que&hellip;<\/p>\n","protected":false},"author":1,"featured_media":0,"parent":0,"menu_order":0,"comment_status":"closed","ping_status":"closed","template":"","meta":{"footnotes":""},"class_list":["post-458","page","type-page","status-publish","hentry"],"_links":{"self":[{"href":"http:\/\/www.difvictoria.gob.mx\/index.php\/wp-json\/wp\/v2\/pages\/458","targetHints":{"allow":["GET"]}}],"collection":[{"href":"http:\/\/www.difvictoria.gob.mx\/index.php\/wp-json\/wp\/v2\/pages"}],"about":[{"href":"http:\/\/www.difvictoria.gob.mx\/index.php\/wp-json\/wp\/v2\/types\/page"}],"author":[{"embeddable":true,"href":"http:\/\/www.difvictoria.gob.mx\/index.php\/wp-json\/wp\/v2\/users\/1"}],"replies":[{"embeddable":true,"href":"http:\/\/www.difvictoria.gob.mx\/index.php\/wp-json\/wp\/v2\/comments?post=458"}],"version-history":[{"count":4,"href":"http:\/\/www.difvictoria.gob.mx\/index.php\/wp-json\/wp\/v2\/pages\/458\/revisions"}],"predecessor-version":[{"id":504,"href":"http:\/\/www.difvictoria.gob.mx\/index.php\/wp-json\/wp\/v2\/pages\/458\/revisions\/504"}],"wp:attachment":[{"href":"http:\/\/www.difvictoria.gob.mx\/index.php\/wp-json\/wp\/v2\/media?parent=458"}],"curies":[{"name":"wp","href":"https:\/\/api.w.org\/{rel}","templated":true}]}}