{"id":454,"date":"2018-12-03T20:26:36","date_gmt":"2018-12-04T02:26:36","guid":{"rendered":"http:\/\/www.difvictoria.gob.mx\/?page_id=454"},"modified":"2018-12-04T06:56:27","modified_gmt":"2018-12-04T12:56:27","slug":"dotacion-sin-limites","status":"publish","type":"page","link":"http:\/\/www.difvictoria.gob.mx\/index.php\/dotacion-sin-limites\/","title":{"rendered":"Dotaci\u00f3n &#8220;Sin L\u00edmites&#8221;"},"content":{"rendered":"<p><strong>Introducci\u00f3n:<\/strong><\/p>\n<p>Con la finalidad de mejorar las condiciones de vida de las personas con discapacidad y sus familiares, la Sra. Mariana G\u00f3mez de Garc\u00eda Cabeza de Vaca, Presidenta del Sistema DIF Tamaulipas, a trav\u00e9s del programa Atenci\u00f3n a Personas con Discapacidad &#8220;SIN LIMITES&#8221;, pone en marcha la entrega bimestral de 240 pa\u00f1ales, 8 paquetes de suplemento alimenticio y dos paquetes de toallas h\u00famedas para personas con discapacidad severa postradas en cama y en condiciones de pobreza extrema.<\/p>\n<p><strong>Objetivo:<\/strong><\/p>\n<p>Apoyar a la poblaci\u00f3n con discapacidad motriz o intelectual severa en condiciones de pobreza extrema en el municipio de Victoria, mensualmente con pa\u00f1ales, suplemento alimenticio y toallas h\u00famedas.<\/p>\n<p><strong>Cobertura:<\/strong><\/p>\n<p>Todo el Municipio de Victoria incluyendo el \u00e1rea rural.<\/p>\n<p><strong>Criterios y Requisitos de Elegibilidad.<\/strong><\/p>\n<p><strong>\u00a0<\/strong>1.- El DIF Victoria enviar\u00e1 una solicitud para incluir a las personas con discapacidad que re\u00fanan las caracter\u00edsticas que se establecen en el manual de operatividad dirigida a la Presidenta del Patronato del Sistema DIF Tamaulipas, la Sra. Mariana G\u00f3mez de Garc\u00eda Cabeza de Vaca<\/p>\n<p>2.- Contar con el Padr\u00f3n de beneficiarios, elaborando una base aun previo an\u00e1lisis de la\u00a0situaci\u00f3n de la persona aspirante mediante c\u00e9dula \u00fanica que distribuye el DIF Tamaulipas.<\/p>\n<p>3.- La poblaci\u00f3n que pretenda ser beneficiada con este programa debe cumplir con las condiciones de vulnerabilidad que se establece en la poblaci\u00f3n objetivo y que son definidas en la Ley sobre el Sistema Estatal de Asistencia Social del Estado de Tamaulipas.<\/p>\n<p>4.- Las personas que reciban apoyo de este programa no deber\u00e1n ser beneficiarios de otro programa similar.<\/p>\n<p>5.- La condici\u00f3n de vulnerabilidad deber\u00e1 justificarse con base en el estudio socioecon\u00f3mico antes mencionado, bajo la responsabilidad del Sistema DIF Victoria, en donde expresamente se muestre que existe una vulnerabilidad latente que no permite a la persona la completa satisfacci\u00f3n de sus necesidades alimenticias y de higiene personal por sus propios medios.<\/p>\n<p><strong>Criterios de selecci\u00f3n<\/strong><\/p>\n<p>1) Para seleccionar a los beneficiarios de este programa, el DIF Victoria debe realizar una b\u00fasqueda por las localidades, colonias, ejidos y comunidades, detectando a las personas con discapacidad que se encuentren postradas en cama y en pobreza extrema. Debe realizar un estudio socioecon\u00f3mico a cada beneficiario (Formato entregado por DIF Tamaulipas) que incluye una fotograf\u00eda para crear su registro y determinar si el beneficiario requiere el apoyo de esta modalidad.<\/p>\n<p>2)El Sistema DIF Estatal recibir\u00e1 las solicitudes que integran el padr\u00f3n de beneficiarios constituido como resultado de los estudios socioecon\u00f3micos y el an\u00e1lisis correspondiente por parte del Sistema DIF Victoria.<\/p>\n<p>3)El Sistema DIF Tamaulipas se encargar\u00e1 de hacer la dotaci\u00f3n extraordinaria personalmente a los beneficiarios de manera bimestral, buscando as\u00ed eficientar la entrega y el recurso asignado para dicho programa.<\/p>\n<p>4)El Sistema DIF Victoria deber\u00e1 enviar el padr\u00f3n de beneficiarios con todos los datos en el formato establecido por el DIF Estatal y deber\u00e1 reportar las nuevas solicitudes que se acumulen durante el mes.<\/p>\n<p>5)Debido a las condiciones socioecon\u00f3micas de la poblaci\u00f3n objetivo de este programa, el Sistema DIF Tamaulipas <strong>DONARA<\/strong> la dotaci\u00f3n &#8220;Sin L\u00edmites&#8221;. Por ning\u00fan motivo se debe cobrar cuota de recuperaci\u00f3n.\u00a0 Si se detecta esta irregularidad se tomaran las medidas pertinentes.<\/p>\n<p>6)Solamente recibir\u00e1n la dotaci\u00f3n &#8220;Sin L\u00edmites&#8221; las personas con discapacidad enlistados en el Padr\u00f3n de Beneficiarios.<\/p>\n","protected":false},"excerpt":{"rendered":"<p>Introducci\u00f3n: Con la finalidad de mejorar las condiciones de vida de las personas con discapacidad y sus familiares, la Sra. Mariana G\u00f3mez de Garc\u00eda Cabeza de Vaca, Presidenta del Sistema DIF Tamaulipas, a trav\u00e9s del programa Atenci\u00f3n a Personas con Discapacidad &#8220;SIN LIMITES&#8221;, pone en marcha la entrega bimestral de 240 pa\u00f1ales, 8 paquetes de suplemento alimenticio y dos paquetes&hellip;<\/p>\n","protected":false},"author":1,"featured_media":0,"parent":0,"menu_order":0,"comment_status":"closed","ping_status":"closed","template":"","meta":{"footnotes":""},"class_list":["post-454","page","type-page","status-publish","hentry"],"_links":{"self":[{"href":"http:\/\/www.difvictoria.gob.mx\/index.php\/wp-json\/wp\/v2\/pages\/454","targetHints":{"allow":["GET"]}}],"collection":[{"href":"http:\/\/www.difvictoria.gob.mx\/index.php\/wp-json\/wp\/v2\/pages"}],"about":[{"href":"http:\/\/www.difvictoria.gob.mx\/index.php\/wp-json\/wp\/v2\/types\/page"}],"author":[{"embeddable":true,"href":"http:\/\/www.difvictoria.gob.mx\/index.php\/wp-json\/wp\/v2\/users\/1"}],"replies":[{"embeddable":true,"href":"http:\/\/www.difvictoria.gob.mx\/index.php\/wp-json\/wp\/v2\/comments?post=454"}],"version-history":[{"count":6,"href":"http:\/\/www.difvictoria.gob.mx\/index.php\/wp-json\/wp\/v2\/pages\/454\/revisions"}],"predecessor-version":[{"id":511,"href":"http:\/\/www.difvictoria.gob.mx\/index.php\/wp-json\/wp\/v2\/pages\/454\/revisions\/511"}],"wp:attachment":[{"href":"http:\/\/www.difvictoria.gob.mx\/index.php\/wp-json\/wp\/v2\/media?parent=454"}],"curies":[{"name":"wp","href":"https:\/\/api.w.org\/{rel}","templated":true}]}}