{"id":453,"date":"2018-12-03T20:26:36","date_gmt":"2018-12-04T02:26:36","guid":{"rendered":"http:\/\/www.difvictoria.gob.mx\/?page_id=453"},"modified":"2018-12-03T21:39:04","modified_gmt":"2018-12-04T03:39:04","slug":"servicio-de-taxi-sin-limites","status":"publish","type":"page","link":"http:\/\/www.difvictoria.gob.mx\/index.php\/servicio-de-taxi-sin-limites\/","title":{"rendered":"Servicio de Taxi &#8220;Sin L\u00edmites&#8221;"},"content":{"rendered":"<p><strong>Introducci\u00f3n:<\/strong><\/p>\n<p>Transporte p\u00fablico, con rampa de ascenso y descenso para facilitar el traslado de personas con discapacidad, el cual tiene un costo m\u00ednimo de recuperaci\u00f3n dependiendo a la zona de traslado.<\/p>\n<p><strong>Objetivo:<\/strong><\/p>\n<p><strong>\u00a0<\/strong>Proporcionar a las personas con discapacidad del municipio de Victoria un servicio de taxi adaptado con rampa para silla de ruedas que facilite el traslado de los solicitantes, a un bajo \u00a0costo.<\/p>\n<p><strong>P<\/strong><strong>oblaci\u00f3n Objetivo:<\/strong><\/p>\n<p>Poblaci\u00f3n con discapacidad motriz, visual, auditiva e intelectual y adultos mayores.<\/p>\n<p><strong>Cobertura:<\/strong><\/p>\n<p>Opera dentro del \u00e1rea urbana del municipio de Victoria, se cuenta con dos unidades.<\/p>\n","protected":false},"excerpt":{"rendered":"<p>Introducci\u00f3n: Transporte p\u00fablico, con rampa de ascenso y descenso para facilitar el traslado de personas con discapacidad, el cual tiene un costo m\u00ednimo de recuperaci\u00f3n dependiendo a la zona de traslado. Objetivo: \u00a0Proporcionar a las personas con discapacidad del municipio de Victoria un servicio de taxi adaptado con rampa para silla de ruedas que facilite el traslado de los solicitantes,&hellip;<\/p>\n","protected":false},"author":1,"featured_media":0,"parent":0,"menu_order":0,"comment_status":"closed","ping_status":"closed","template":"","meta":{"footnotes":""},"class_list":["post-453","page","type-page","status-publish","hentry"],"_links":{"self":[{"href":"http:\/\/www.difvictoria.gob.mx\/index.php\/wp-json\/wp\/v2\/pages\/453","targetHints":{"allow":["GET"]}}],"collection":[{"href":"http:\/\/www.difvictoria.gob.mx\/index.php\/wp-json\/wp\/v2\/pages"}],"about":[{"href":"http:\/\/www.difvictoria.gob.mx\/index.php\/wp-json\/wp\/v2\/types\/page"}],"author":[{"embeddable":true,"href":"http:\/\/www.difvictoria.gob.mx\/index.php\/wp-json\/wp\/v2\/users\/1"}],"replies":[{"embeddable":true,"href":"http:\/\/www.difvictoria.gob.mx\/index.php\/wp-json\/wp\/v2\/comments?post=453"}],"version-history":[{"count":3,"href":"http:\/\/www.difvictoria.gob.mx\/index.php\/wp-json\/wp\/v2\/pages\/453\/revisions"}],"predecessor-version":[{"id":491,"href":"http:\/\/www.difvictoria.gob.mx\/index.php\/wp-json\/wp\/v2\/pages\/453\/revisions\/491"}],"wp:attachment":[{"href":"http:\/\/www.difvictoria.gob.mx\/index.php\/wp-json\/wp\/v2\/media?parent=453"}],"curies":[{"name":"wp","href":"https:\/\/api.w.org\/{rel}","templated":true}]}}