{"id":452,"date":"2018-12-03T20:26:36","date_gmt":"2018-12-04T02:26:36","guid":{"rendered":"http:\/\/www.difvictoria.gob.mx\/?page_id=452"},"modified":"2018-12-03T21:35:29","modified_gmt":"2018-12-04T03:35:29","slug":"ruta-sin-limites","status":"publish","type":"page","link":"http:\/\/www.difvictoria.gob.mx\/index.php\/ruta-sin-limites\/","title":{"rendered":"Ruta &#8220;Sin L\u00edmites&#8221;"},"content":{"rendered":"<p><strong>Introducci\u00f3n:<\/strong><\/p>\n<p>Cubrir en su totalidad al municipio de Victoria con la ruta INTEGRA, para as\u00ed brindar a las personas con discapacidad un servicio de transporte adaptado de calidad que les facilite el traslado a los diferentes puntos de la ciudad, con la finalidad de promover la autonom\u00eda personal y la dependencia de las personas con discapacidad y crear la integraci\u00f3n social.<\/p>\n<h1>Objetivo:<\/h1>\n<p><strong>\u00a0<\/strong>Proporcionar a las personas con discapacidad un servicio de transporte adaptado que facilite el traslado a los servicios y programas de los Sistemas DIF en el Municipio, Centros de Rehabilitaci\u00f3n, Unidades Deportivas, Actividades Cultura les para su integraci\u00f3n con la sociedad y promover la autonom\u00eda personal y prevenir la dependencia de fas personas con discapacidad que utilicen este medio de transporte.<\/p>\n<p><strong>P<\/strong><strong>oblaci\u00f3n Objetivo:<\/strong><\/p>\n<p>Poblaci\u00f3n con discapacidad motriz, visual, auditiva e intelectual y adultos mayores.<\/p>\n<p><strong>Cobertura:<\/strong><\/p>\n<p>Opera en el municipio de Victoria as\u00ed como en la zona rural ubicada al norponiente de la ciudad, beneficiando a los ejidos Juan Rinc\u00f3n, Santa Ana, Rancho Nuevo, La Misi\u00f3n, La Presa y La Libertad.<\/p>\n","protected":false},"excerpt":{"rendered":"<p>Introducci\u00f3n: Cubrir en su totalidad al municipio de Victoria con la ruta INTEGRA, para as\u00ed brindar a las personas con discapacidad un servicio de transporte adaptado de calidad que les facilite el traslado a los diferentes puntos de la ciudad, con la finalidad de promover la autonom\u00eda personal y la dependencia de las personas con discapacidad y crear la integraci\u00f3n&hellip;<\/p>\n","protected":false},"author":1,"featured_media":0,"parent":0,"menu_order":0,"comment_status":"closed","ping_status":"closed","template":"","meta":{"footnotes":""},"class_list":["post-452","page","type-page","status-publish","hentry"],"_links":{"self":[{"href":"http:\/\/www.difvictoria.gob.mx\/index.php\/wp-json\/wp\/v2\/pages\/452","targetHints":{"allow":["GET"]}}],"collection":[{"href":"http:\/\/www.difvictoria.gob.mx\/index.php\/wp-json\/wp\/v2\/pages"}],"about":[{"href":"http:\/\/www.difvictoria.gob.mx\/index.php\/wp-json\/wp\/v2\/types\/page"}],"author":[{"embeddable":true,"href":"http:\/\/www.difvictoria.gob.mx\/index.php\/wp-json\/wp\/v2\/users\/1"}],"replies":[{"embeddable":true,"href":"http:\/\/www.difvictoria.gob.mx\/index.php\/wp-json\/wp\/v2\/comments?post=452"}],"version-history":[{"count":3,"href":"http:\/\/www.difvictoria.gob.mx\/index.php\/wp-json\/wp\/v2\/pages\/452\/revisions"}],"predecessor-version":[{"id":489,"href":"http:\/\/www.difvictoria.gob.mx\/index.php\/wp-json\/wp\/v2\/pages\/452\/revisions\/489"}],"wp:attachment":[{"href":"http:\/\/www.difvictoria.gob.mx\/index.php\/wp-json\/wp\/v2\/media?parent=452"}],"curies":[{"name":"wp","href":"https:\/\/api.w.org\/{rel}","templated":true}]}}