{"id":451,"date":"2018-12-03T20:26:35","date_gmt":"2018-12-04T02:26:35","guid":{"rendered":"http:\/\/www.difvictoria.gob.mx\/?page_id=451"},"modified":"2018-12-03T21:30:42","modified_gmt":"2018-12-04T03:30:42","slug":"inclusion-sin-limites","status":"publish","type":"page","link":"http:\/\/www.difvictoria.gob.mx\/index.php\/inclusion-sin-limites\/","title":{"rendered":"Inclusi\u00f3n &#8220;Sin L\u00edmites&#8221;"},"content":{"rendered":"<p><b>INTRODUCCI\u00d3N<\/b><\/p>\n<p>El Programa de Atenci\u00f3n a Personas con Discapacidad &#8220;Sin L\u00edmite&#8221; del Sistema DIF Victoria trabajar\u00e1 en forma coordinada con los diversos sectores y organizaciones de la sociedad victorense, para crear una cultura solidaria en beneficio de familias y sujetos excluidos en situaci\u00f3n de vulnerabilidad, para desarrollar programas que les permitan mejorar sus condiciones de vida y disfrutar de forma plena sus derechos, as\u00ed mismo ejecutar\u00e1 la asistencia social mediante modelos innovadores, con enfoque humano para ofrecer soluciones a familias y personas que se encuentran excluidos del bienestar y derechos, a trav\u00e9s de programas destinados a rescatarlos de su vulnerabilidad, prevenir incidencias y potenciar sus capacidades para incluirlos al desarrollo mediante la gesti\u00f3n de programas integrales con criterios de calidad.<\/p>\n<p>&nbsp;<\/p>\n<p><strong>O<\/strong><strong>BJETIVO<\/strong><\/p>\n<p>Promover la incorporaci\u00f3n al desarrollo de las personas con discapacidad en\u00a0 nuestro municipio, bas\u00e1ndose en una cultura de respeto hacia sus derechos humanos, en equidad de condiciones y accesibilidad, para mejorar su calidad de vida y la de su familia.<\/p>\n<p>&nbsp;<\/p>\n<p>&nbsp;<\/p>\n<p><strong>MARCO <\/strong><strong>JU<\/strong><strong>R\u00cd<\/strong><strong>DI<\/strong><strong>CO<\/strong><\/p>\n<p><strong>\u00a0<\/strong>Constituci\u00f3n Pol\u00edtica Estados Unidos Mexicanos.<\/p>\n<p>Constituci\u00f3n Pol\u00edtica Estado de Tamaulipas.<\/p>\n<p>Para el Desarrollo Familiar de Tamaulipas.<\/p>\n<p>De los derechos de las ni\u00f1as, ni\u00f1os, y adolescentes del Estado de Tamaulipas<\/p>\n<p>De las instituciones de asistencia social para el Estado de Tamaulipas<\/p>\n<p>De los derechos de las personas adultas mayores en el Estado de Tamaulipas<\/p>\n<p>De la Comisi\u00f3n de los Derechos Humanos del Estado de Tamaulipas<\/p>\n<p>De la Integraci\u00f3n de Personas con Discapacidad.<\/p>\n<p>Protecci\u00f3n de Datos Personas en Posesi\u00f3n de Sujetos Obligados del Estado de\u00a0Tamaulipas.<\/p>\n","protected":false},"excerpt":{"rendered":"<p>INTRODUCCI\u00d3N El Programa de Atenci\u00f3n a Personas con Discapacidad &#8220;Sin L\u00edmite&#8221; del Sistema DIF Victoria trabajar\u00e1 en forma coordinada con los diversos sectores y organizaciones de la sociedad victorense, para crear una cultura solidaria en beneficio de familias y sujetos excluidos en situaci\u00f3n de vulnerabilidad, para desarrollar programas que les permitan mejorar sus condiciones de vida y disfrutar de forma&hellip;<\/p>\n","protected":false},"author":1,"featured_media":0,"parent":0,"menu_order":0,"comment_status":"closed","ping_status":"closed","template":"","meta":{"footnotes":""},"class_list":["post-451","page","type-page","status-publish","hentry"],"_links":{"self":[{"href":"http:\/\/www.difvictoria.gob.mx\/index.php\/wp-json\/wp\/v2\/pages\/451","targetHints":{"allow":["GET"]}}],"collection":[{"href":"http:\/\/www.difvictoria.gob.mx\/index.php\/wp-json\/wp\/v2\/pages"}],"about":[{"href":"http:\/\/www.difvictoria.gob.mx\/index.php\/wp-json\/wp\/v2\/types\/page"}],"author":[{"embeddable":true,"href":"http:\/\/www.difvictoria.gob.mx\/index.php\/wp-json\/wp\/v2\/users\/1"}],"replies":[{"embeddable":true,"href":"http:\/\/www.difvictoria.gob.mx\/index.php\/wp-json\/wp\/v2\/comments?post=451"}],"version-history":[{"count":3,"href":"http:\/\/www.difvictoria.gob.mx\/index.php\/wp-json\/wp\/v2\/pages\/451\/revisions"}],"predecessor-version":[{"id":487,"href":"http:\/\/www.difvictoria.gob.mx\/index.php\/wp-json\/wp\/v2\/pages\/451\/revisions\/487"}],"wp:attachment":[{"href":"http:\/\/www.difvictoria.gob.mx\/index.php\/wp-json\/wp\/v2\/media?parent=451"}],"curies":[{"name":"wp","href":"https:\/\/api.w.org\/{rel}","templated":true}]}}