{"id":374,"date":"2018-11-28T21:22:53","date_gmt":"2018-11-29T03:22:53","guid":{"rendered":"http:\/\/www.difvictoria.gob.mx\/?page_id=374"},"modified":"2019-04-25T12:49:42","modified_gmt":"2019-04-25T18:49:42","slug":"xxx-las-estadisticas-que-generen-en-cumplimiento-de-sus-facultades-competencias-o-funciones-con-la-mayor-desagregacion-posible","status":"publish","type":"page","link":"http:\/\/www.difvictoria.gob.mx\/index.php\/xxx-las-estadisticas-que-generen-en-cumplimiento-de-sus-facultades-competencias-o-funciones-con-la-mayor-desagregacion-posible\/","title":{"rendered":"XXX. Las estad\u00edsticas que generen en cumplimiento de sus facultades, competencias o funciones con la mayor desagregaci\u00f3n posible"},"content":{"rendered":"<p><img loading=\"lazy\" decoding=\"async\" class=\"size-medium wp-image-191 aligncenter\" src=\"http:\/\/www.difvictoria.gob.mx\/wp-content\/uploads\/2018\/11\/Transparencia-Horizotnal-300x28.jpg\" alt=\"\" width=\"300\" height=\"28\" srcset=\"http:\/\/www.difvictoria.gob.mx\/wp-content\/uploads\/2018\/11\/Transparencia-Horizotnal-300x28.jpg 300w, http:\/\/www.difvictoria.gob.mx\/wp-content\/uploads\/2018\/11\/Transparencia-Horizotnal-768x71.jpg 768w, http:\/\/www.difvictoria.gob.mx\/wp-content\/uploads\/2018\/11\/Transparencia-Horizotnal-1024x94.jpg 1024w, http:\/\/www.difvictoria.gob.mx\/wp-content\/uploads\/2018\/11\/Transparencia-Horizotnal-800x74.jpg 800w\" sizes=\"auto, (max-width: 300px) 100vw, 300px\" \/><\/p>\n<p><img loading=\"lazy\" decoding=\"async\" class=\"alignnone size-medium wp-image-197\" src=\"http:\/\/www.difvictoria.gob.mx\/wp-content\/uploads\/2018\/11\/transparencia-dif-300x49.jpg\" alt=\"\" width=\"300\" height=\"49\" srcset=\"http:\/\/www.difvictoria.gob.mx\/wp-content\/uploads\/2018\/11\/transparencia-dif-300x49.jpg 300w, http:\/\/www.difvictoria.gob.mx\/wp-content\/uploads\/2018\/11\/transparencia-dif-768x125.jpg 768w, http:\/\/www.difvictoria.gob.mx\/wp-content\/uploads\/2018\/11\/transparencia-dif-1024x166.jpg 1024w, http:\/\/www.difvictoria.gob.mx\/wp-content\/uploads\/2018\/11\/transparencia-dif-800x130.jpg 800w, http:\/\/www.difvictoria.gob.mx\/wp-content\/uploads\/2018\/11\/transparencia-dif.jpg 1184w\" sizes=\"auto, (max-width: 300px) 100vw, 300px\" \/><\/p>\n<p><img loading=\"lazy\" decoding=\"async\" class=\"size-full wp-image-296 aligncenter\" src=\"http:\/\/www.difvictoria.gob.mx\/wp-content\/uploads\/2018\/11\/30-Estadistica-generadas.png\" alt=\"\" width=\"99\" height=\"99\" \/><\/p>\n<table>\n<tbody>\n<tr>\n<td width=\"623\">\n<p style=\"text-align: center;\">2<strong>019<\/strong><\/p>\n<\/td>\n<td style=\"text-align: center;\" width=\"623\"><strong>2018<\/strong><\/td>\n<td width=\"623\">\n<p style=\"text-align: center;\"><strong>XXX<\/strong><\/p>\n<\/td>\n<\/tr>\n<tr>\n<td width=\"623\"><a style=\"color: #0f3647; font-size: 14px;\" href=\"http:\/\/www.difvictoria.gob.mx\/wp-content\/uploads\/2019\/04\/LTAIPET-A67FXXX-Estadisticas-generadas.xlsx\">XXX. Las estad\u00edsticas que generen en cumplimiento de sus facultades, competencias o funciones con la mayor desagregaci\u00f3n posible;- 2019<\/a><\/td>\n<td width=\"623\"><a style=\"color: #0f3647; font-size: 14px;\" href=\"http:\/\/www.difvictoria.gob.mx\/wp-content\/uploads\/2019\/02\/LTAIPET-A67FXXX-Estadisticas-generadas.xlsx\">XXX. Las estad\u00edsticas que generen en cumplimiento de sus facultades, competencias o funciones con la mayor desagregaci\u00f3n posible;- 2018<\/a><\/td>\n<td width=\"623\"><a style=\"color: #0f3647; font-size: 14px;\" href=\"http:\/\/www.difvictoria.gob.mx\/wp-content\/uploads\/2018\/10\/30.pdf\">XXX. Las estad\u00edsticas que generen en cumplimiento de sus facultades, competencias o funciones con la mayor desagregaci\u00f3n posible;<\/a><\/td>\n<\/tr>\n<\/tbody>\n<\/table>\n","protected":false},"excerpt":{"rendered":"<p>2019 2018 XXX XXX. Las estad\u00edsticas que generen en cumplimiento de sus facultades, competencias o funciones con la mayor desagregaci\u00f3n posible;- 2019 XXX. Las estad\u00edsticas que generen en cumplimiento de sus facultades, competencias o funciones con la mayor desagregaci\u00f3n posible;- 2018 XXX. Las estad\u00edsticas que generen en cumplimiento de sus facultades, competencias o funciones con la mayor desagregaci\u00f3n posible;<\/p>\n","protected":false},"author":1,"featured_media":0,"parent":0,"menu_order":0,"comment_status":"closed","ping_status":"closed","template":"","meta":{"footnotes":""},"class_list":["post-374","page","type-page","status-publish","hentry"],"_links":{"self":[{"href":"http:\/\/www.difvictoria.gob.mx\/index.php\/wp-json\/wp\/v2\/pages\/374","targetHints":{"allow":["GET"]}}],"collection":[{"href":"http:\/\/www.difvictoria.gob.mx\/index.php\/wp-json\/wp\/v2\/pages"}],"about":[{"href":"http:\/\/www.difvictoria.gob.mx\/index.php\/wp-json\/wp\/v2\/types\/page"}],"author":[{"embeddable":true,"href":"http:\/\/www.difvictoria.gob.mx\/index.php\/wp-json\/wp\/v2\/users\/1"}],"replies":[{"embeddable":true,"href":"http:\/\/www.difvictoria.gob.mx\/index.php\/wp-json\/wp\/v2\/comments?post=374"}],"version-history":[{"count":3,"href":"http:\/\/www.difvictoria.gob.mx\/index.php\/wp-json\/wp\/v2\/pages\/374\/revisions"}],"predecessor-version":[{"id":1913,"href":"http:\/\/www.difvictoria.gob.mx\/index.php\/wp-json\/wp\/v2\/pages\/374\/revisions\/1913"}],"wp:attachment":[{"href":"http:\/\/www.difvictoria.gob.mx\/index.php\/wp-json\/wp\/v2\/media?parent=374"}],"curies":[{"name":"wp","href":"https:\/\/api.w.org\/{rel}","templated":true}]}}