{"id":2248,"date":"2019-07-11T12:30:16","date_gmt":"2019-07-11T18:30:16","guid":{"rendered":"http:\/\/www.difvictoria.gob.mx\/?page_id=2248"},"modified":"2019-07-12T12:51:15","modified_gmt":"2019-07-12T18:51:15","slug":"ley-de-transparencia-y-acceso-a-la-informacion-publica","status":"publish","type":"page","link":"http:\/\/www.difvictoria.gob.mx\/index.php\/ley-de-transparencia-y-acceso-a-la-informacion-publica\/","title":{"rendered":"Ley de Transparencia y Acceso a la Informaci\u00f3n P\u00fablica"},"content":{"rendered":"<p><img loading=\"lazy\" decoding=\"async\" class=\"size-medium wp-image-191 aligncenter\" src=\"http:\/\/www.difvictoria.gob.mx\/wp-content\/uploads\/2018\/11\/Transparencia-Horizotnal-300x28.jpg\" alt=\"\" width=\"300\" height=\"28\" srcset=\"http:\/\/www.difvictoria.gob.mx\/wp-content\/uploads\/2018\/11\/Transparencia-Horizotnal-300x28.jpg 300w, http:\/\/www.difvictoria.gob.mx\/wp-content\/uploads\/2018\/11\/Transparencia-Horizotnal-768x71.jpg 768w, http:\/\/www.difvictoria.gob.mx\/wp-content\/uploads\/2018\/11\/Transparencia-Horizotnal-1024x94.jpg 1024w, http:\/\/www.difvictoria.gob.mx\/wp-content\/uploads\/2018\/11\/Transparencia-Horizotnal-800x74.jpg 800w\" sizes=\"auto, (max-width: 300px) 100vw, 300px\" \/><\/p>\n<p><img loading=\"lazy\" decoding=\"async\" class=\"alignnone size-medium wp-image-197\" src=\"http:\/\/www.difvictoria.gob.mx\/wp-content\/uploads\/2018\/11\/transparencia-dif-300x49.jpg\" alt=\"\" width=\"300\" height=\"49\" srcset=\"http:\/\/www.difvictoria.gob.mx\/wp-content\/uploads\/2018\/11\/transparencia-dif-300x49.jpg 300w, http:\/\/www.difvictoria.gob.mx\/wp-content\/uploads\/2018\/11\/transparencia-dif-768x125.jpg 768w, http:\/\/www.difvictoria.gob.mx\/wp-content\/uploads\/2018\/11\/transparencia-dif-1024x166.jpg 1024w, http:\/\/www.difvictoria.gob.mx\/wp-content\/uploads\/2018\/11\/transparencia-dif-800x130.jpg 800w, http:\/\/www.difvictoria.gob.mx\/wp-content\/uploads\/2018\/11\/transparencia-dif.jpg 1184w\" sizes=\"auto, (max-width: 300px) 100vw, 300px\" \/><\/p>\n<p style=\"text-align: center;\" align=\"center\"><a href=\"http:\/\/consultapublicamx.inai.org.mx:8080\/vut-web\/?idSujetoObigadoParametro=5239&amp;idEntidadParametro=28&amp;idSectorParametro=21\"><strong>\u00a0OBLIGACIONES DE TRANSPARENCIA<\/strong><\/a><\/p>\n<p><a href=\"http:\/\/consultapublicamx.inai.org.mx:8080\/vut-web\/?idSujetoObigadoParametro=5239&amp;idEntidadParametro=28&amp;idSectorParametro=21\">En cumplimiento a lo ordenado en el articulo 67 de la Ley de Transparencia y Acceso a la Informaci\u00f3n P\u00fablica del estado de Tamaulipas, el Sistema DIF Victoria, pone a disposici\u00f3n del p\u00fablico y deber\u00e1 mantener actualizada, en los respectivos medios electr\u00f3nicos, de acuerdo a sus facultades, atribuciones, funciones u objeto social, seg\u00fan corresponda, la informaci\u00f3n, por lo menos, de los temas, documentos y pol\u00edticas siguientes.<\/a><\/p>\n<p>&nbsp;<\/p>\n<table>\n<tbody>\n<tr>\n<td width=\"935\"><strong>ACTAS Y RESOLUCIONES DEL COMIT\u00c9 DE TRANSPARENCIA<\/strong><\/td>\n<td width=\"935\"><\/td>\n<\/tr>\n<tr>\n<td width=\"935\">&nbsp;<\/p>\n<p>EJERCICIO 2018<\/p>\n<p><a href=\"http:\/\/www.difvictoria.gob.mx\/wp-content\/uploads\/2018\/10\/reso-1-2018.pdf\">ACTA 1 \u2014- RESOLUCI\u00d3N #1 2018<\/a><br \/>\nACTA 2 \u2014- RESOLUCI\u00d3N #2 2018<br \/>\n<a href=\"http:\/\/www.difvictoria.gob.mx\/wp-content\/uploads\/2018\/10\/RESOLUCION-3-2018.pdf\">ACTA 3 \u2014- RESOLUCI\u00d3N #3 2018<\/a><\/p>\n<p>EJERCICIO 2017<br \/>\n<a href=\"http:\/\/www.difvictoria.gob.mx\/wp-content\/uploads\/2018\/10\/RESOLUCION-1.pdf\">ACTA 1 \u2014- RESOLUCI\u00d3N #1 2017<\/a><br \/>\n<a href=\"http:\/\/www.difvictoria.gob.mx\/wp-content\/uploads\/2018\/10\/RESOLUCION-2.pdf\">ACTA 2 \u2014- RESOLUCI\u00d3N #2 2017<\/a><br \/>\n<a href=\"http:\/\/www.difvictoria.gob.mx\/wp-content\/uploads\/2018\/10\/RESOLUCION-3.pdf\">ACTA 3 \u2014- RESOLUCI\u00d3N #3 2017<\/a><br \/>\n<a href=\"http:\/\/www.difvictoria.gob.mx\/wp-content\/uploads\/2018\/10\/RESOLUCION-4.pdf\">ACTA 4 \u2014- RESOLUCI\u00d3N #4 2017<\/a><\/p>\n<p>EJERCICIO 2016<br \/>\n<a href=\"http:\/\/www.difvictoria.gob.mx\/wp-content\/uploads\/2018\/10\/RESOLUCION-2016.pdf\">ACTA 1 \u2014- RESOLUCI\u00d3N #1 2016<\/a><\/td>\n<td width=\"935\"><\/td>\n<\/tr>\n<\/tbody>\n<\/table>\n<p>&nbsp;<\/p>\n","protected":false},"excerpt":{"rendered":"<p>\u00a0OBLIGACIONES DE TRANSPARENCIA En cumplimiento a lo ordenado en el articulo 67 de la Ley de Transparencia y Acceso a la Informaci\u00f3n P\u00fablica del estado de Tamaulipas, el Sistema DIF Victoria, pone a disposici\u00f3n del p\u00fablico y deber\u00e1 mantener actualizada, en los respectivos medios electr\u00f3nicos, de acuerdo a sus facultades, atribuciones, funciones u objeto social, seg\u00fan corresponda, la informaci\u00f3n, por&hellip;<\/p>\n","protected":false},"author":1,"featured_media":0,"parent":0,"menu_order":0,"comment_status":"closed","ping_status":"closed","template":"","meta":{"footnotes":""},"class_list":["post-2248","page","type-page","status-publish","hentry"],"_links":{"self":[{"href":"http:\/\/www.difvictoria.gob.mx\/index.php\/wp-json\/wp\/v2\/pages\/2248","targetHints":{"allow":["GET"]}}],"collection":[{"href":"http:\/\/www.difvictoria.gob.mx\/index.php\/wp-json\/wp\/v2\/pages"}],"about":[{"href":"http:\/\/www.difvictoria.gob.mx\/index.php\/wp-json\/wp\/v2\/types\/page"}],"author":[{"embeddable":true,"href":"http:\/\/www.difvictoria.gob.mx\/index.php\/wp-json\/wp\/v2\/users\/1"}],"replies":[{"embeddable":true,"href":"http:\/\/www.difvictoria.gob.mx\/index.php\/wp-json\/wp\/v2\/comments?post=2248"}],"version-history":[{"count":4,"href":"http:\/\/www.difvictoria.gob.mx\/index.php\/wp-json\/wp\/v2\/pages\/2248\/revisions"}],"predecessor-version":[{"id":2258,"href":"http:\/\/www.difvictoria.gob.mx\/index.php\/wp-json\/wp\/v2\/pages\/2248\/revisions\/2258"}],"wp:attachment":[{"href":"http:\/\/www.difvictoria.gob.mx\/index.php\/wp-json\/wp\/v2\/media?parent=2248"}],"curies":[{"name":"wp","href":"https:\/\/api.w.org\/{rel}","templated":true}]}}