{"id":22,"date":"2018-10-09T17:26:15","date_gmt":"2018-10-09T23:26:15","guid":{"rendered":"http:\/\/www.difvictoria.gob.mx\/?page_id=22"},"modified":"2025-01-09T10:42:48","modified_gmt":"2025-01-09T16:42:48","slug":"transparencia","status":"publish","type":"page","link":"http:\/\/www.difvictoria.gob.mx\/index.php\/transparencia\/","title":{"rendered":"Transparencia"},"content":{"rendered":"<p><img loading=\"lazy\" decoding=\"async\" class=\"size-medium wp-image-191 aligncenter\" src=\"http:\/\/www.difvictoria.gob.mx\/wp-content\/uploads\/2018\/11\/Transparencia-Horizotnal-300x28.jpg\" alt=\"\" width=\"300\" height=\"28\" srcset=\"http:\/\/www.difvictoria.gob.mx\/wp-content\/uploads\/2018\/11\/Transparencia-Horizotnal-300x28.jpg 300w, http:\/\/www.difvictoria.gob.mx\/wp-content\/uploads\/2018\/11\/Transparencia-Horizotnal-768x71.jpg 768w, http:\/\/www.difvictoria.gob.mx\/wp-content\/uploads\/2018\/11\/Transparencia-Horizotnal-1024x94.jpg 1024w, http:\/\/www.difvictoria.gob.mx\/wp-content\/uploads\/2018\/11\/Transparencia-Horizotnal-800x74.jpg 800w\" sizes=\"auto, (max-width: 300px) 100vw, 300px\" \/><\/p>\n<p style=\"text-align: center;\"><div class=\"asl_w_container asl_w_container_1\">\r\n\t<div id='ajaxsearchlite1'\r\n\t\t data-id=\"1\"\r\n\t\t data-instance=\"1\"\r\n\t\t class=\"asl_w asl_m asl_m_1 asl_m_1_1\">\r\n\t\t<div class=\"probox\">\r\n\r\n\t\r\n\t<div class='prosettings' style='display:none;' data-opened=0>\r\n\t\t\t\t<div class='innericon'>\r\n\t\t\t<svg version=\"1.1\" xmlns=\"http:\/\/www.w3.org\/2000\/svg\" xmlns:xlink=\"http:\/\/www.w3.org\/1999\/xlink\" x=\"0px\" y=\"0px\" width=\"22\" height=\"22\" viewBox=\"0 0 512 512\" enable-background=\"new 0 0 512 512\" xml:space=\"preserve\">\r\n\t\t\t\t\t<polygon transform = \"rotate(90 256 256)\" points=\"142.332,104.886 197.48,50 402.5,256 197.48,462 142.332,407.113 292.727,256 \"\/>\r\n\t\t\t\t<\/svg>\r\n\t\t<\/div>\r\n\t<\/div>\r\n\r\n\t\r\n\t\r\n\t<div class='proinput'>\r\n        <form role=\"search\" action='#' autocomplete=\"off\"\r\n\t\t\t  aria-label=\"Search form\">\r\n\t\t\t<input aria-label=\"Search input\"\r\n\t\t\t\t   type='search' class='orig'\r\n\t\t\t\t   tabindex=\"0\"\r\n\t\t\t\t   name='phrase'\r\n\t\t\t\t   placeholder='\u00bfQu\u00e9 est\u00e1s buscando?'\r\n\t\t\t\t   value=''\r\n\t\t\t\t   autocomplete=\"off\"\/>\r\n\t\t\t<input aria-label=\"Search autocomplete input\"\r\n\t\t\t\t   type='text'\r\n\t\t\t\t   class='autocomplete'\r\n\t\t\t\t   tabindex=\"-1\"\r\n\t\t\t\t   name='phrase'\r\n\t\t\t\t   value=''\r\n\t\t\t\t   autocomplete=\"off\" disabled\/>\r\n\t\t\t<input type='submit' value=\"Start search\" style='width:0; height: 0; visibility: hidden;'>\r\n\t\t<\/form>\r\n\t<\/div>\r\n\r\n\t\r\n\t\r\n\t<button class='promagnifier' tabindex=\"0\" aria-label=\"Search magnifier button\">\r\n\t\t\t\t<span class='innericon' style=\"display:block;\">\r\n\t\t\t<svg version=\"1.1\" xmlns=\"http:\/\/www.w3.org\/2000\/svg\" xmlns:xlink=\"http:\/\/www.w3.org\/1999\/xlink\" x=\"0px\" y=\"0px\" width=\"22\" height=\"22\" viewBox=\"0 0 512 512\" enable-background=\"new 0 0 512 512\" xml:space=\"preserve\">\r\n\t\t\t\t\t<path d=\"M460.355,421.59L353.844,315.078c20.041-27.553,31.885-61.437,31.885-98.037\r\n\t\t\t\t\t\tC385.729,124.934,310.793,50,218.686,50C126.58,50,51.645,124.934,51.645,217.041c0,92.106,74.936,167.041,167.041,167.041\r\n\t\t\t\t\t\tc34.912,0,67.352-10.773,94.184-29.158L419.945,462L460.355,421.59z M100.631,217.041c0-65.096,52.959-118.056,118.055-118.056\r\n\t\t\t\t\t\tc65.098,0,118.057,52.959,118.057,118.056c0,65.096-52.959,118.056-118.057,118.056C153.59,335.097,100.631,282.137,100.631,217.041\r\n\t\t\t\t\t\tz\"\/>\r\n\t\t\t\t<\/svg>\r\n\t\t<\/span>\r\n\t<\/button>\r\n\r\n\t\r\n\t\r\n\t<div class='proloading'>\r\n\r\n\t\t<div class=\"asl_loader\"><div class=\"asl_loader-inner asl_simple-circle\"><\/div><\/div>\r\n\r\n\t\t\t<\/div>\r\n\r\n\t\t\t<div class='proclose'>\r\n\t\t\t<svg version=\"1.1\" xmlns=\"http:\/\/www.w3.org\/2000\/svg\" xmlns:xlink=\"http:\/\/www.w3.org\/1999\/xlink\" x=\"0px\"\r\n\t\t\t\t y=\"0px\"\r\n\t\t\t\t width=\"12\" height=\"12\" viewBox=\"0 0 512 512\" enable-background=\"new 0 0 512 512\"\r\n\t\t\t\t xml:space=\"preserve\">\r\n\t\t\t\t<polygon points=\"438.393,374.595 319.757,255.977 438.378,137.348 374.595,73.607 255.995,192.225 137.375,73.622 73.607,137.352 192.246,255.983 73.622,374.625 137.352,438.393 256.002,319.734 374.652,438.378 \"\/>\r\n\t\t\t<\/svg>\r\n\t\t<\/div>\r\n\t\r\n\t\r\n<\/div>\t<\/div>\r\n\t<div class='asl_data_container' style=\"display:none !important;\">\r\n\t\t<div class=\"asl_init_data wpdreams_asl_data_ct\"\r\n\t style=\"display:none !important;\"\r\n\t id=\"asl_init_id_1\"\r\n\t data-asl-id=\"1\"\r\n\t data-asl-instance=\"1\"\r\n\t data-asldata=\"ew0KCSJob21ldXJsIjogImh0dHA6Ly93d3cuZGlmdmljdG9yaWEuZ29iLm14LyIsDQoJInJlc3VsdHN0eXBlIjogInZlcnRpY2FsIiwNCgkicmVzdWx0c3Bvc2l0aW9uIjogImhvdmVyIiwNCgkiaXRlbXNjb3VudCI6IDQsDQoJImNoYXJjb3VudCI6ICAwLA0KCSJoaWdobGlnaHQiOiAwLA0KCSJoaWdobGlnaHR3aG9sZXdvcmRzIjogMSwNCgkic2luZ2xlSGlnaGxpZ2h0IjogMCwNCgkic2Nyb2xsVG9SZXN1bHRzIjogew0KCQkiZW5hYmxlZCI6IDAsDQoJCSJvZmZzZXQiOiAwDQoJfSwNCgkicmVzdWx0YXJlYWNsaWNrYWJsZSI6IDEsDQoJImF1dG9jb21wbGV0ZSI6IHsNCgkJImVuYWJsZWQiIDogMCwNCgkJImxhbmciIDogImVzIiwNCgkJInRyaWdnZXJfY2hhcmNvdW50IiA6IDANCgl9LA0KCSJtb2JpbGUiOiB7DQoJCSJtZW51X3NlbGVjdG9yIjogIiNtZW51LXRvZ2dsZSINCgl9LA0KCSJ0cmlnZ2VyIjogew0KCQkiY2xpY2siOiAiYWpheF9zZWFyY2giLA0KCQkiY2xpY2tfbG9jYXRpb24iOiAic2FtZSIsDQoJCSJ1cGRhdGVfaHJlZiI6IDAsDQoJCSJyZXR1cm4iOiAiYWpheF9zZWFyY2giLA0KCQkicmV0dXJuX2xvY2F0aW9uIjogInNhbWUiLA0KCQkiZmFjZXQiOiAxLA0KCQkidHlwZSI6IDEsDQoJCSJyZWRpcmVjdF91cmwiOiAiP3M9e3BocmFzZX0iLA0KCQkiZGVsYXkiOiAzMDANCgl9LA0KICAgICJhbmltYXRpb25zIjogew0KICAgICAgICAicGMiOiB7DQogICAgICAgICAgICAic2V0dGluZ3MiOiB7DQogICAgICAgICAgICAgICAgImFuaW0iIDogImZhZGVkcm9wIiwNCiAgICAgICAgICAgICAgICAiZHVyIiAgOiAzMDANCiAgICAgICAgICAgIH0sDQogICAgICAgICAgICAicmVzdWx0cyIgOiB7DQoJCQkJImFuaW0iIDogImZhZGVkcm9wIiwNCgkJCQkiZHVyIiAgOiAzMDANCiAgICAgICAgICAgIH0sDQogICAgICAgICAgICAiaXRlbXMiIDogInZvaWRhbmltIg0KICAgICAgICB9LA0KICAgICAgICAibW9iIjogew0KICAgICAgICAgICAgInNldHRpbmdzIjogew0KICAgICAgICAgICAgICAgICJhbmltIiA6ICJmYWRlZHJvcCIsDQogICAgICAgICAgICAgICAgImR1ciIgIDogMzAwDQogICAgICAgICAgICB9LA0KICAgICAgICAgICAgInJlc3VsdHMiIDogew0KCQkJCSJhbmltIiA6ICJmYWRlZHJvcCIsDQoJCQkJImR1ciIgIDogMzAwDQogICAgICAgICAgICB9LA0KICAgICAgICAgICAgIml0ZW1zIiA6ICJ2b2lkYW5pbSINCiAgICAgICAgfQ0KICAgIH0sDQoJImF1dG9wIjogew0KCQkic3RhdGUiOiAiZGlzYWJsZWQiLA0KCQkicGhyYXNlIjogIiIsDQoJCSJjb3VudCI6IDEJfSwNCiAgICAicmVzUGFnZSI6IHsNCiAgICAgICAgInVzZUFqYXgiOiAwLA0KICAgICAgICAic2VsZWN0b3IiOiAiI21haW4iLA0KICAgICAgICAidHJpZ2dlcl90eXBlIjogMSwNCiAgICAgICAgInRyaWdnZXJfZmFjZXQiOiAxLA0KICAgICAgICAidHJpZ2dlcl9tYWduaWZpZXIiOiAwLA0KICAgICAgICAidHJpZ2dlcl9yZXR1cm4iOiAwICAgIH0sDQoJInJlc3VsdHNTbmFwVG8iOiAibGVmdCIsDQogICAgInJlc3VsdHMiOiB7DQogICAgICAgICJ3aWR0aCI6ICJhdXRvIiwNCiAgICAgICAgIndpZHRoX3RhYmxldCI6ICJhdXRvIiwNCiAgICAgICAgIndpZHRoX3Bob25lIjogImF1dG8iDQogICAgfSwNCgkic2V0dGluZ3NpbWFnZXBvcyI6ICJyaWdodCIsDQoJImNsb3NlT25Eb2NDbGljayI6IDEsDQoJIm92ZXJyaWRld3BkZWZhdWx0IjogMCwNCgkib3ZlcnJpZGVfbWV0aG9kIjogImdldCINCn0NCg==\"><\/div>\t<div id=\"asl_hidden_data\">\r\n\t\t<svg style=\"position:absolute\" height=\"0\" width=\"0\">\r\n\t\t\t<filter id=\"aslblur\">\r\n\t\t\t\t<feGaussianBlur in=\"SourceGraphic\" stdDeviation=\"4\"\/>\r\n\t\t\t<\/filter>\r\n\t\t<\/svg>\r\n\t\t<svg style=\"position:absolute\" height=\"0\" width=\"0\">\r\n\t\t\t<filter id=\"no_aslblur\"><\/filter>\r\n\t\t<\/svg>\r\n\t<\/div>\r\n\t<\/div>\r\n\r\n\t<div id='ajaxsearchliteres1'\r\n\t class='vertical wpdreams_asl_results asl_w asl_r asl_r_1 asl_r_1_1'>\r\n\r\n\t\r\n\t<div class=\"results\">\r\n\r\n\t\t\r\n\t\t<div class=\"resdrg\">\r\n\t\t<\/div>\r\n\r\n\t\t\r\n\t<\/div>\r\n\r\n\t\r\n\t\r\n<\/div>\r\n\r\n\t<div id='__original__ajaxsearchlitesettings1'\r\n\t\t data-id=\"1\"\r\n\t\t class=\"searchsettings wpdreams_asl_settings asl_w asl_s asl_s_1\">\r\n\t\t<form name='options'\r\n\t  aria-label=\"Search settings form\"\r\n\t  autocomplete = 'off'>\r\n\r\n\t\r\n\t\r\n\t<input type=\"hidden\" name=\"filters_changed\" style=\"display:none;\" value=\"0\">\r\n\t<input type=\"hidden\" name=\"filters_initial\" style=\"display:none;\" value=\"1\">\r\n\r\n\t<div class=\"asl_option_inner hiddend\">\r\n\t\t<input type='hidden' name='qtranslate_lang' id='qtranslate_lang1'\r\n\t\t\t   value='0'\/>\r\n\t<\/div>\r\n\r\n\t\r\n\t\r\n\t<fieldset class=\"asl_sett_scroll\">\r\n\t\t<legend style=\"display: none;\">Generic selectors<\/legend>\r\n\t\t<div class=\"asl_option hiddend\" tabindex=\"0\">\r\n\t\t\t<div class=\"asl_option_inner\">\r\n\t\t\t\t<input type=\"checkbox\" value=\"exact\"\r\n\t\t\t\t\t   aria-label=\"Exact matches only\"\r\n\t\t\t\t\t   name=\"asl_gen[]\" \/>\r\n\t\t\t\t<div class=\"asl_option_checkbox\"><\/div>\r\n\t\t\t<\/div>\r\n\t\t\t<div class=\"asl_option_label\">\r\n\t\t\t\tExact matches only\t\t\t<\/div>\r\n\t\t<\/div>\r\n\t\t<div class=\"asl_option hiddend\" tabindex=\"0\">\r\n\t\t\t<div class=\"asl_option_inner\">\r\n\t\t\t\t<input type=\"checkbox\" value=\"title\"\r\n\t\t\t\t\t   aria-label=\"Search in title\"\r\n\t\t\t\t\t   name=\"asl_gen[]\"  checked=\"checked\"\/>\r\n\t\t\t\t<div class=\"asl_option_checkbox\"><\/div>\r\n\t\t\t<\/div>\r\n\t\t\t<div class=\"asl_option_label\">\r\n\t\t\t\tSearch in title\t\t\t<\/div>\r\n\t\t<\/div>\r\n\t\t<div class=\"asl_option hiddend\" tabindex=\"0\">\r\n\t\t\t<div class=\"asl_option_inner\">\r\n\t\t\t\t<input type=\"checkbox\" value=\"content\"\r\n\t\t\t\t\t   aria-label=\"Search in content\"\r\n\t\t\t\t\t   name=\"asl_gen[]\" \/>\r\n\t\t\t\t<div class=\"asl_option_checkbox\"><\/div>\r\n\t\t\t<\/div>\r\n\t\t\t<div class=\"asl_option_label\">\r\n\t\t\t\tSearch in content\t\t\t<\/div>\r\n\t\t<\/div>\r\n\t\t<div class=\"asl_option_inner hiddend\">\r\n\t\t\t<input type=\"checkbox\" value=\"excerpt\"\r\n\t\t\t\t   aria-label=\"Search in excerpt\"\r\n\t\t\t\t   name=\"asl_gen[]\" \/>\r\n\t\t\t<div class=\"asl_option_checkbox\"><\/div>\r\n\t\t<\/div>\r\n\t<\/fieldset>\r\n\t<fieldset class=\"asl_sett_scroll\">\r\n\t\t<legend style=\"display: none;\">Post Type Selectors<\/legend>\r\n\t\t\t\t\t<div class=\"asl_option_inner hiddend\">\r\n\t\t\t\t<input type=\"checkbox\" value=\"page\"\r\n\t\t\t\t\t   aria-label=\"Hidden option, ignore please\"\r\n\t\t\t\t\t   name=\"customset[]\" checked=\"checked\"\/>\r\n\t\t\t<\/div>\r\n\t\t\t\t<\/fieldset>\r\n\t<\/form>\r\n\t<\/div>\r\n<\/div><\/p>\n<h3 style=\"text-align: center;\"><a href=\"https:\/\/consultapublicamx.plataformadetransparencia.org.mx\/vut-web\/faces\/view\/consultaPublica.xhtml?idEntidad=Mjg=&amp;idSujetoObligado=NTIzOQ==#inicio\"><img loading=\"lazy\" decoding=\"async\" class=\"alignnone wp-image-2018 size-medium\" src=\"http:\/\/www.difvictoria.gob.mx\/wp-content\/uploads\/2019\/06\/log_trans-300x182.png\" alt=\"\" width=\"300\" height=\"182\" srcset=\"http:\/\/www.difvictoria.gob.mx\/wp-content\/uploads\/2019\/06\/log_trans-300x182.png 300w, http:\/\/www.difvictoria.gob.mx\/wp-content\/uploads\/2019\/06\/log_trans-768x465.png 768w, http:\/\/www.difvictoria.gob.mx\/wp-content\/uploads\/2019\/06\/log_trans-1024x620.png 1024w, http:\/\/www.difvictoria.gob.mx\/wp-content\/uploads\/2019\/06\/log_trans-800x484.png 800w\" sizes=\"auto, (max-width: 300px) 100vw, 300px\" \/><\/a><\/h3>\n<h3><strong><a href=\"http:\/\/www.difvictoria.gob.mx\/index.php\/ley-de-transparencia-y-acceso-a-la-informacion-publica\/\">Art\u00edculo 67 de la Ley de Transparencia y Acceso a la Informaci\u00f3n P\u00fablica del estado de Tamaulipas<\/a><\/strong><\/h3>\n<h3><strong><a href=\"http:\/\/www.difvictoria.gob.mx\/index.php\/ley-general-de-contabilidad-gubernamental\/\">Ley General de Contabilidad Gubernamental<\/a><\/strong><\/h3>\n<h3><strong><a href=\"http:\/\/www.difvictoria.gob.mx\/index.php\/ley-general-de-contabilidad-gubernamental-2015-2017\/\">Ley General de Contabilidad Gubernamental<\/a>\u00a0<a href=\"http:\/\/www.difvictoria.gob.mx\/index.php\/ley-general-de-contabilidad-gubernamental-2015-2017\/\">2015 -2017<\/a><\/strong><\/h3>\n<h3><strong>Solicitudes de Informaci\u00f3n recibidas<\/strong><\/h3>\n<ul>\n<li>\n<h3><a href=\"http:\/\/www.difvictoria.gob.mx\/wp-content\/uploads\/2023\/05\/Solicitudes-de-Informacion-Recibidas-2021.pdf\" target=\"_blank\" rel=\"noopener\"><b>2021<\/b><\/a><\/h3>\n<\/li>\n<li>\n<h3><a href=\"http:\/\/www.difvictoria.gob.mx\/wp-content\/uploads\/2023\/05\/Solicitudes-de-Informacion-Recibidas-2022.pdf\" target=\"_blank\" rel=\"noopener\"><b>2022<\/b><\/a><\/h3>\n<\/li>\n<li>\n<h3><a href=\"http:\/\/www.difvictoria.gob.mx\/wp-content\/uploads\/2024\/01\/4-Trimestres-2023.pdf\" target=\"_blank\" rel=\"noopener\"><b>2023<\/b><\/a><\/h3>\n<\/li>\n<\/ul>\n<p>&nbsp;<\/p>\n<p>&nbsp;<\/p>\n<p>Contacto:<\/p>\n<p style=\"padding-left: 30px;\"><strong>Titular de la Unidad de Transparencia :<\/strong> Lic. Kenna Yustine Linares Rangel<\/p>\n<p style=\"padding-left: 30px;\"><strong>Tel\u00e9fono:<\/strong> (834) 185 4160 ext. 123<\/p>\n<p style=\"padding-left: 30px;\"><strong>Correo Electr\u00f3nico:<\/strong> transparencia.difvic@gmail.com<\/p>\n<h1 style=\"text-align: center;\">Comit\u00e9 de Transparencia:<\/h1>\n<table>\n<tbody>\n<tr>\n<td width=\"196\">\n<p style=\"text-align: center;\"><strong>NOMBRE<\/strong><\/p>\n<\/td>\n<td style=\"text-align: center;\" width=\"196\"><strong>CARGO EN EL SUJETO OBLIGADO<\/strong><\/td>\n<td width=\"196\">\n<p style=\"text-align: center;\"><strong>CARGO EN EL CT<\/strong><\/p>\n<\/td>\n<\/tr>\n<tr>\n<td width=\"196\">Lic. Karina S\u00e1nchez De Le\u00f3n<\/td>\n<td width=\"196\">\n<p style=\"text-align: center;\">Subdirectora Administrativa<\/p>\n<\/td>\n<td width=\"196\">\n<p style=\"text-align: center;\">Presidenta<\/p>\n<\/td>\n<\/tr>\n<tr>\n<td width=\"196\">Lic. Marcia Liliana Guerrero Rinc\u00f3n<\/td>\n<td width=\"196\">\n<p style=\"text-align: center;\">Subdirectora de Centros de Asistencia<\/p>\n<\/td>\n<td width=\"196\">\n<p style=\"text-align: center;\">Secretar\u00eda T\u00e9cnica<\/p>\n<\/td>\n<\/tr>\n<tr>\n<td width=\"196\">Lic. Sergio Guevara V\u00e1zquez<\/td>\n<td width=\"196\">\n<p style=\"text-align: center;\">Comisario<\/p>\n<\/td>\n<td width=\"196\">\n<p style=\"text-align: center;\">Vocal<\/p>\n<\/td>\n<\/tr>\n<tr>\n<td width=\"196\">Lic. Martha Cecilia Goj\u00f3n B\u00e1ez<\/td>\n<td width=\"196\">\n<p style=\"text-align: center;\">Subdirectora de Voluntariado<\/p>\n<\/td>\n<td width=\"196\">\n<p style=\"text-align: center;\">Vocal<\/p>\n<\/td>\n<\/tr>\n<tr>\n<td width=\"196\">Lic. Carlos Eduardo L\u00f3pez Garc\u00eda<\/td>\n<td width=\"196\">\n<p style=\"text-align: center;\">Procurador de Protecci\u00f3n de Ni\u00f1as, Ni\u00f1os y Adolescentes del Sistema DIF Victoria<\/p>\n<\/td>\n<td width=\"196\">\n<p style=\"text-align: center;\">Vocal<\/p>\n<\/td>\n<\/tr>\n<\/tbody>\n<\/table>\n<table>\n<tbody>\n<tr>\n<td width=\"467\"><a href=\"https:\/\/www.plataformadetransparencia.org.mx\/\"><img loading=\"lazy\" decoding=\"async\" class=\"alignnone wp-image-195 size-medium\" src=\"http:\/\/www.difvictoria.gob.mx\/wp-content\/uploads\/2018\/11\/plataforma-nac-transp-300x297.jpg\" alt=\"\" width=\"300\" height=\"297\" srcset=\"http:\/\/www.difvictoria.gob.mx\/wp-content\/uploads\/2018\/11\/plataforma-nac-transp-300x297.jpg 300w, http:\/\/www.difvictoria.gob.mx\/wp-content\/uploads\/2018\/11\/plataforma-nac-transp-150x150.jpg 150w, http:\/\/www.difvictoria.gob.mx\/wp-content\/uploads\/2018\/11\/plataforma-nac-transp.jpg 683w\" sizes=\"auto, (max-width: 300px) 100vw, 300px\" \/><\/a><\/td>\n<td width=\"467\"><a href=\"https:\/\/home.inai.org.mx\/\"><img loading=\"lazy\" decoding=\"async\" class=\"aligncenter wp-image-193 size-medium\" src=\"http:\/\/www.difvictoria.gob.mx\/wp-content\/uploads\/2018\/11\/inai-300x218.jpg\" alt=\"\" width=\"300\" height=\"218\" srcset=\"http:\/\/www.difvictoria.gob.mx\/wp-content\/uploads\/2018\/11\/inai-300x218.jpg 300w, http:\/\/www.difvictoria.gob.mx\/wp-content\/uploads\/2018\/11\/inai.jpg 651w\" sizes=\"auto, (max-width: 300px) 100vw, 300px\" \/><\/a><\/td>\n<td width=\"468\"><img loading=\"lazy\" decoding=\"async\" class=\"alignnone wp-image-6697 size-full\" src=\"http:\/\/www.difvictoria.gob.mx\/wp-content\/uploads\/2022\/06\/itait-300x187-1.png\" alt=\"\" width=\"300\" height=\"187\" \/><\/td>\n<td width=\"468\"><a href=\"https:\/\/www.conac.gob.mx\/\"><img loading=\"lazy\" decoding=\"async\" class=\"size-medium wp-image-192 aligncenter\" src=\"http:\/\/www.difvictoria.gob.mx\/wp-content\/uploads\/2018\/11\/conac-300x187.jpg\" alt=\"\" width=\"300\" height=\"187\" srcset=\"http:\/\/www.difvictoria.gob.mx\/wp-content\/uploads\/2018\/11\/conac-300x187.jpg 300w, http:\/\/www.difvictoria.gob.mx\/wp-content\/uploads\/2018\/11\/conac.jpg 651w\" sizes=\"auto, (max-width: 300px) 100vw, 300px\" \/><\/a><\/td>\n<\/tr>\n<\/tbody>\n<\/table>\n<ul>\n<li><strong style=\"color: #000000; font-size: 1.28571rem;\">REGLAMENTO INTERNO DEL DIF VICTORIA\u00a0 <a href=\"http:\/\/www.difvictoria.gob.mx\/wp-content\/uploads\/2022\/01\/REGLAMENTO-DIF-2022...pdf\"><img loading=\"lazy\" decoding=\"async\" class=\"alignnone wp-image-6601\" src=\"http:\/\/www.difvictoria.gob.mx\/wp-content\/uploads\/2022\/02\/tachuela-300x294.png\" alt=\"\" width=\"34\" height=\"33\" srcset=\"http:\/\/www.difvictoria.gob.mx\/wp-content\/uploads\/2022\/02\/tachuela-300x294.png 300w, http:\/\/www.difvictoria.gob.mx\/wp-content\/uploads\/2022\/02\/tachuela-150x150.png 150w, http:\/\/www.difvictoria.gob.mx\/wp-content\/uploads\/2022\/02\/tachuela.png 360w\" sizes=\"auto, (max-width: 34px) 100vw, 34px\" \/><\/a><\/strong><\/li>\n<\/ul>\n","protected":false},"excerpt":{"rendered":"<p>Art\u00edculo 67 de la Ley de Transparencia y Acceso a la Informaci\u00f3n P\u00fablica del estado de Tamaulipas Ley General de Contabilidad Gubernamental Ley General de Contabilidad Gubernamental\u00a02015 -2017 Solicitudes de Informaci\u00f3n recibidas 2021 2022 2023 &nbsp; &nbsp; Contacto: Titular de la Unidad de Transparencia : Lic. Kenna Yustine Linares Rangel Tel\u00e9fono: (834) 185 4160 ext. 123 Correo Electr\u00f3nico: transparencia.difvic@gmail.com Comit\u00e9&hellip;<\/p>\n","protected":false},"author":1,"featured_media":0,"parent":0,"menu_order":0,"comment_status":"closed","ping_status":"closed","template":"","meta":{"footnotes":""},"class_list":["post-22","page","type-page","status-publish","hentry"],"_links":{"self":[{"href":"http:\/\/www.difvictoria.gob.mx\/index.php\/wp-json\/wp\/v2\/pages\/22","targetHints":{"allow":["GET"]}}],"collection":[{"href":"http:\/\/www.difvictoria.gob.mx\/index.php\/wp-json\/wp\/v2\/pages"}],"about":[{"href":"http:\/\/www.difvictoria.gob.mx\/index.php\/wp-json\/wp\/v2\/types\/page"}],"author":[{"embeddable":true,"href":"http:\/\/www.difvictoria.gob.mx\/index.php\/wp-json\/wp\/v2\/users\/1"}],"replies":[{"embeddable":true,"href":"http:\/\/www.difvictoria.gob.mx\/index.php\/wp-json\/wp\/v2\/comments?post=22"}],"version-history":[{"count":32,"href":"http:\/\/www.difvictoria.gob.mx\/index.php\/wp-json\/wp\/v2\/pages\/22\/revisions"}],"predecessor-version":[{"id":8384,"href":"http:\/\/www.difvictoria.gob.mx\/index.php\/wp-json\/wp\/v2\/pages\/22\/revisions\/8384"}],"wp:attachment":[{"href":"http:\/\/www.difvictoria.gob.mx\/index.php\/wp-json\/wp\/v2\/media?parent=22"}],"curies":[{"name":"wp","href":"https:\/\/api.w.org\/{rel}","templated":true}]}}