{"id":1743,"date":"2019-03-29T21:24:50","date_gmt":"2019-03-30T03:24:50","guid":{"rendered":"http:\/\/www.difvictoria.gob.mx\/?page_id=1743"},"modified":"2019-04-09T17:06:48","modified_gmt":"2019-04-09T23:06:48","slug":"abril-2019","status":"publish","type":"page","link":"http:\/\/www.difvictoria.gob.mx\/index.php\/abril-2019\/","title":{"rendered":"Abril 2019"},"content":{"rendered":"<style>.wp-show-posts-columns#wpsp-1742 {margin-left: -2em; }.wp-show-posts-columns#wpsp-1742 .wp-show-posts-inner {margin: 0 0 2em 2em; }<\/style><section id=\"wpsp-1742\" class=\" wp-show-posts-columns wp-show-posts\" style=\"\"><article class=\" wp-show-posts-single post-3775 post type-post status-publish format-standard has-post-thumbnail hentry category-abril-2019 wpsp-col-4\" itemtype=\"http:\/\/schema.org\/CreativeWork\" itemscope><div class=\"wp-show-posts-inner\" style=\"\">\t\t\t\t\t\t<header class=\"wp-show-posts-entry-header\">\n\t\t\t\t\t\t\t<h2 class=\"wp-show-posts-entry-title\" itemprop=\"headline\"><a href=\"http:\/\/www.difvictoria.gob.mx\/index.php\/2020\/04\/12\/cuidemos-a-nuestros-adultos-mayores\/\" rel=\"bookmark\">Cuidemos a Nuestros Adultos Mayores<\/a><\/h2><div class=\"wp-show-posts-entry-meta wp-show-posts-entry-meta-below-title post-meta-inline\"><span class=\"wp-show-posts-posted-on wp-show-posts-meta\">\n\t\t\t\t\t<a href=\"http:\/\/www.difvictoria.gob.mx\/index.php\/2020\/04\/12\/cuidemos-a-nuestros-adultos-mayores\/\" title=\"8:56 am\" rel=\"bookmark\"><time class=\"wp-show-posts-entry-date published\" datetime=\"2020-04-12T08:56:22-06:00\" itemprop=\"datePublished\">12 abril, 2020<\/time><time class=\"wp-show-posts-updated\" datetime=\"2020-04-13T08:57:48-06:00\" itemprop=\"dateModified\">13 abril, 2020<\/time><\/a>\n\t\t\t\t<\/span><\/div>\t\t\t\t\t\t<\/header><!-- .entry-header -->\n\t\t\t\t\t\t\t<div class=\"wp-show-posts-image  wpsp-image-center \">\n\t\t\t<a href=\"http:\/\/www.difvictoria.gob.mx\/index.php\/2020\/04\/12\/cuidemos-a-nuestros-adultos-mayores\/\"  title=\"Cuidemos a Nuestros Adultos Mayores\"><img loading=\"lazy\" decoding=\"async\" width=\"960\" height=\"736\" src=\"http:\/\/www.difvictoria.gob.mx\/wp-content\/uploads\/2020\/04\/4.jpg\" class=\"attachment-full size-full wp-post-image\" alt=\"\" itemprop=\"image\" srcset=\"http:\/\/www.difvictoria.gob.mx\/wp-content\/uploads\/2020\/04\/4.jpg 960w, http:\/\/www.difvictoria.gob.mx\/wp-content\/uploads\/2020\/04\/4-300x230.jpg 300w, http:\/\/www.difvictoria.gob.mx\/wp-content\/uploads\/2020\/04\/4-768x589.jpg 768w, http:\/\/www.difvictoria.gob.mx\/wp-content\/uploads\/2020\/04\/4-800x613.jpg 800w, http:\/\/www.difvictoria.gob.mx\/wp-content\/uploads\/2020\/04\/4-180x138.jpg 180w\" sizes=\"auto, (max-width: 960px) 100vw, 960px\" \/><\/a>\t\t<\/div>\n\t\t\t\t\t\t\t\t<div class=\"wp-show-posts-entry-summary\" itemprop=\"text\">\n\t\t\t\t\t\t\t<p>Ciudad Victoria, Tamaulipas, 12 de abril de 2020.- Te proporcionamos algunas recomendaciones, para proteger a nuestros adultos mayores, contra el COVID-19.<\/p>\n\t\t\t\t\t\t<\/div><!-- .entry-summary -->\n\t\t\t\t\t<div class=\"wpsp-read-more\"><a title=\"Cuidemos a Nuestros Adultos Mayores\" class=\"Leer m\u00e1s\" href=\"http:\/\/www.difvictoria.gob.mx\/index.php\/2020\/04\/12\/cuidemos-a-nuestros-adultos-mayores\/\">Leer m\u00e1s<\/a><\/div><\/div><!-- wp-show-posts-inner --><\/article><article class=\" wp-show-posts-single post-3771 post type-post status-publish format-standard has-post-thumbnail hentry category-abril-2019 wpsp-col-4\" itemtype=\"http:\/\/schema.org\/CreativeWork\" itemscope><div class=\"wp-show-posts-inner\" style=\"\">\t\t\t\t\t\t<header class=\"wp-show-posts-entry-header\">\n\t\t\t\t\t\t\t<h2 class=\"wp-show-posts-entry-title\" itemprop=\"headline\"><a href=\"http:\/\/www.difvictoria.gob.mx\/index.php\/2020\/04\/11\/apoyo-a-personas-de-la-tercera-edad\/\" rel=\"bookmark\">Apoyo a Personas de la Tercera Edad<\/a><\/h2><div class=\"wp-show-posts-entry-meta wp-show-posts-entry-meta-below-title post-meta-inline\"><span class=\"wp-show-posts-posted-on wp-show-posts-meta\">\n\t\t\t\t\t<a href=\"http:\/\/www.difvictoria.gob.mx\/index.php\/2020\/04\/11\/apoyo-a-personas-de-la-tercera-edad\/\" title=\"8:53 am\" rel=\"bookmark\"><time class=\"wp-show-posts-entry-date published\" datetime=\"2020-04-11T08:53:38-06:00\" itemprop=\"datePublished\">11 abril, 2020<\/time><time class=\"wp-show-posts-updated\" datetime=\"2020-04-13T08:56:12-06:00\" itemprop=\"dateModified\">13 abril, 2020<\/time><\/a>\n\t\t\t\t<\/span><\/div>\t\t\t\t\t\t<\/header><!-- .entry-header -->\n\t\t\t\t\t\t\t<div class=\"wp-show-posts-image  wpsp-image-center \">\n\t\t\t<a href=\"http:\/\/www.difvictoria.gob.mx\/index.php\/2020\/04\/11\/apoyo-a-personas-de-la-tercera-edad\/\"  title=\"Apoyo a Personas de la Tercera Edad\"><img loading=\"lazy\" decoding=\"async\" width=\"960\" height=\"847\" src=\"http:\/\/www.difvictoria.gob.mx\/wp-content\/uploads\/2020\/04\/3.jpg\" class=\"attachment-full size-full wp-post-image\" alt=\"\" itemprop=\"image\" srcset=\"http:\/\/www.difvictoria.gob.mx\/wp-content\/uploads\/2020\/04\/3.jpg 960w, http:\/\/www.difvictoria.gob.mx\/wp-content\/uploads\/2020\/04\/3-300x265.jpg 300w, http:\/\/www.difvictoria.gob.mx\/wp-content\/uploads\/2020\/04\/3-768x678.jpg 768w, http:\/\/www.difvictoria.gob.mx\/wp-content\/uploads\/2020\/04\/3-800x706.jpg 800w\" sizes=\"auto, (max-width: 960px) 100vw, 960px\" \/><\/a>\t\t<\/div>\n\t\t\t\t\t\t\t\t<div class=\"wp-show-posts-entry-summary\" itemprop=\"text\">\n\t\t\t\t\t\t\t<p>Ciudad Victoria, Tamaulipas, 11 de abril de 2020.- Se le dio seguimiento a publicaciones en redes sociales, donde reportaban la situaci\u00f3n de algunos adultos mayores, con necesidad de apoyo, adem\u00e1s,&#8230;<\/p>\n\t\t\t\t\t\t<\/div><!-- .entry-summary -->\n\t\t\t\t\t<div class=\"wpsp-read-more\"><a title=\"Apoyo a Personas de la Tercera Edad\" class=\"Leer m\u00e1s\" href=\"http:\/\/www.difvictoria.gob.mx\/index.php\/2020\/04\/11\/apoyo-a-personas-de-la-tercera-edad\/\">Leer m\u00e1s<\/a><\/div><\/div><!-- wp-show-posts-inner --><\/article><article class=\" wp-show-posts-single post-3767 post type-post status-publish format-standard has-post-thumbnail hentry category-abril-2019 wpsp-col-4\" itemtype=\"http:\/\/schema.org\/CreativeWork\" itemscope><div class=\"wp-show-posts-inner\" style=\"\">\t\t\t\t\t\t<header class=\"wp-show-posts-entry-header\">\n\t\t\t\t\t\t\t<h2 class=\"wp-show-posts-entry-title\" itemprop=\"headline\"><a href=\"http:\/\/www.difvictoria.gob.mx\/index.php\/2020\/04\/09\/3767\/\" rel=\"bookmark\">Entrega de Despensas y Apoyo Econ\u00f3mico a Paqueteritos<\/a><\/h2><div class=\"wp-show-posts-entry-meta wp-show-posts-entry-meta-below-title post-meta-inline\"><span class=\"wp-show-posts-posted-on wp-show-posts-meta\">\n\t\t\t\t\t<a href=\"http:\/\/www.difvictoria.gob.mx\/index.php\/2020\/04\/09\/3767\/\" title=\"8:51 am\" rel=\"bookmark\"><time class=\"wp-show-posts-entry-date published\" datetime=\"2020-04-09T08:51:41-06:00\" itemprop=\"datePublished\">9 abril, 2020<\/time><time class=\"wp-show-posts-updated\" datetime=\"2020-04-13T08:53:29-06:00\" itemprop=\"dateModified\">13 abril, 2020<\/time><\/a>\n\t\t\t\t<\/span><\/div>\t\t\t\t\t\t<\/header><!-- .entry-header -->\n\t\t\t\t\t\t\t<div class=\"wp-show-posts-image  wpsp-image-center \">\n\t\t\t<a href=\"http:\/\/www.difvictoria.gob.mx\/index.php\/2020\/04\/09\/3767\/\"  title=\"Entrega de Despensas y Apoyo Econ\u00f3mico a Paqueteritos\"><img loading=\"lazy\" decoding=\"async\" width=\"1280\" height=\"847\" src=\"http:\/\/www.difvictoria.gob.mx\/wp-content\/uploads\/2020\/04\/2.jpg\" class=\"attachment-full size-full wp-post-image\" alt=\"\" itemprop=\"image\" srcset=\"http:\/\/www.difvictoria.gob.mx\/wp-content\/uploads\/2020\/04\/2.jpg 1280w, http:\/\/www.difvictoria.gob.mx\/wp-content\/uploads\/2020\/04\/2-300x199.jpg 300w, http:\/\/www.difvictoria.gob.mx\/wp-content\/uploads\/2020\/04\/2-1024x678.jpg 1024w, http:\/\/www.difvictoria.gob.mx\/wp-content\/uploads\/2020\/04\/2-768x508.jpg 768w, http:\/\/www.difvictoria.gob.mx\/wp-content\/uploads\/2020\/04\/2-800x529.jpg 800w\" sizes=\"auto, (max-width: 1280px) 100vw, 1280px\" \/><\/a>\t\t<\/div>\n\t\t\t\t\t\t\t\t<div class=\"wp-show-posts-entry-summary\" itemprop=\"text\">\n\t\t\t\t\t\t\t<p>Ciudad Victoria, Tamaulipas, 9 de abril de 2020.- El Sistema DIF Victoria, que preside la se\u00f1ora\u00a0Arcelia Flores, sigue trabajando d\u00eda con d\u00eda por el bienestar de nuestra sociedad, por ello,&#8230;<\/p>\n\t\t\t\t\t\t<\/div><!-- .entry-summary -->\n\t\t\t\t\t<div class=\"wpsp-read-more\"><a title=\"Entrega de Despensas y Apoyo Econ\u00f3mico a Paqueteritos\" class=\"Leer m\u00e1s\" href=\"http:\/\/www.difvictoria.gob.mx\/index.php\/2020\/04\/09\/3767\/\">Leer m\u00e1s<\/a><\/div><\/div><!-- wp-show-posts-inner --><\/article><article class=\" wp-show-posts-single post-1775 post type-post status-publish format-standard has-post-thumbnail hentry category-abril-2019 wpsp-col-4\" itemtype=\"http:\/\/schema.org\/CreativeWork\" itemscope><div class=\"wp-show-posts-inner\" style=\"\">\t\t\t\t\t\t<header class=\"wp-show-posts-entry-header\">\n\t\t\t\t\t\t\t<h2 class=\"wp-show-posts-entry-title\" itemprop=\"headline\"><a href=\"http:\/\/www.difvictoria.gob.mx\/index.php\/2019\/04\/10\/trabajan-dif-victoria-y-congreso-local-por-seguridad-de-menores\/\" rel=\"bookmark\">Trabajan DIF Victoria y Congreso Local por seguridad de menores.<\/a><\/h2><div class=\"wp-show-posts-entry-meta wp-show-posts-entry-meta-below-title post-meta-inline\"><span class=\"wp-show-posts-posted-on wp-show-posts-meta\">\n\t\t\t\t\t<a href=\"http:\/\/www.difvictoria.gob.mx\/index.php\/2019\/04\/10\/trabajan-dif-victoria-y-congreso-local-por-seguridad-de-menores\/\" title=\"7:19 pm\" rel=\"bookmark\"><time class=\"wp-show-posts-entry-date published\" datetime=\"2019-04-10T19:19:04-06:00\" itemprop=\"datePublished\">10 abril, 2019<\/time><time class=\"wp-show-posts-updated\" datetime=\"2020-08-21T12:43:28-06:00\" itemprop=\"dateModified\">21 agosto, 2020<\/time><\/a>\n\t\t\t\t<\/span><\/div>\t\t\t\t\t\t<\/header><!-- .entry-header -->\n\t\t\t\t\t\t\t<div class=\"wp-show-posts-image  wpsp-image-center \">\n\t\t\t<a href=\"http:\/\/www.difvictoria.gob.mx\/index.php\/2019\/04\/10\/trabajan-dif-victoria-y-congreso-local-por-seguridad-de-menores\/\"  title=\"Trabajan DIF Victoria y Congreso Local por seguridad de menores.\"><img loading=\"lazy\" decoding=\"async\" width=\"1280\" height=\"847\" src=\"http:\/\/www.difvictoria.gob.mx\/wp-content\/uploads\/2019\/04\/WhatsApp-Image-2019-04-11-at-7.58.02-PM-2.jpeg\" class=\"attachment-full size-full wp-post-image\" alt=\"\" itemprop=\"image\" srcset=\"http:\/\/www.difvictoria.gob.mx\/wp-content\/uploads\/2019\/04\/WhatsApp-Image-2019-04-11-at-7.58.02-PM-2.jpeg 1280w, http:\/\/www.difvictoria.gob.mx\/wp-content\/uploads\/2019\/04\/WhatsApp-Image-2019-04-11-at-7.58.02-PM-2-300x199.jpeg 300w, http:\/\/www.difvictoria.gob.mx\/wp-content\/uploads\/2019\/04\/WhatsApp-Image-2019-04-11-at-7.58.02-PM-2-768x508.jpeg 768w, http:\/\/www.difvictoria.gob.mx\/wp-content\/uploads\/2019\/04\/WhatsApp-Image-2019-04-11-at-7.58.02-PM-2-1024x678.jpeg 1024w, http:\/\/www.difvictoria.gob.mx\/wp-content\/uploads\/2019\/04\/WhatsApp-Image-2019-04-11-at-7.58.02-PM-2-800x529.jpeg 800w\" sizes=\"auto, (max-width: 1280px) 100vw, 1280px\" \/><\/a>\t\t<\/div>\n\t\t\t\t\t\t\t\t<div class=\"wp-show-posts-entry-summary\" itemprop=\"text\">\n\t\t\t\t\t\t\t<p>Buscan tipificar ciberdelitos sexuales Pretenden dar certeza jur\u00eddica a ni\u00f1os, ni\u00f1as y adolescentes. Ciudad Victoria, Tam., 10 de abril de 2019.- Derivado de la preocupaci\u00f3n de procurar el bienestar de&#8230;<\/p>\n\t\t\t\t\t\t<\/div><!-- .entry-summary -->\n\t\t\t\t\t<div class=\"wpsp-read-more\"><a title=\"Trabajan DIF Victoria y Congreso Local por seguridad de menores.\" class=\"Leer m\u00e1s\" href=\"http:\/\/www.difvictoria.gob.mx\/index.php\/2019\/04\/10\/trabajan-dif-victoria-y-congreso-local-por-seguridad-de-menores\/\">Leer m\u00e1s<\/a><\/div><\/div><!-- wp-show-posts-inner --><\/article><article class=\" wp-show-posts-single post-1770 post type-post status-publish format-standard has-post-thumbnail hentry category-abril-2019 wpsp-col-4\" itemtype=\"http:\/\/schema.org\/CreativeWork\" itemscope><div class=\"wp-show-posts-inner\" style=\"\">\t\t\t\t\t\t<header class=\"wp-show-posts-entry-header\">\n\t\t\t\t\t\t\t<h2 class=\"wp-show-posts-entry-title\" itemprop=\"headline\"><a href=\"http:\/\/www.difvictoria.gob.mx\/index.php\/2019\/04\/07\/concluye-primera-carrera-con-causa-trascendiendo-por-el-autismo-mas-alla-de-lo-posible\/\" rel=\"bookmark\">Concluye Primera Carrera con Causa \u201cTrascendiendo por el autismo, m\u00e1s all\u00e1 de lo posible\u201d.<\/a><\/h2><div class=\"wp-show-posts-entry-meta wp-show-posts-entry-meta-below-title post-meta-inline\"><span class=\"wp-show-posts-posted-on wp-show-posts-meta\">\n\t\t\t\t\t<a href=\"http:\/\/www.difvictoria.gob.mx\/index.php\/2019\/04\/07\/concluye-primera-carrera-con-causa-trascendiendo-por-el-autismo-mas-alla-de-lo-posible\/\" title=\"1:14 pm\" rel=\"bookmark\"><time class=\"wp-show-posts-entry-date published\" datetime=\"2019-04-07T13:14:42-06:00\" itemprop=\"datePublished\">7 abril, 2019<\/time><time class=\"wp-show-posts-updated\" datetime=\"2020-08-21T12:52:37-06:00\" itemprop=\"dateModified\">21 agosto, 2020<\/time><\/a>\n\t\t\t\t<\/span><\/div>\t\t\t\t\t\t<\/header><!-- .entry-header -->\n\t\t\t\t\t\t\t<div class=\"wp-show-posts-image  wpsp-image-center \">\n\t\t\t<a href=\"http:\/\/www.difvictoria.gob.mx\/index.php\/2019\/04\/07\/concluye-primera-carrera-con-causa-trascendiendo-por-el-autismo-mas-alla-de-lo-posible\/\"  title=\"Concluye Primera Carrera con Causa \u201cTrascendiendo por el autismo, m\u00e1s all\u00e1 de lo posible\u201d.\"><img loading=\"lazy\" decoding=\"async\" width=\"1280\" height=\"847\" src=\"http:\/\/www.difvictoria.gob.mx\/wp-content\/uploads\/2019\/04\/carrera-autismo.jpg\" class=\"attachment-full size-full wp-post-image\" alt=\"\" itemprop=\"image\" srcset=\"http:\/\/www.difvictoria.gob.mx\/wp-content\/uploads\/2019\/04\/carrera-autismo.jpg 1280w, http:\/\/www.difvictoria.gob.mx\/wp-content\/uploads\/2019\/04\/carrera-autismo-300x199.jpg 300w, http:\/\/www.difvictoria.gob.mx\/wp-content\/uploads\/2019\/04\/carrera-autismo-768x508.jpg 768w, http:\/\/www.difvictoria.gob.mx\/wp-content\/uploads\/2019\/04\/carrera-autismo-1024x678.jpg 1024w, http:\/\/www.difvictoria.gob.mx\/wp-content\/uploads\/2019\/04\/carrera-autismo-800x529.jpg 800w\" sizes=\"auto, (max-width: 1280px) 100vw, 1280px\" \/><\/a>\t\t<\/div>\n\t\t\t\t\t\t\t\t<div class=\"wp-show-posts-entry-summary\" itemprop=\"text\">\n\t\t\t\t\t\t\t<p>&nbsp; La ciudadan\u00eda victorense apoya esta noble causa Ciudad Victoria, Tamps. 7 de abril de 2019.- El Sistema Municipal para el Desarrollo Integral de la Familia (DIF Victoria), que preside&#8230;<\/p>\n\t\t\t\t\t\t<\/div><!-- .entry-summary -->\n\t\t\t\t\t<div class=\"wpsp-read-more\"><a title=\"Concluye Primera Carrera con Causa \u201cTrascendiendo por el autismo, m\u00e1s all\u00e1 de lo posible\u201d.\" class=\"Leer m\u00e1s\" href=\"http:\/\/www.difvictoria.gob.mx\/index.php\/2019\/04\/07\/concluye-primera-carrera-con-causa-trascendiendo-por-el-autismo-mas-alla-de-lo-posible\/\">Leer m\u00e1s<\/a><\/div><\/div><!-- wp-show-posts-inner --><\/article><div class=\"wpsp-clear\"><\/div><\/section><!-- .wp-show-posts -->\n","protected":false},"excerpt":{"rendered":"","protected":false},"author":1,"featured_media":0,"parent":0,"menu_order":0,"comment_status":"closed","ping_status":"closed","template":"","meta":{"footnotes":""},"class_list":["post-1743","page","type-page","status-publish","hentry"],"_links":{"self":[{"href":"http:\/\/www.difvictoria.gob.mx\/index.php\/wp-json\/wp\/v2\/pages\/1743","targetHints":{"allow":["GET"]}}],"collection":[{"href":"http:\/\/www.difvictoria.gob.mx\/index.php\/wp-json\/wp\/v2\/pages"}],"about":[{"href":"http:\/\/www.difvictoria.gob.mx\/index.php\/wp-json\/wp\/v2\/types\/page"}],"author":[{"embeddable":true,"href":"http:\/\/www.difvictoria.gob.mx\/index.php\/wp-json\/wp\/v2\/users\/1"}],"replies":[{"embeddable":true,"href":"http:\/\/www.difvictoria.gob.mx\/index.php\/wp-json\/wp\/v2\/comments?post=1743"}],"version-history":[{"count":1,"href":"http:\/\/www.difvictoria.gob.mx\/index.php\/wp-json\/wp\/v2\/pages\/1743\/revisions"}],"predecessor-version":[{"id":1744,"href":"http:\/\/www.difvictoria.gob.mx\/index.php\/wp-json\/wp\/v2\/pages\/1743\/revisions\/1744"}],"wp:attachment":[{"href":"http:\/\/www.difvictoria.gob.mx\/index.php\/wp-json\/wp\/v2\/media?parent=1743"}],"curies":[{"name":"wp","href":"https:\/\/api.w.org\/{rel}","templated":true}]}}