{"id":1704,"date":"2019-03-22T12:58:26","date_gmt":"2019-03-22T18:58:26","guid":{"rendered":"http:\/\/www.difvictoria.gob.mx\/?page_id=1704"},"modified":"2019-03-27T18:05:11","modified_gmt":"2019-03-28T00:05:11","slug":"denuncia-de-maltrato-a-ninas-ninos-y-adolescentes","status":"publish","type":"page","link":"http:\/\/www.difvictoria.gob.mx\/index.php\/denuncia-de-maltrato-a-ninas-ninos-y-adolescentes\/","title":{"rendered":"Denuncia de maltrato a ni\u00f1as, ni\u00f1os y adolescentes"},"content":{"rendered":"<p>Este servicio se rige en base a la <a href=\"http:\/\/po.tamaulipas.gob.mx\/wp-content\/uploads\/2015\/07\/Ley_Ni%C3%B1as_Ni%C3%B1os_Adolescentes.pdf\">Ley de los Derechos de Ni\u00f1as, Ni\u00f1os y Adolescentes del Estado de Tamaulipas.<\/a><\/p>\n<hr \/>\n<p><em>Todos los datos e informaci\u00f3n que nos proporciones son muy importantes, de igual manera se manejar\u00e1n con discreci\u00f3n y anonimato.<\/em><\/p>\n<hr \/>\n<div class=\"wpforms-container wpforms-container-full\" id=\"wpforms-1703\"><form id=\"wpforms-form-1703\" class=\"wpforms-validate wpforms-form\" data-formid=\"1703\" method=\"post\" enctype=\"multipart\/form-data\" action=\"\/index.php\/wp-json\/wp\/v2\/pages\/1704\" data-token=\"2f6365fabc13daa3c892a8cbcbd88eef\"><noscript class=\"wpforms-error-noscript\">Por favor, activa JavaScript en tu navegador para completar este formulario.<\/noscript><div class=\"wpforms-field-container\"><div id=\"wpforms-1703-field_1-container\" class=\"wpforms-field wpforms-field-text\" data-field-id=\"1\"><label class=\"wpforms-field-label\" for=\"wpforms-1703-field_1\">Tu nombre: (campo no requerido)<\/label><input type=\"text\" id=\"wpforms-1703-field_1\" class=\"wpforms-field-medium\" name=\"wpforms[fields][1]\" ><\/div><div id=\"wpforms-1703-field_2-container\" class=\"wpforms-field wpforms-field-text\" data-field-id=\"2\"><label class=\"wpforms-field-label\" for=\"wpforms-1703-field_2\">Tel\u00e9fono: (campo no requerido)<\/label><input type=\"text\" id=\"wpforms-1703-field_2\" class=\"wpforms-field-medium\" name=\"wpforms[fields][2]\" ><\/div><div id=\"wpforms-1703-field_3-container\" class=\"wpforms-field wpforms-field-email\" data-field-id=\"3\"><label class=\"wpforms-field-label\" for=\"wpforms-1703-field_3\">Correo electr\u00f3nico: (campo no requerido)<\/label><input type=\"email\" id=\"wpforms-1703-field_3\" class=\"wpforms-field-medium\" name=\"wpforms[fields][3]\" ><\/div><div id=\"wpforms-1703-field_5-container\" class=\"wpforms-field wpforms-field-textarea\" data-field-id=\"5\"><label class=\"wpforms-field-label\" for=\"wpforms-1703-field_5\">Nombre(s) de la(s) victimas: <span class=\"wpforms-required-label\">*<\/span><\/label><textarea id=\"wpforms-1703-field_5\" class=\"wpforms-field-small wpforms-field-required\" name=\"wpforms[fields][5]\" required><\/textarea><\/div><div id=\"wpforms-1703-field_4-container\" class=\"wpforms-field wpforms-field-textarea\" data-field-id=\"4\"><label class=\"wpforms-field-label\" for=\"wpforms-1703-field_4\">Descripci\u00f3n del maltrato o siutaci\u00f3n de violencia hacia lo  menores: <span class=\"wpforms-required-label\">*<\/span><\/label><textarea id=\"wpforms-1703-field_4\" class=\"wpforms-field-medium wpforms-field-required\" name=\"wpforms[fields][4]\" required><\/textarea><\/div><div id=\"wpforms-1703-field_6-container\" class=\"wpforms-field wpforms-field-textarea\" data-field-id=\"6\"><label class=\"wpforms-field-label\" for=\"wpforms-1703-field_6\">Domicilio de la(s) victima(s) (calle, n\u00famero, localidad, colonia, se\u00f1as particulares, etc.) <span class=\"wpforms-required-label\">*<\/span><\/label><textarea id=\"wpforms-1703-field_6\" class=\"wpforms-field-medium wpforms-field-required\" name=\"wpforms[fields][6]\" required><\/textarea><\/div><div id=\"wpforms-1703-field_7-container\" class=\"wpforms-field wpforms-field-textarea\" data-field-id=\"7\"><label class=\"wpforms-field-label\" for=\"wpforms-1703-field_7\">Nombre(s) del (los) agresor(es): <span class=\"wpforms-required-label\">*<\/span><\/label><textarea id=\"wpforms-1703-field_7\" class=\"wpforms-field-small wpforms-field-required\" name=\"wpforms[fields][7]\" required><\/textarea><\/div><div id=\"wpforms-1703-field_8-container\" class=\"wpforms-field wpforms-field-text\" data-field-id=\"8\"><label class=\"wpforms-field-label\" for=\"wpforms-1703-field_8\">Parentesco con la(s) victima(s) <span class=\"wpforms-required-label\">*<\/span><\/label><input type=\"text\" id=\"wpforms-1703-field_8\" class=\"wpforms-field-medium wpforms-field-required\" name=\"wpforms[fields][8]\" required><\/div><\/div><div class=\"wpforms-field wpforms-field-hp\"><label for=\"wpforms-1703-field-hp\" class=\"wpforms-field-label\">Email<\/label><input type=\"text\" name=\"wpforms[hp]\" id=\"wpforms-1703-field-hp\" class=\"wpforms-field-medium\"><\/div><div class=\"wpforms-submit-container\"><input type=\"hidden\" name=\"wpforms[id]\" value=\"1703\"><input type=\"hidden\" name=\"wpforms[author]\" value=\"1\"><button type=\"submit\" name=\"wpforms[submit]\" id=\"wpforms-submit-1703\" class=\"wpforms-submit\" data-alt-text=\"Enviando\" data-submit-text=\"Enviar\" aria-live=\"assertive\" value=\"wpforms-submit\">Enviar<\/button><\/div><\/form><\/div>  <!-- .wpforms-container -->\n","protected":false},"excerpt":{"rendered":"<p>Este servicio se rige en base a la Ley de los Derechos de Ni\u00f1as, Ni\u00f1os y Adolescentes del Estado de Tamaulipas. Todos los datos e informaci\u00f3n que nos proporciones son muy importantes, de igual manera se manejar\u00e1n con discreci\u00f3n y anonimato.<\/p>\n","protected":false},"author":1,"featured_media":0,"parent":0,"menu_order":0,"comment_status":"closed","ping_status":"closed","template":"","meta":{"footnotes":""},"class_list":["post-1704","page","type-page","status-publish","hentry"],"_links":{"self":[{"href":"http:\/\/www.difvictoria.gob.mx\/index.php\/wp-json\/wp\/v2\/pages\/1704","targetHints":{"allow":["GET"]}}],"collection":[{"href":"http:\/\/www.difvictoria.gob.mx\/index.php\/wp-json\/wp\/v2\/pages"}],"about":[{"href":"http:\/\/www.difvictoria.gob.mx\/index.php\/wp-json\/wp\/v2\/types\/page"}],"author":[{"embeddable":true,"href":"http:\/\/www.difvictoria.gob.mx\/index.php\/wp-json\/wp\/v2\/users\/1"}],"replies":[{"embeddable":true,"href":"http:\/\/www.difvictoria.gob.mx\/index.php\/wp-json\/wp\/v2\/comments?post=1704"}],"version-history":[{"count":1,"href":"http:\/\/www.difvictoria.gob.mx\/index.php\/wp-json\/wp\/v2\/pages\/1704\/revisions"}],"predecessor-version":[{"id":1705,"href":"http:\/\/www.difvictoria.gob.mx\/index.php\/wp-json\/wp\/v2\/pages\/1704\/revisions\/1705"}],"wp:attachment":[{"href":"http:\/\/www.difvictoria.gob.mx\/index.php\/wp-json\/wp\/v2\/media?parent=1704"}],"curies":[{"name":"wp","href":"https:\/\/api.w.org\/{rel}","templated":true}]}}