{"id":1520,"date":"2019-03-08T15:12:44","date_gmt":"2019-03-08T21:12:44","guid":{"rendered":"http:\/\/www.difvictoria.gob.mx\/?page_id=1520"},"modified":"2019-07-10T09:11:04","modified_gmt":"2019-07-10T15:11:04","slug":"ley-general-de-contabilidad-gubernamental-2015-2017","status":"publish","type":"page","link":"http:\/\/www.difvictoria.gob.mx\/index.php\/ley-general-de-contabilidad-gubernamental-2015-2017\/","title":{"rendered":"Ley General de Contabilidad Gubernamental 2015 &#8211; 2017"},"content":{"rendered":"<p><a href=\"http:\/\/www.difvictoria.gob.mx\/wp-content\/uploads\/2019\/03\/MANUAL-DE-CONTABILIDAD.pdf\">&#x2666;\u00a0\u00a0 MANUAL DE CONTABILIDAD GUBERNAMENTAL<\/a><\/p>\n<p><a href=\"http:\/\/www.difvictoria.gob.mx\/wp-content\/uploads\/2019\/03\/LISTA-DE-CUENTAS.pdf\">&#x2666;\u00a0\u00a0 LISTA DE CUENTAS DEL SISTEMA DIF VICTORIA<\/a><\/p>\n<h1 style=\"text-align: center;\">\u00a0\u2013 INFORMACI\u00d3N CONTABLE \u2013<\/h1>\n<h2>INFORMACI\u00d3N FINANCIERA 2015 Y 2018<\/h2>\n<ul>\n<li>Estado de Actividades<\/li>\n<li><a href=\"http:\/\/www.difvictoria.gob.mx\/wp-content\/uploads\/2019\/03\/Situaci\u00f3n-Financiera-2015-2016-1.pdf\">An\u00e1lisis Presupuestal<\/a><\/li>\n<li><a href=\"http:\/\/www.difvictoria.gob.mx\/wp-content\/uploads\/2019\/03\/Situaci\u00f3n-Financiera-2015-2016-1-1.pdf\">Estado de Situaci\u00f3n Financiera<\/a><\/li>\n<\/ul>\n<h2>ESTADO DE SITUACI\u00d3N FINANCIERA<\/h2>\n<ul>\n<li><a href=\"http:\/\/www.difvictoria.gob.mx\/wp-content\/uploads\/2019\/03\/Estado-de-Situaci\u00f3n-Financiera-1.pdf\">Ejercicio Fiscal 2016<\/a><\/li>\n<li><a href=\"http:\/\/www.difvictoria.gob.mx\/wp-content\/uploads\/2019\/03\/Estado-de-Situaci\u00f3n-Financiera-1-1.pdf\">Ejercicio Fiscal Primer Trimestre 2017<\/a><\/li>\n<li><a href=\"http:\/\/www.difvictoria.gob.mx\/wp-content\/uploads\/2019\/03\/ESTADO-DE-SITUACION-FINANCIERA.pdf\">Ejercicio Fiscal Segundo Trimestre 2017<\/a><\/li>\n<li><a href=\"http:\/\/www.difvictoria.gob.mx\/wp-content\/uploads\/2019\/03\/Estado-de-Situaci\u00f3n-Financiera.pdf\">Ejercicio Fiscal Tercer Trimestre 2017<\/a><\/li>\n<li><a href=\"http:\/\/www.difvictoria.gob.mx\/wp-content\/uploads\/2019\/03\/ESTADO-DE-SITUACION-FINANCIERA-1.pdf\">Ejercicio Fiscal Cuarto Trimestre 2017<\/a><\/li>\n<\/ul>\n<h2>ESTADO DE VARIACI\u00d3N EN LA HACIENDA P\u00daBLICA<\/h2>\n<ul>\n<li><a href=\"http:\/\/www.difvictoria.gob.mx\/wp-content\/uploads\/2019\/03\/Estado-de-Variaci\u00f3n-en-la-Hacienda-P\u00fablica-2016.pdf\">Ejercicio Fiscal 2016<\/a><\/li>\n<li><a href=\"http:\/\/www.difvictoria.gob.mx\/wp-content\/uploads\/2019\/03\/Estado-de-Variaci\u00f3n-en-la-Hacienda-P\u00fablica-01.pdf\">Ejercicio Fiscal Primer Trimestre 2017<\/a><\/li>\n<li><a href=\"http:\/\/www.difvictoria.gob.mx\/wp-content\/uploads\/2019\/03\/ESTADO-DE-VARIACION-EN-LA-HACIENDA-PUBLICA-02.pdf\">Ejercicio Fiscal Segundo Trimestre 2017<\/a><\/li>\n<li><a href=\"http:\/\/www.difvictoria.gob.mx\/wp-content\/uploads\/2019\/03\/ESTADO-DE-VARIACION-EN-LA-HACIENDA-PUBLICA-03.pdf\">Ejercicio Fiscal Tercer Trimestre 2017<\/a><\/li>\n<\/ul>\n<h2>ESTADO DE CAMBIOS EN LA SITUACI\u00d3N FINANCIERA<\/h2>\n<ul>\n<li><a href=\"http:\/\/www.difvictoria.gob.mx\/wp-content\/uploads\/2019\/03\/Estado-de-Cambios-en-la-Situaci\u00f3n-Finaciera-2016.pdf\">Ejercicio Fiscal 2016<\/a><\/li>\n<li><a href=\"http:\/\/www.difvictoria.gob.mx\/wp-content\/uploads\/2019\/03\/Estado-de-Cambios-en-la-Situaci\u00f3n-Finaciera-01.pdf\">Ejercicio Fiscal Primer Trimestre 2017<\/a><\/li>\n<li><a href=\"http:\/\/www.difvictoria.gob.mx\/wp-content\/uploads\/2019\/03\/ESTADO-DE-CAMBIOS-EN-LA-SITUACION-FINANCIERA-02.pdf\">Ejercicio Fiscal Segundo Trimestre 2017<\/a><\/li>\n<li><a href=\"http:\/\/www.difvictoria.gob.mx\/wp-content\/uploads\/2019\/03\/ESTADO-DE-CAMBIOS-EN-LA-SITUACION-FINANCIERA-03.pdf\">Ejercicio Fiscal Tercer Trimestre 2017<\/a><\/li>\n<li><a href=\"http:\/\/www.difvictoria.gob.mx\/wp-content\/uploads\/2019\/03\/ESTADO-DE-CAMBIOS-EN-LA-SITUACION-FINANCIERA-04.pdf\">Ejercicio Fiscal Cuarto Trimestre 2017<\/a><\/li>\n<\/ul>\n<h2>ESTADO DE ACTIVIDADES<\/h2>\n<ul>\n<li><a href=\"http:\/\/www.difvictoria.gob.mx\/wp-content\/uploads\/2019\/03\/Estado-de-Actividades-2016.pdf\">Ejercicio Fiscal 2016<\/a><\/li>\n<li><a href=\"http:\/\/www.difvictoria.gob.mx\/wp-content\/uploads\/2019\/03\/Estado-de-Actividades01.pdf\">Ejercicio Fiscal Primer Trimestre 2017<\/a><\/li>\n<li><a href=\"http:\/\/www.difvictoria.gob.mx\/wp-content\/uploads\/2019\/03\/ESTADO-DE-ACTIVIDADES02.pdf\">Ejercicio Fiscal Segundo Trimestre 2017<\/a><\/li>\n<li><a href=\"http:\/\/www.difvictoria.gob.mx\/wp-content\/uploads\/2019\/03\/ESTADO-ACTIVIDADES03.pdf\">Ejercicio Fiscal Tercer Trimestre 2017<\/a><\/li>\n<li><a href=\"http:\/\/www.difvictoria.gob.mx\/wp-content\/uploads\/2019\/03\/ESTADO-ACTIVIDADES04.pdf\">Ejercicio Fiscal Cuarto Trimestre 2017<\/a><\/li>\n<\/ul>\n<p>ESTADO DE FLUJOS DE EFECTIVO<\/p>\n<ul>\n<li><a href=\"http:\/\/www.difvictoria.gob.mx\/wp-content\/uploads\/2019\/03\/Estado-de-Flujos-de-Efectivo-2016.pdf\">Ejercicio Fiscal 2016<\/a><\/li>\n<li><a href=\"http:\/\/www.difvictoria.gob.mx\/wp-content\/uploads\/2019\/03\/Estado-de-Flujos-de-Efectivo01.pdf\">Ejercicio Fiscal Primer Trimestre 2017<\/a><\/li>\n<li><a href=\"http:\/\/www.difvictoria.gob.mx\/wp-content\/uploads\/2019\/03\/ESTADO-DE-FLUJO-DE-EFECTIVO02.pdf\">Ejercicio Fiscal Segundo Trimestre 2017<\/a><\/li>\n<li><a href=\"http:\/\/www.difvictoria.gob.mx\/wp-content\/uploads\/2019\/03\/ESTADO-DE-FLUJOS-DE-EFECTIVO03.pdf\">Ejercicio Fiscal Tercer Trimestre 2017<\/a><\/li>\n<li><a href=\"http:\/\/www.difvictoria.gob.mx\/wp-content\/uploads\/2019\/03\/ESTADO-DE-FLUJOS-DE-EFECTIVO04.pdf\">Ejercicio Fiscal Cuarto Trimestre 2017<\/a><\/li>\n<\/ul>\n<h2>ESTADO DE ANAL\u00cdTICO DE LA DEUDA Y OTROS PASIVOS<\/h2>\n<ul>\n<li><a href=\"http:\/\/www.difvictoria.gob.mx\/wp-content\/uploads\/2019\/03\/Estado-de-Flujos-de-Efectivo-2016-1.pdf\">Ejercicio Fiscal 2016<\/a><\/li>\n<li><a href=\"http:\/\/www.difvictoria.gob.mx\/wp-content\/uploads\/2019\/03\/Estado-de-Flujos-de-Efectivo01-1.pdf\">Ejercicio Fiscal Primer Trimestre 2017<\/a><\/li>\n<li><a href=\"http:\/\/www.difvictoria.gob.mx\/wp-content\/uploads\/2019\/03\/ESTADO-DE-FLUJO-DE-EFECTIVO02-1.pdf\">Ejercicio Fiscal Segundo Trimestre 2017<\/a><\/li>\n<li><a href=\"http:\/\/www.difvictoria.gob.mx\/wp-content\/uploads\/2019\/03\/ESTADO-DE-FLUJOS-DE-EFECTIVO03-1.pdf\">Ejercicio Fiscal Tercer Trimestre 2017<\/a><\/li>\n<li><a href=\"http:\/\/www.difvictoria.gob.mx\/wp-content\/uploads\/2019\/03\/ESTADO-DE-FLUJOS-DE-EFECTIVO04-1.pdf\">Ejercicio Fiscal Cuarto Trimestre 2017<\/a><\/li>\n<\/ul>\n<h2>ESTADO DE ANAL\u00cdTICO DEL ACTIVO<\/h2>\n<ul>\n<li><a href=\"http:\/\/www.difvictoria.gob.mx\/wp-content\/uploads\/2019\/03\/Estado-de-Anal\u00edtico-del-Activo-2016.pdf\">Ejercicio Fiscal 2016<\/a><\/li>\n<li><a href=\"http:\/\/www.difvictoria.gob.mx\/wp-content\/uploads\/2019\/03\/Estado-de-Anal\u00edtico-del-Activo01.pdf\">Ejercicio Fiscal Primer Trimestre 2017<\/a><\/li>\n<li><a href=\"http:\/\/www.difvictoria.gob.mx\/wp-content\/uploads\/2019\/03\/ESTADO-ANALITICO-DEL-ACTIVO02.pdf\">Ejercicio Fiscal Segundo Trimestre 2017<\/a><\/li>\n<li><a href=\"http:\/\/www.difvictoria.gob.mx\/wp-content\/uploads\/2019\/03\/ESTADO-ANALITICO-DEL-ACTIVO03.pdf\">Ejercicio Fiscal Tercer Trimestre 2017<\/a><\/li>\n<\/ul>\n<h1 style=\"text-align: center;\">\u2013 INFORMACI\u00d3N PRESUPUESTAL \u2013<\/h1>\n<ul>\n<li><a href=\"http:\/\/www.difvictoria.gob.mx\/wp-content\/uploads\/2019\/03\/PPTO.POR_.AREA_.pdf\">Presupuesto por Cap\u00edtulo del\u00a0 Gasto del DIF Victoria<\/a><\/li>\n<li><a href=\"http:\/\/www.difvictoria.gob.mx\/wp-content\/uploads\/2019\/03\/PRESUPUESTO-DE-EGRESOS-2017.pdf\">Presupuesto de Egresos 2017<\/a><\/li>\n<li><a href=\"http:\/\/www.difvictoria.gob.mx\/wp-content\/uploads\/2019\/03\/PRESUPUESTO-DE-INGRESOS-2017.pdf\">Presupuesto de Ingresos 2017<\/a><\/li>\n<\/ul>\n<h2>ESTADO ANAL\u00cdTICO DE INGRESOS<\/h2>\n<ul>\n<li><a href=\"http:\/\/www.difvictoria.gob.mx\/wp-content\/uploads\/2019\/03\/ESTADO-Anal\u00edtico-de-Ingresos-2016.pdf\">Ejercicio Fiscal 2016<\/a><\/li>\n<li><a href=\"http:\/\/www.difvictoria.gob.mx\/wp-content\/uploads\/2019\/03\/ESTADO-Anal\u00edtico-de-Ingresos01.pdf\">Ejercicio Fiscal Primer Trimestre 2017<\/a><\/li>\n<li><a href=\"http:\/\/www.difvictoria.gob.mx\/wp-content\/uploads\/2019\/03\/ESTADO-ANALITICO-DE-INGRESOS02.pdf\">Ejercicio Fiscal Segundo Trimestre 2017<\/a><\/li>\n<li><a href=\"http:\/\/www.difvictoria.gob.mx\/wp-content\/uploads\/2019\/03\/ESTADO-ANALITICO-DE-INGRESOS-03.pdf\">Ejercicio Fiscal Tercer Trimestre 2017<\/a><\/li>\n<li><a href=\"http:\/\/www.difvictoria.gob.mx\/wp-content\/uploads\/2019\/03\/ESTADO-ANALITICO-DE-INGRESOS04.pdf\">Ejercicio Fiscal Cuarto Trimestre 2017<\/a><\/li>\n<\/ul>\n<h2>ESTADO ANAL\u00cdTICO DEL PRESUPUESTO DE EGRESOS<\/h2>\n<ul>\n<li><a href=\"http:\/\/www.difvictoria.gob.mx\/wp-content\/uploads\/2019\/03\/ESTADO-ANALITICO-DEL-EJERCICIO-DEL-PRESUPUESTO-DE-EGRESOS01.pdf\">Ejercicio Fiscal Segundo Trimestre 2017<\/a><\/li>\n<li>Ejercicio Fiscal Tercer Trimestre 2017<\/li>\n<li><a href=\"http:\/\/www.difvictoria.gob.mx\/wp-content\/uploads\/2019\/03\/REPORTE-ANALITICO-DEL-EJERCICIO-DEL-PRESUPUESTO-DE-EGRESOS03.pdf\">Ejercicio Fiscal Cuarto Trimestre 2017<\/a><\/li>\n<\/ul>\n<h2>ESTADO ANAL\u00cdTICO DEL PRESUPUESTO DE EGRESOS EN CLASIFICACI\u00d3N ADMINISTRATIVA<\/h2>\n<ul>\n<li><a href=\"http:\/\/www.difvictoria.gob.mx\/wp-content\/uploads\/2019\/03\/ESTADO-Anal\u00edtico-del-Presupuesto-de-Egresos-en-Clasificaci\u00f3n-Administrativa-2016.pdf\">Ejercicio Fiscal 2016<\/a><\/li>\n<li><a href=\"http:\/\/www.difvictoria.gob.mx\/wp-content\/uploads\/2019\/03\/ESTADO-Anal\u00edtico-del-Presupuesto-de-Egresos-en-Clasificaci\u00f3n-Administrativa01.pdf\">Ejercicio Fiscal Primer Trimestre 2017<\/a><\/li>\n<li><a href=\"http:\/\/www.difvictoria.gob.mx\/wp-content\/uploads\/2019\/03\/ESTADO-ANALITICO-DEL-PRESUPUESTO-DE-EGRESOS-CLASIFICACION-ADMINISTRATIVA02.pdf\">Ejercicio Fiscal Segundo Trimestre 2017<\/a><\/li>\n<li><a href=\"http:\/\/www.difvictoria.gob.mx\/wp-content\/uploads\/2019\/03\/ESTADO-ANALITICO-DEL-PRESUPUESTO-DE-EGRESOS-CLASIFICACION-ADMINISTRATIVA-03.pdf\">Ejercicio Fiscal Tercer Trimestre 2017<\/a><\/li>\n<li><a href=\"http:\/\/www.difvictoria.gob.mx\/wp-content\/uploads\/2019\/03\/ESTADO-ANALITICO-DEL-EJERCICIO-DEL-PRESUPUESTO-CLASIFICACION04.pdf\">Ejercicio Fiscal Cuarto Trimestre 2017<\/a><\/li>\n<\/ul>\n<p>ESTADO ANAL\u00cdTICO DEL EJERCICIO DEL PRESUPUESTO DE EGRESOS EN CLASIFICACI\u00d3N ECON\u00d3MICA<\/p>\n<ul>\n<li><a href=\"http:\/\/www.difvictoria.gob.mx\/wp-content\/uploads\/2019\/03\/ESTADO-Anal\u00edtico-del-Ejercicio-del-Presupuesto-de-Egresos-en-Clasificaci\u00f3n-Econ\u00f3mica-2016.pdf\">Ejercicio Fiscal 2016<\/a><\/li>\n<li><a href=\"http:\/\/www.difvictoria.gob.mx\/wp-content\/uploads\/2019\/03\/ESTADO-Anal\u00edtico-del-Ejercicio-del-Presupuesto-de-Egresos-en-Clasificaci\u00f3n-Econ\u00f3mica01.pdf\">Ejercicio Fiscal Primer Trimestre 2017<\/a><\/li>\n<li><a href=\"http:\/\/www.difvictoria.gob.mx\/wp-content\/uploads\/2019\/03\/ESTADO-ANALITICO-DEL-PRESUPUESTO-DE-EGRESOS-CLASIFICACION-ECONOMICA02.pdf\">Ejercicio Fiscal Segundo Trimestre 2017<\/a><\/li>\n<li><a href=\"http:\/\/www.difvictoria.gob.mx\/wp-content\/uploads\/2019\/03\/ESTADO-ANALITICO-DEL-PRESUPUESTO-DE-EGRESOS-CLASIFICACION-ECONOMICA-03.pdf\">Ejercicio Fiscal Tercer Trimestre 2017<\/a><\/li>\n<li><a href=\"http:\/\/www.difvictoria.gob.mx\/wp-content\/uploads\/2019\/03\/ESTADO-ANALITICO-DEL-EJERCICIO-DEL-RPESUPUESTO-CLASIFICACACION-ECONOMICA04.pdf\">Ejercicio Fiscal Cuarto Trimestre 2017<\/a><\/li>\n<\/ul>\n<h2>ESTADO ANAL\u00cdTICO DEL EJERCICIO DEL PRESUPUESTO DE EGRESOS POR OBJETO DEL GASTO<\/h2>\n<ul>\n<li><a href=\"http:\/\/www.difvictoria.gob.mx\/wp-content\/uploads\/2019\/03\/ESTADO-Anal\u00edtico-del-Ejercicio-del-Presupuesto-de-Egresos-por-Objeto-del-Gasto-2016.pdf\">Ejercicio Fiscal 2016<\/a><\/li>\n<li><a href=\"http:\/\/www.difvictoria.gob.mx\/wp-content\/uploads\/2019\/03\/Estado-de-Anal\u00edtico-del-Activo-201701.pdf\">Ejercicio Fiscal Primer Trimestre 2017<\/a><\/li>\n<li><a href=\"http:\/\/www.difvictoria.gob.mx\/wp-content\/uploads\/2019\/03\/Estado-de-Anal\u00edtico-del-Activo-201702.pdf\">Ejercicio Fiscal Segundo Trimestre 2017<\/a><\/li>\n<li><a href=\"http:\/\/www.difvictoria.gob.mx\/wp-content\/uploads\/2019\/03\/ESTADO-DE-ANALITICO-DEL-EJERCICIO-DEL-PRESUPUESTO-DE-EGRESOS-CLAS-POR-OBJETO-DEL-GASTO03.pdf\">Ejercicio Fiscal Tercer Trimestre 2017<\/a><\/li>\n<li><a href=\"http:\/\/www.difvictoria.gob.mx\/wp-content\/uploads\/2019\/03\/ESTADO-ANALITICO-DEL-EJERCICIO-DEL-PRESUPUESTO-CLASIFICACION-POR-OBJETO-DEL-GASTO04.pdf\">Ejercicio Fiscal Cuarto Trimestre 2017<\/a><\/li>\n<\/ul>\n<h2>ESTADO ANAL\u00cdTICO DEL EJERCICIO DEL PRESUPUESTO DE EGRESOS EN CLASIFICACI\u00d3N FUNCIONAL<\/h2>\n<ul>\n<li><a href=\"http:\/\/www.difvictoria.gob.mx\/wp-content\/uploads\/2019\/03\/ESTADO-Anal\u00edtico-del-Ejercicio-del-Presupuesto-de-Egresos-en-Clasificaci\u00f3n-Funcional-2016.pdf\">Ejercicio Fiscal 2016<\/a><\/li>\n<li><a href=\"http:\/\/www.difvictoria.gob.mx\/wp-content\/uploads\/2019\/03\/Estado-de-Anal\u00edtico-del-Activo-201701-1.pdf\">Ejercicio Fiscal Primer Trimestre 2017<\/a><\/li>\n<li><a href=\"http:\/\/www.difvictoria.gob.mx\/wp-content\/uploads\/2019\/03\/ESTADO-ANALITICO-DEL-PRESUPUESTO-DE-EGRESOS-CLASIFICACION-FUNCIONAL02.pdf\">Ejercicio Fiscal Tercer Trimestre 2017<\/a><\/li>\n<li><a href=\"http:\/\/www.difvictoria.gob.mx\/wp-content\/uploads\/2019\/03\/ESTADO-ANALITICO-DEL-EJERCICIO-DEL-PRESUPUESTO-DE-EGRESOS-CLASIFICACION-FUNCIONAL03.pdf\">Ejercicio Fiscal Cuarto Trimestre 2017<\/a><\/li>\n<\/ul>\n<h2>ESTADO ANAL\u00cdTICO DEL EJERCICIO DEL PRESUPUESTO DE EGRESOS GASTO POR CATEGOR\u00cdA PROGRAM\u00c1TICA<\/h2>\n<h1 style=\"text-align: center;\">CUENTA P\u00daBLICA CONSOLIDADA<\/h1>\n<table>\n<tbody>\n<tr>\n<td width=\"467\">\n<p style=\"text-align: center;\">2015<\/p>\n<\/td>\n<td style=\"text-align: center;\" width=\"467\">2016<\/td>\n<td style=\"text-align: center;\" width=\"468\">2017<\/td>\n<td style=\"text-align: center;\" width=\"468\">2018<\/td>\n<\/tr>\n<tr>\n<td style=\"text-align: center;\" width=\"467\"><a style=\"color: #0f3647;\" href=\"http:\/\/www.difvictoria.gob.mx\/wp-content\/uploads\/2019\/03\/TOMO-I.pdf\">TOMO I<\/a><\/p>\n<p><a href=\"http:\/\/www.difvictoria.gob.mx\/wp-content\/uploads\/2019\/03\/TOMO-II.pdf\">TOMO II<\/a><\/p>\n<p><a href=\"http:\/\/www.difvictoria.gob.mx\/wp-content\/uploads\/2019\/03\/TOMO-III.pdf\">TOMO III<\/a><\/td>\n<td style=\"text-align: center;\" width=\"467\"><a href=\"http:\/\/www.difvictoria.gob.mx\/wp-content\/uploads\/2019\/03\/TOMO-I-2016.pdf\">TOMO I<\/a><\/p>\n<p><a href=\"http:\/\/www.difvictoria.gob.mx\/wp-content\/uploads\/2019\/03\/TOMO-II-2016.pdf\">TOMO II<\/a><\/p>\n<p><a href=\"http:\/\/www.difvictoria.gob.mx\/wp-content\/uploads\/2019\/03\/TOMO-III-2016.pdf\">TOMO III<\/a><\/td>\n<td style=\"text-align: center;\" width=\"468\"><a href=\"http:\/\/www.difvictoria.gob.mx\/wp-content\/uploads\/2019\/03\/TOMO-I-2017.pdf\">TOMO I<\/a><\/p>\n<p><a href=\"http:\/\/www.difvictoria.gob.mx\/wp-content\/uploads\/2019\/03\/TOMO-II-2017.pdf\">TOMO II<\/a><\/p>\n<p><a style=\"color: #0f3647;\" href=\"http:\/\/www.difvictoria.gob.mx\/wp-content\/uploads\/2019\/03\/TOMO-III-2017.pdf\">TOMO III<\/a><\/td>\n<td width=\"468\">\n<p style=\"text-align: center;\"><a href=\"http:\/\/www.ciudadvictoria.gob.mx\/sivic\/wp-content\/uploads\/2019\/04\/CUENTA-PUBLICA-2018-CONSOLIDADA.xlsx\">TOMO I<\/a><\/p>\n<p style=\"text-align: center;\"><a href=\"http:\/\/www.ciudadvictoria.gob.mx\/sivic\/wp-content\/uploads\/2019\/04\/CUENTA-PUBLICA-2018-CONSOLIDADA-PARAMUNICIPAL.xlsx\">TOMO II<\/a><\/p>\n<p style=\"text-align: center;\"><a href=\"http:\/\/www.ciudadvictoria.gob.mx\/sivic\/wp-content\/uploads\/2019\/04\/CUENTA-PUBLICA-2018-1.xlsx\">TOMO III<\/a><\/p>\n<\/td>\n<\/tr>\n<\/tbody>\n<\/table>\n","protected":false},"excerpt":{"rendered":"<p>&#x2666;\u00a0\u00a0 MANUAL DE CONTABILIDAD GUBERNAMENTAL &#x2666;\u00a0\u00a0 LISTA DE CUENTAS DEL SISTEMA DIF VICTORIA \u00a0\u2013 INFORMACI\u00d3N CONTABLE \u2013 INFORMACI\u00d3N FINANCIERA 2015 Y 2018 Estado de Actividades An\u00e1lisis Presupuestal Estado de Situaci\u00f3n Financiera ESTADO DE SITUACI\u00d3N FINANCIERA Ejercicio Fiscal 2016 Ejercicio Fiscal Primer Trimestre 2017 Ejercicio Fiscal Segundo Trimestre 2017 Ejercicio Fiscal Tercer Trimestre 2017 Ejercicio Fiscal Cuarto Trimestre 2017 ESTADO DE&hellip;<\/p>\n","protected":false},"author":1,"featured_media":0,"parent":0,"menu_order":0,"comment_status":"closed","ping_status":"closed","template":"","meta":{"footnotes":""},"class_list":["post-1520","page","type-page","status-publish","hentry"],"_links":{"self":[{"href":"http:\/\/www.difvictoria.gob.mx\/index.php\/wp-json\/wp\/v2\/pages\/1520","targetHints":{"allow":["GET"]}}],"collection":[{"href":"http:\/\/www.difvictoria.gob.mx\/index.php\/wp-json\/wp\/v2\/pages"}],"about":[{"href":"http:\/\/www.difvictoria.gob.mx\/index.php\/wp-json\/wp\/v2\/types\/page"}],"author":[{"embeddable":true,"href":"http:\/\/www.difvictoria.gob.mx\/index.php\/wp-json\/wp\/v2\/users\/1"}],"replies":[{"embeddable":true,"href":"http:\/\/www.difvictoria.gob.mx\/index.php\/wp-json\/wp\/v2\/comments?post=1520"}],"version-history":[{"count":21,"href":"http:\/\/www.difvictoria.gob.mx\/index.php\/wp-json\/wp\/v2\/pages\/1520\/revisions"}],"predecessor-version":[{"id":2196,"href":"http:\/\/www.difvictoria.gob.mx\/index.php\/wp-json\/wp\/v2\/pages\/1520\/revisions\/2196"}],"wp:attachment":[{"href":"http:\/\/www.difvictoria.gob.mx\/index.php\/wp-json\/wp\/v2\/media?parent=1520"}],"curies":[{"name":"wp","href":"https:\/\/api.w.org\/{rel}","templated":true}]}}