{"id":1083,"date":"2019-01-31T16:55:26","date_gmt":"2019-01-31T22:55:26","guid":{"rendered":"http:\/\/www.difvictoria.gob.mx\/?page_id=1083"},"modified":"2022-02-14T11:09:48","modified_gmt":"2022-02-14T17:09:48","slug":"grupos-vulnerables","status":"publish","type":"page","link":"http:\/\/www.difvictoria.gob.mx\/index.php\/grupos-vulnerables\/","title":{"rendered":"Grupos vulnerables"},"content":{"rendered":"<h3><span style=\"color: #000000;\"><strong>1.-Atenci\u00f3n Ciudadana<\/strong><\/span><\/h3>\n<h3><span style=\"color: #000000;\"><strong>Objetivo<\/strong><em><strong>: <\/strong><\/em>Otorga asistencia patrimonial en especie y econ\u00f3mica a las familias de escasos recursos atendiendo sus necesidades m\u00e1s b\u00e1sicas.<\/span><\/h3>\n<h3><span style=\"color: #000000;\"><strong>Servicios<\/strong> Apoyo con transporte, medicamento, alimentario, hospitalizaci\u00f3n, servicios funerarios, donaci\u00f3n de cobijas canalizaci\u00f3n a dependencias de gobierno Federal, Estatal y Municipal.<\/span><\/h3>\n<h3><span style=\"color: #000000;\"><strong>Poblaci\u00f3n objetivo:<\/strong> Grupos vulnerables.<\/span><\/h3>\n","protected":false},"excerpt":{"rendered":"<p>1.-Atenci\u00f3n Ciudadana Objetivo: Otorga asistencia patrimonial en especie y econ\u00f3mica a las familias de escasos recursos atendiendo sus necesidades m\u00e1s b\u00e1sicas. Servicios Apoyo con transporte, medicamento, alimentario, hospitalizaci\u00f3n, servicios funerarios, donaci\u00f3n de cobijas canalizaci\u00f3n a dependencias de gobierno Federal, Estatal y Municipal. Poblaci\u00f3n objetivo: Grupos vulnerables.<\/p>\n","protected":false},"author":1,"featured_media":0,"parent":0,"menu_order":0,"comment_status":"closed","ping_status":"closed","template":"","meta":{"footnotes":""},"class_list":["post-1083","page","type-page","status-publish","hentry"],"_links":{"self":[{"href":"http:\/\/www.difvictoria.gob.mx\/index.php\/wp-json\/wp\/v2\/pages\/1083","targetHints":{"allow":["GET"]}}],"collection":[{"href":"http:\/\/www.difvictoria.gob.mx\/index.php\/wp-json\/wp\/v2\/pages"}],"about":[{"href":"http:\/\/www.difvictoria.gob.mx\/index.php\/wp-json\/wp\/v2\/types\/page"}],"author":[{"embeddable":true,"href":"http:\/\/www.difvictoria.gob.mx\/index.php\/wp-json\/wp\/v2\/users\/1"}],"replies":[{"embeddable":true,"href":"http:\/\/www.difvictoria.gob.mx\/index.php\/wp-json\/wp\/v2\/comments?post=1083"}],"version-history":[{"count":5,"href":"http:\/\/www.difvictoria.gob.mx\/index.php\/wp-json\/wp\/v2\/pages\/1083\/revisions"}],"predecessor-version":[{"id":6609,"href":"http:\/\/www.difvictoria.gob.mx\/index.php\/wp-json\/wp\/v2\/pages\/1083\/revisions\/6609"}],"wp:attachment":[{"href":"http:\/\/www.difvictoria.gob.mx\/index.php\/wp-json\/wp\/v2\/media?parent=1083"}],"curies":[{"name":"wp","href":"https:\/\/api.w.org\/{rel}","templated":true}]}}