{"id":1082,"date":"2019-01-31T16:55:26","date_gmt":"2019-01-31T22:55:26","guid":{"rendered":"http:\/\/www.difvictoria.gob.mx\/?page_id=1082"},"modified":"2022-02-04T12:03:34","modified_gmt":"2022-02-04T18:03:34","slug":"adultos-mayores","status":"publish","type":"page","link":"http:\/\/www.difvictoria.gob.mx\/index.php\/adultos-mayores\/","title":{"rendered":"Adultos mayores"},"content":{"rendered":"<h3><span style=\"color: #000000;\"><strong>1.- Adultos Activos <\/strong><\/span><\/h3>\n<h3><span style=\"color: #000000;\"><strong>Objetivo<\/strong>:Fomentar el desarrollo bio-psico-social del adulto mayor a trav\u00e9s de acciones de atenci\u00f3n integral que les permitan alcanzar niveles de bienestar y alta calidad de vida.<\/span><\/h3>\n<h3><span style=\"color: #000000;\"><strong>Descripci\u00f3n.<\/strong> Se lleva a cabo en las Casas Club y los Clubes de la Tercera Edad, en donde se ofrecen a los adultos mayores oportunidades de socializaci\u00f3n, capacitaci\u00f3n, desenvolvimiento y desarrollo personal. En estos espacios se ofrecen talleres, cursos, pl\u00e1ticas, y actividades l\u00fadicas y recreativas.<\/span><\/h3>\n<h3><span style=\"color: #000000;\"><strong>2.- Adultos Plenos<\/strong><\/span><\/h3>\n<h3><span style=\"color: #000000;\"><strong>Objetivo<\/strong><strong>:<\/strong> Ofrecer oportunidades de integraci\u00f3n laboral a los adultos mayores que les permitan seguir participando dentro de la sociedad y que les generen ingresos para mejorar su situaci\u00f3n econ\u00f3mica.<\/span><\/h3>\n<h3><span style=\"color: #000000;\"><strong>Descripci\u00f3n. <\/strong>Con el Programa se promueve una cultura de respeto al Adulto Mayor y su reintegraci\u00f3n a la vida productiva mediante la implementaci\u00f3n de acciones de capacitaci\u00f3n y la promoci\u00f3n del empleo y el autoempleo. Se lleva a cabo mediante la firma de convenios con dependencias gubernamentales e iniciativa privada para ofrecer oportunidades de empleo apropiado para los adultos mayores, con el fin de mejorar su situaci\u00f3n econ\u00f3mica.<\/span><\/h3>\n<h3><span style=\"color: #000000;\"><strong>Poblaci\u00f3n objetivo:<\/strong> Poblaci\u00f3n de 60 a 70 a\u00f1os saludables y autosuficientes.<\/span><\/h3>\n<h3><span style=\"color: #000000;\"><strong>3.- Modalidades de Empleo para el Adulto Mayor<\/strong><\/span><\/h3>\n<ul>\n<li>\n<h4><span style=\"color: #000000;\"><strong>Vigilantes Ecol\u00f3gicos:<\/strong> Los vigilantes promueven una cultura de respeto a nuestro medio ambiente a trav\u00e9s de acciones de conservaci\u00f3n y recuperaci\u00f3n de los recursos naturales. Algunas de las actividades que desempe\u00f1a el Vigilante Ecol\u00f3gico son las siguientes: Detectar y reportar tiraderos clandestinos de basura o de escombros en v\u00eda p\u00fablica, parques y jardines, tala de \u00e1rboles y destrucci\u00f3n de \u00e1reas verdes, entre otras. Adem\u00e1s convocan a la sociedad para realizar acciones de conservaci\u00f3n y recuperaci\u00f3n de los recursos naturales.<\/span><\/h4>\n<\/li>\n<li>\n<h4><span style=\"color: #000000;\"><strong>Empacadores:<\/strong> Los adultos mayores trabajan en tiendas de autoservicio ofreciendo su ayuda para embolsar los productos adquiridos por los clientes, impulsando as\u00ed su integraci\u00f3n a la vida productiva y mejorando su econom\u00eda.<\/span><\/h4>\n<\/li>\n<li>\n<h4><span style=\"color: #000000;\"><strong>Capacitaci\u00f3n para el autoempleo:<\/strong> A trav\u00e9s de la firma de convenios con CECATI se proporciona capacitaci\u00f3n y formaci\u00f3n a los adultos mayores mediante cursos de manualidades, reposter\u00eda, belleza, electr\u00f3nica y dibujo. Estos ser\u00e1n sin costo alguno y atender\u00e1n a personas de 60 a 65 a\u00f1os de edad que se encuentren f\u00edsicamente aptos para desarrollar alguna actividad de tipo educativo y manual.<\/span><\/h4>\n<\/li>\n<\/ul>\n<h3><span style=\"color: #000000;\"><strong>Poblaci\u00f3n objetivo:<\/strong> Poblaci\u00f3n de 60 a 70 a\u00f1os saludables y autosuficientes.<\/span><\/h3>\n<ul>\n<li>\n<h2><span style=\"color: #000000;\"><strong>Ubicaci\u00f3n de Casas Club.<\/strong><\/span><a href=\"http:\/\/www.difvictoria.gob.mx\/wp-content\/uploads\/2022\/02\/CASA-ADULTO-UBICACIONES.pdf\"><img loading=\"lazy\" decoding=\"async\" class=\"alignnone  wp-image-6601\" src=\"http:\/\/www.difvictoria.gob.mx\/wp-content\/uploads\/2022\/02\/tachuela-300x294.png\" alt=\"\" width=\"25\" height=\"25\" srcset=\"http:\/\/www.difvictoria.gob.mx\/wp-content\/uploads\/2022\/02\/tachuela-300x294.png 300w, http:\/\/www.difvictoria.gob.mx\/wp-content\/uploads\/2022\/02\/tachuela-150x150.png 150w, http:\/\/www.difvictoria.gob.mx\/wp-content\/uploads\/2022\/02\/tachuela.png 360w\" sizes=\"auto, (max-width: 25px) 100vw, 25px\" \/><\/a><\/h2>\n<h1><\/h1>\n<p>&nbsp;<\/p>\n<h3><span style=\"color: #000000;\"><strong>\u00a0<\/strong><\/span><\/h3>\n<\/li>\n<\/ul>\n","protected":false},"excerpt":{"rendered":"<p>1.- Adultos Activos Objetivo:Fomentar el desarrollo bio-psico-social del adulto mayor a trav\u00e9s de acciones de atenci\u00f3n integral que les permitan alcanzar niveles de bienestar y alta calidad de vida. Descripci\u00f3n. Se lleva a cabo en las Casas Club y los Clubes de la Tercera Edad, en donde se ofrecen a los adultos mayores oportunidades de socializaci\u00f3n, capacitaci\u00f3n, desenvolvimiento y desarrollo&hellip;<\/p>\n","protected":false},"author":1,"featured_media":0,"parent":0,"menu_order":0,"comment_status":"closed","ping_status":"closed","template":"","meta":{"footnotes":""},"class_list":["post-1082","page","type-page","status-publish","hentry"],"_links":{"self":[{"href":"http:\/\/www.difvictoria.gob.mx\/index.php\/wp-json\/wp\/v2\/pages\/1082","targetHints":{"allow":["GET"]}}],"collection":[{"href":"http:\/\/www.difvictoria.gob.mx\/index.php\/wp-json\/wp\/v2\/pages"}],"about":[{"href":"http:\/\/www.difvictoria.gob.mx\/index.php\/wp-json\/wp\/v2\/types\/page"}],"author":[{"embeddable":true,"href":"http:\/\/www.difvictoria.gob.mx\/index.php\/wp-json\/wp\/v2\/users\/1"}],"replies":[{"embeddable":true,"href":"http:\/\/www.difvictoria.gob.mx\/index.php\/wp-json\/wp\/v2\/comments?post=1082"}],"version-history":[{"count":4,"href":"http:\/\/www.difvictoria.gob.mx\/index.php\/wp-json\/wp\/v2\/pages\/1082\/revisions"}],"predecessor-version":[{"id":6603,"href":"http:\/\/www.difvictoria.gob.mx\/index.php\/wp-json\/wp\/v2\/pages\/1082\/revisions\/6603"}],"wp:attachment":[{"href":"http:\/\/www.difvictoria.gob.mx\/index.php\/wp-json\/wp\/v2\/media?parent=1082"}],"curies":[{"name":"wp","href":"https:\/\/api.w.org\/{rel}","templated":true}]}}