{"id":1080,"date":"2019-01-31T16:55:25","date_gmt":"2019-01-31T22:55:25","guid":{"rendered":"http:\/\/www.difvictoria.gob.mx\/?page_id=1080"},"modified":"2019-01-31T17:16:09","modified_gmt":"2019-01-31T23:16:09","slug":"personas-con-discapacidad","status":"publish","type":"page","link":"http:\/\/www.difvictoria.gob.mx\/index.php\/personas-con-discapacidad\/","title":{"rendered":"Personas con discapacidad"},"content":{"rendered":"<p><strong>Personas con Discapacidad.<\/strong><\/p>\n<p>&nbsp;<\/p>\n<ol>\n<li><strong>Ruta \u201cSin l\u00edmites\u201d<\/strong><\/li>\n<\/ol>\n<p><strong>Objetivo:<\/strong> Proporcionar a las personas con discapacidad un servicio de transporte adaptado que facilite el traslado a los servicios y programas de los Sistemas DIF en el Municipio, Centros de Rehabilitaci\u00f3n, Unidades Deportivas, Actividades Culturales para su integraci\u00f3n con la sociedad y promover la autonom\u00eda personal y prevenir la dependencia de las personas con discapacidad que utilicen este medio de transporte.<\/p>\n<p>&nbsp;<\/p>\n<p><strong>Poblaci\u00f3n objetivo:<\/strong> Poblaci\u00f3n con discapacidad motriz, visual, auditiva e intelectual y adultos mayores.<\/p>\n<p>&nbsp;<\/p>\n<ol start=\"2\">\n<li><strong>Servicio de taxis \u201cSin l\u00edmites\u201d<\/strong><\/li>\n<\/ol>\n<p><strong>Objetivo:<\/strong> Proporcionar a las personas con discapacidad del municipio de Victoria un servicio de taxi adaptado con rampa para silla de ruedas que facilite el traslado de los solicitantes, a un bajo costo.<\/p>\n<p>&nbsp;<\/p>\n<p><strong>Poblaci\u00f3n objetivo:<\/strong> Poblaci\u00f3n con discapacidad motriz, visual, auditiva e intelectual y adultos mayores.<\/p>\n<p>&nbsp;<\/p>\n<ol start=\"3\">\n<li><strong>Tarjetones para uso exclusivo de cajones con discapacidad.<\/strong><\/li>\n<\/ol>\n<p><strong>Objetivo:<\/strong> Otorgar un documento oficial que tiene la misma validez y uso que la placa para ocupar los cajones de estacionamiento exclusivo para personas con discapacidad ya sea permanente o temporal.<\/p>\n<p><strong>\u00a0<\/strong><\/p>\n<p><strong>Poblaci\u00f3n objetivo:<\/strong> Poblaci\u00f3n con discapacidad motriz en el municipio de Victoria.<\/p>\n<p>&nbsp;<\/p>\n<ol start=\"4\">\n<li><strong>Placas de circulaci\u00f3n especial para personas con discapacidad.<\/strong><\/li>\n<\/ol>\n<p><strong>Objetivo:<\/strong> Permite hacer uso de los cajones de estacionamiento exclusivo para personas con discapacidad neuromotora permanente.<\/p>\n<p>&nbsp;<\/p>\n<p><strong>Poblaci\u00f3n objetivo:<\/strong> personas con discapacidad motora permanente que utilicen alg\u00fan tipo de aditamento para su desplazamiento como sillas de ruedas, muletas, andador, bast\u00f3n, ortesis o pr\u00f3tesis.<\/p>\n<p>&nbsp;<\/p>\n<ol start=\"5\">\n<li><strong>Espacio exclusivo de estacionamiento<\/strong><\/li>\n<\/ol>\n<p><strong>Objetivo:<\/strong> Facilitar el ascenso y descenso de las personas con discapacidad neuromotora en un espacio reservado exclusivamente para ellas.<\/p>\n<p>&nbsp;<\/p>\n<p><strong>Poblaci\u00f3n objetivo:<\/strong> Poblaci\u00f3n con discapacidad motriz en el municipio de Victoria.<\/p>\n<p>&nbsp;<\/p>\n<ol start=\"6\">\n<li><strong>Credencial nacional para personas con discapacidad.<\/strong><\/li>\n<\/ol>\n<p><strong>Objetivo:<\/strong> otorgar un documento oficial con validez nacional en el cual se identifique la discapacidad ya sea intelectual, auditiva, visual o motriz de una persona y con la cual optimizar alg\u00fan tr\u00e1mite o servicio.<\/p>\n<p>&nbsp;<\/p>\n<p><strong>Poblaci\u00f3n objetivo:<\/strong> hombres y mujeres de cualquier edad con discapacidad intelectual, visual, auditiva y motora.<\/p>\n<p>&nbsp;<\/p>\n<ol start=\"7\">\n<li><strong>Seguimiento educativo \u201cBeca Sin L\u00edmite\u201d<\/strong><\/li>\n<\/ol>\n<p><strong>Objetivo:<\/strong> Convocar en coordinaci\u00f3n con el DIF Tamaulipas y el ITABEC contribuir al ingreso, permanencia y seguimiento educativo de la poblaci\u00f3n con discapacidad mediante el otorgamiento de un est\u00edmulo econ\u00f3mico a estudiantes de educaci\u00f3n b\u00e1sica, medio superior y superior.<\/p>\n<p>&nbsp;<\/p>\n<p><strong>Poblaci\u00f3n objetivo:<\/strong> Estudiantes con discapacidad motora, visual o auditiva y\/o intelectual leve, integrados en el sistema regular y en el sistema abierto de educaci\u00f3n.<\/p>\n<p>&nbsp;<\/p>\n<ol start=\"8\">\n<li><strong>Dotaci\u00f3n \u201cSin L\u00edmites\u201d<\/strong><\/li>\n<\/ol>\n<p><strong>Objetivo:<\/strong> Apoyar a la poblaci\u00f3n con discapacidad motriz o intelectual severa en condiciones de pobreza extrema en el municipio de Victoria, mensualmente con pa\u00f1ales, suplemento alimenticio y toallas h\u00famedas.<\/p>\n<p>&nbsp;<\/p>\n<p><strong>Poblaci\u00f3n objetivo:<\/strong> Todo el Municipio de Victoria incluyendo el \u00e1rea rural.<\/p>\n","protected":false},"excerpt":{"rendered":"<p>Personas con Discapacidad. &nbsp; Ruta \u201cSin l\u00edmites\u201d Objetivo: Proporcionar a las personas con discapacidad un servicio de transporte adaptado que facilite el traslado a los servicios y programas de los Sistemas DIF en el Municipio, Centros de Rehabilitaci\u00f3n, Unidades Deportivas, Actividades Culturales para su integraci\u00f3n con la sociedad y promover la autonom\u00eda personal y prevenir la dependencia de las personas&hellip;<\/p>\n","protected":false},"author":1,"featured_media":0,"parent":0,"menu_order":0,"comment_status":"closed","ping_status":"closed","template":"","meta":{"footnotes":""},"class_list":["post-1080","page","type-page","status-publish","hentry"],"_links":{"self":[{"href":"http:\/\/www.difvictoria.gob.mx\/index.php\/wp-json\/wp\/v2\/pages\/1080","targetHints":{"allow":["GET"]}}],"collection":[{"href":"http:\/\/www.difvictoria.gob.mx\/index.php\/wp-json\/wp\/v2\/pages"}],"about":[{"href":"http:\/\/www.difvictoria.gob.mx\/index.php\/wp-json\/wp\/v2\/types\/page"}],"author":[{"embeddable":true,"href":"http:\/\/www.difvictoria.gob.mx\/index.php\/wp-json\/wp\/v2\/users\/1"}],"replies":[{"embeddable":true,"href":"http:\/\/www.difvictoria.gob.mx\/index.php\/wp-json\/wp\/v2\/comments?post=1080"}],"version-history":[{"count":2,"href":"http:\/\/www.difvictoria.gob.mx\/index.php\/wp-json\/wp\/v2\/pages\/1080\/revisions"}],"predecessor-version":[{"id":1101,"href":"http:\/\/www.difvictoria.gob.mx\/index.php\/wp-json\/wp\/v2\/pages\/1080\/revisions\/1101"}],"wp:attachment":[{"href":"http:\/\/www.difvictoria.gob.mx\/index.php\/wp-json\/wp\/v2\/media?parent=1080"}],"curies":[{"name":"wp","href":"https:\/\/api.w.org\/{rel}","templated":true}]}}