{"id":1079,"date":"2019-01-31T16:55:25","date_gmt":"2019-01-31T22:55:25","guid":{"rendered":"http:\/\/www.difvictoria.gob.mx\/?page_id=1079"},"modified":"2022-02-14T11:10:53","modified_gmt":"2022-02-14T17:10:53","slug":"familia","status":"publish","type":"page","link":"http:\/\/www.difvictoria.gob.mx\/index.php\/familia\/","title":{"rendered":"Familia"},"content":{"rendered":"<h3><span style=\"color: #000000;\"><strong>1<\/strong><strong>.- Atenci\u00f3n a la Familia<\/strong><\/span><\/h3>\n<h3><span style=\"color: #000000;\"><strong>Objetivo: <\/strong>reforzar mediante acciones formativas y educativas los valores \u00e9ticos, sociales y culturales que aseguren una sana convivencia entre los miembros de la familia y de la sociedad, para contribuir en el pleno desarrollo familiar y personal de los miembros integrantes de la comunidad.<\/span><\/h3>\n<h3><span style=\"color: #000000;\"><strong>2.- Espacios de alimentaci\u00f3n, encuentro y desarrollo<\/strong><\/span><\/h3>\n<h3><span style=\"color: #000000;\"><strong>Objetivo: <\/strong>Contribuir al acceso de alimentos inocuos y nutritivos de los sujetos en condiciones de riesgo y vulnerabilidad, mediante la entrega de apoyos alimentarios dise\u00f1ados con base en los criterios de calidad nutricia y la realizaci\u00f3n de acciones de orientaci\u00f3n alimentaria, logrando as\u00ed asegurar la calidad alimentaria en la producci\u00f3n de alimentos.<\/span><\/h3>\n<h3><span style=\"color: #000000;\"><strong>Poblaci\u00f3n Objetivo<\/strong><strong>:<\/strong> grupos de riesgo, sujetos de asistencia social alimentaria, preferentemente ni\u00f1as, ni\u00f1os y adolescentes, mujeres embarazadas o lactando, adultos mayores, personas con discapacidad y personas en extrema pobreza que tengan un ingreso econ\u00f3mico bajo en comunidades marginadas, rurales y urbanas, las cuales deber\u00e1n tener disposici\u00f3n de participar en las actividades realizadas en el EAEyD.<\/span><\/h3>\n<h3><span style=\"color: #000000;\"><strong>3.- Canasta B\u00e1sica Familiar.<\/strong><\/span><\/h3>\n<h3><span style=\"color: #000000;\"><strong>Objetivo:<\/strong> Contribuir al acceso de alimentos inocuos y nutritivos de los sujetos en condiciones de riesgo y vulnerabilidad, mediante la entrega de apoyos de alimentarios dise\u00f1ados con base en criterios de calidad nutricia y orientaci\u00f3n alimentaria \u00fatil para mejorar sus condiciones nutricionales.<\/span><\/h3>\n<h3><span style=\"color: #000000;\"><strong>Poblaci\u00f3n Objetivo:<\/strong> Los sujetos de asistencia social alimentaria, preferentemente ni\u00f1as, ni\u00f1os, adolescentes, mujeres embarazadas, mujeres en periodo de lactancia, personas con discapacidad, adultos mayores y personas vulnerables cuando carezcan de recursos o de lo indispensable para su subsistencia.<\/span><\/h3>\n<h3><span style=\"color: #000000;\"><strong>4.- Atenci\u00f3n a la salud<\/strong><\/span><\/h3>\n<h3><span style=\"color: #000000;\"><strong>Objetivo:<\/strong> Proporcionar atenci\u00f3n m\u00e9dica y de asistencia social a las personas y localidades que se encuentren en estado de vulnerabilidad.<\/span><\/h3>\n<h3><span style=\"color: #000000;\"><em><strong>Servicios<\/strong><\/em><\/span><\/h3>\n<ul>\n<li>\n<h3><span style=\"color: #000000;\">Medicina General<\/span><\/h3>\n<\/li>\n<li>\n<h3><span style=\"color: #000000;\">Odontolog\u00eda<\/span><\/h3>\n<\/li>\n<li>\n<h3><span style=\"color: #000000;\">Rehabilitaci\u00f3n B\u00e1sica<\/span><\/h3>\n<\/li>\n<li>\n<h3><span style=\"color: #000000;\">Ginecolog\u00eda<\/span><\/h3>\n<\/li>\n<\/ul>\n<h3><span style=\"color: #000000;\"><strong>P\u00fablico objetivo:<\/strong> personas y localidades en estado de vulnerabilidad.<\/span><\/h3>\n<h3><span style=\"color: #000000;\"><strong>5.- CEDIF (Cetros para el Desarrollo Integral de la Familia)<\/strong><\/span><\/h3>\n<h3><span style=\"color: #000000;\"><em><strong>Objetivo<\/strong><\/em><strong>:<\/strong> Fortalecer los servicios y programas dirigidos a la comunidad, cumpliendo con la doble funci\u00f3n de ofrecer apoyo y atender las problem\u00e1ticas de familias vulnerables, as\u00ed como contar con \u00e1reas de esparcimiento y convivencia.<\/span><\/h3>\n<h3><span style=\"color: #000000;\"><em><strong>Descripci\u00f3n<\/strong><\/em>. Consiste en ubicar en una misma infraestructura diversos programas ofrecidos por los DIF municipales para atender a la poblaci\u00f3n. Mediante cursos y talleres de corte y confecci\u00f3n, belleza, cocina, manualidades, aerobics, karate, nataci\u00f3n, deportes, biblioteca.<\/span><\/h3>\n<h3><span style=\"color: #000000;\"><em><strong>Poblaci\u00f3n Objetivo<\/strong><\/em><strong>:<\/strong> Ni\u00f1os, j\u00f3venes, adultos, adultos mayores, padres y madres, poblaci\u00f3n en general.<\/span><\/h3>\n<h3><span style=\"color: #000000;\"><strong>Ubicaci\u00f3n de Centros de Desarrollo Integral de la Familia<\/strong><strong>. <a href=\"http:\/\/www.difvictoria.gob.mx\/wp-content\/uploads\/2022\/02\/CEDIF-UBICACIONES.pdf\">&#x1f4cc;<\/a><\/strong><\/span><\/h3>\n<h3><span style=\"color: #000000;\"><strong>6.-Departamento Mediaci\u00f3n Familiar<\/strong><\/span><\/h3>\n<h3><span style=\"color: #000000;\"><em><strong>Acciones<\/strong><\/em><\/span><\/h3>\n<h3><span style=\"color: #000000;\"><strong>Alternativa pac\u00edfica a la resoluci\u00f3n de conflictos familiares.<br \/>\nIntegraci\u00f3n:<\/strong> Mediadores especializados en la resoluci\u00f3n de conflictos.<\/span><br \/>\n<span style=\"color: #000000;\">Objetivo: Ofrecer gratuitamente a la ciudadan\u00eda mediante la mediaci\u00f3n, una alternativa a la soluci\u00f3n de sus controversias familiares de manera pac\u00edfica, contribuyendo as\u00ed a la paz familiar y social a trav\u00e9s de la realizaci\u00f3n de acuerdos donde las partes satisfagan sus necesidades para una convivencia familiar pac\u00edfica, adem\u00e1s de promover la cultura de la paz.<\/span><\/h3>\n<h3><span style=\"color: #000000;\"><em><strong>Beneficios de la mediaci\u00f3n:<\/strong><\/em><\/span><\/h3>\n<ul>\n<li>\n<h3><span style=\"color: #000000;\">Resolver conflictos existentes<\/span><\/h3>\n<\/li>\n<li>\n<h3><span style=\"color: #000000;\">Prevenir problemas en el futuro<\/span><\/h3>\n<\/li>\n<li>\n<h3><span style=\"color: #000000;\">Mitigar efectos negativos en quien los vive<\/span><\/h3>\n<\/li>\n<li>\n<h3><span style=\"color: #000000;\">Evitar acudir a instancias judiciales<\/span><\/h3>\n<\/li>\n<\/ul>\n<h3><span style=\"color: #000000;\">\u00a07.- <strong>Psicolog\u00eda y Trabajo Social<\/strong><\/span><\/h3>\n<h3><span style=\"color: #000000;\"><em><strong>Objetivo:<\/strong><\/em><em> Proporcionar<\/em> a la poblaci\u00f3n Victorense que busca resolver sus problemas emocionales, generados por la violencia familiar y maltrato de menores, atenci\u00f3n psicosocial especializada, as\u00ed como a personas con un requerimiento especial, de igual manera apoyar en la toma de decisiones en cuanto a la p\u00e9rdida de patria potestad y custodia de menores.<\/span><\/h3>\n<h3><span style=\"color: #000000;\"><strong>Servicios<\/strong><\/span><\/h3>\n<ul>\n<li>\n<h3><span style=\"color: #000000;\">Atenci\u00f3n a la Solicitud de Apoyo sobre Violencia Familiar.<\/span><\/h3>\n<\/li>\n<li>\n<h3><span style=\"color: #000000;\">Platicas preventivas sobre Violencia Familiar.<\/span><\/h3>\n<\/li>\n<li>\n<h3><span style=\"color: #000000;\">Atenci\u00f3n Psicol\u00f3gica a familias con problem\u00e1tica de violencia Familiar.<\/span><\/h3>\n<\/li>\n<li>\n<h3><span style=\"color: #000000;\">Investigaci\u00f3n de Campo.<\/span><\/h3>\n<\/li>\n<li>\n<h3><span style=\"color: #000000;\">Capacitaci\u00f3n Psicosocial sobre la atenci\u00f3n de la Violencia Familiar.<\/span><\/h3>\n<h3><span style=\"color: #000000;\">Estudio socioecon\u00f3mico.<\/span><\/h3>\n<\/li>\n<\/ul>\n<h3><span style=\"color: #000000;\"><strong>8.- <\/strong><strong>Voluntariado<\/strong><\/span><\/h3>\n<h3><span style=\"color: #000000;\"><em><strong>Objetivo:<\/strong><\/em> Apoyar a las personas m\u00e1s vulnerables del municipio a trav\u00e9s de los programas del DIF y en coordinaci\u00f3n con el voluntariado de damas, infantiles, juvenil y hermano mayor.<\/span><\/h3>\n<h3><span style=\"color: #000000;\"><strong>Apoyos: <\/strong>Realizar colectas como Cruz Roja, Telet\u00f3n, loter\u00edas de valores, colectas internas, platicas y talleres de valores, derechos y de higiene personal a los ni\u00f1os, diversos festejos, donaciones de ropa, leche, pa\u00f1ales, medicamentos, cobijas.<\/span><\/h3>\n<h3><span style=\"color: #000000;\"><strong>9.-<\/strong><strong>Atenci\u00f3n Ciudadana<\/strong><\/span><\/h3>\n<h3><span style=\"color: #000000;\"><em><strong>Objetivo<\/strong><\/em><em><strong>: <\/strong><\/em>Otorga asistencia patrimonial en especie y econ\u00f3mica a las familias de escasos recursos atendiendo sus necesidades m\u00e1s b\u00e1sicas.<\/span><\/h3>\n<h3><span style=\"color: #000000;\"><em><strong>Servicios<\/strong><\/em> Apoyo con transporte, medicamento, alimentario, hospitalizaci\u00f3n, servicios funerarios, donaci\u00f3n de cobijas canalizaci\u00f3n a dependencias de gobierno Federal, Estatal y Municipal.<\/span><\/h3>\n","protected":false},"excerpt":{"rendered":"<p>1.- Atenci\u00f3n a la Familia Objetivo: reforzar mediante acciones formativas y educativas los valores \u00e9ticos, sociales y culturales que aseguren una sana convivencia entre los miembros de la familia y de la sociedad, para contribuir en el pleno desarrollo familiar y personal de los miembros integrantes de la comunidad. 2.- Espacios de alimentaci\u00f3n, encuentro y desarrollo Objetivo: Contribuir al acceso&hellip;<\/p>\n","protected":false},"author":1,"featured_media":0,"parent":0,"menu_order":0,"comment_status":"closed","ping_status":"closed","template":"","meta":{"footnotes":""},"class_list":["post-1079","page","type-page","status-publish","hentry"],"_links":{"self":[{"href":"http:\/\/www.difvictoria.gob.mx\/index.php\/wp-json\/wp\/v2\/pages\/1079","targetHints":{"allow":["GET"]}}],"collection":[{"href":"http:\/\/www.difvictoria.gob.mx\/index.php\/wp-json\/wp\/v2\/pages"}],"about":[{"href":"http:\/\/www.difvictoria.gob.mx\/index.php\/wp-json\/wp\/v2\/types\/page"}],"author":[{"embeddable":true,"href":"http:\/\/www.difvictoria.gob.mx\/index.php\/wp-json\/wp\/v2\/users\/1"}],"replies":[{"embeddable":true,"href":"http:\/\/www.difvictoria.gob.mx\/index.php\/wp-json\/wp\/v2\/comments?post=1079"}],"version-history":[{"count":6,"href":"http:\/\/www.difvictoria.gob.mx\/index.php\/wp-json\/wp\/v2\/pages\/1079\/revisions"}],"predecessor-version":[{"id":6610,"href":"http:\/\/www.difvictoria.gob.mx\/index.php\/wp-json\/wp\/v2\/pages\/1079\/revisions\/6610"}],"wp:attachment":[{"href":"http:\/\/www.difvictoria.gob.mx\/index.php\/wp-json\/wp\/v2\/media?parent=1079"}],"curies":[{"name":"wp","href":"https:\/\/api.w.org\/{rel}","templated":true}]}}