{"id":1078,"date":"2019-01-31T16:55:25","date_gmt":"2019-01-31T22:55:25","guid":{"rendered":"http:\/\/www.difvictoria.gob.mx\/?page_id=1078"},"modified":"2022-02-10T13:55:04","modified_gmt":"2022-02-10T19:55:04","slug":"jovenes","status":"publish","type":"page","link":"http:\/\/www.difvictoria.gob.mx\/index.php\/jovenes\/","title":{"rendered":"J\u00f3venes"},"content":{"rendered":"<h3><span style=\"color: #000000;\"><strong>1.- Centro Cultural Luz y Arte<\/strong><\/span><br \/>\n<span style=\"color: #000000;\"><strong>Objetivo:\u00a0<\/strong> es promover programas, acciones y campa\u00f1as para la prevenci\u00f3n de adicciones, fomentando un estilo de vida saludable, en el \u00e1mbito individual, familiar, educativo y social, as\u00ed como fortalecer el desarrollo integral de los j\u00f3venes a trav\u00e9s de las diferentes acciones y estrategias preventivas y de atenci\u00f3n, de acuerdo a sus necesidades de intervenci\u00f3n. Contando con las siguientes vertientes: <strong>Platicas de Prevenci\u00f3n de Adicciones y Platicas de Prevenci\u00f3n de Riesgos.\u00a0 <\/strong><\/span><span style=\"color: #000000;\">Dentro del programa encontraras actividades art\u00edsticas, recreativas, deportivas, culturales, educativas, capacitaciones y otras acciones con las que podr\u00e1s divertirte, <\/span><span style=\"color: #000000;\">ayudar y aprender de una manera divertida y sana.<\/span><br \/>\n<span style=\"color: #000000;\"><strong>Poblaci\u00f3n objetivo:<\/strong> Ni\u00f1as, ni\u00f1os, adolescentes y j\u00f3venes.<\/span><\/h3>\n<h3><span style=\"color: #000000;\"><strong>2.- Programa de Prevenci\u00f3n de Acoso Escolar.<\/strong><\/span><br \/>\n<span style=\"color: #000000;\"><strong>Objetivo:<\/strong> Favorecer el desarrollo personal, familiar y social de las ni\u00f1as, ni\u00f1os y adolescentes, con la finalidad de prevenir cualquier tipo de violencia y crear espacios de sana convivencia.<\/span><br \/>\n<span style=\"color: #000000;\"><strong>Poblaci\u00f3n objetivo:<\/strong> ni\u00f1as, ni\u00f1os y adolescentes escolarizados de 7 a 19 a\u00f1os de edad.<\/span><\/h3>\n<h3><span style=\"color: #000000;\"><strong>3.- Programa iPi\u00e9nsalo bien!<\/strong>\u00a0<\/span><br \/>\n<span style=\"color: #000000;\"><strong>Objetivo:<\/strong> promover la reflexi\u00f3n de las y los adolescentes sobre los riesgos y consecuencias asociados al inicio de la sexualidad en edades tempranas con la intenci\u00f3n de incrementar la percepci\u00f3n de riesgo y favorecer el desarrollo de habilidades para la toma de decisiones responsables frente al ejercicio de su sexualidad.<\/span><\/h3>\n<h3 style=\"text-align: left;\"><span style=\"color: #000000;\"><strong>Poblaci\u00f3n objetivo:<\/strong> adolescentes de 12 a 19 a\u00f1os de edad.<\/span><\/h3>\n","protected":false},"excerpt":{"rendered":"<p>1.- Centro Cultural Luz y Arte Objetivo:\u00a0 es promover programas, acciones y campa\u00f1as para la prevenci\u00f3n de adicciones, fomentando un estilo de vida saludable, en el \u00e1mbito individual, familiar, educativo y social, as\u00ed como fortalecer el desarrollo integral de los j\u00f3venes a trav\u00e9s de las diferentes acciones y estrategias preventivas y de atenci\u00f3n, de acuerdo a sus necesidades de intervenci\u00f3n.&hellip;<\/p>\n","protected":false},"author":1,"featured_media":0,"parent":0,"menu_order":0,"comment_status":"closed","ping_status":"closed","template":"","meta":{"footnotes":""},"class_list":["post-1078","page","type-page","status-publish","hentry"],"_links":{"self":[{"href":"http:\/\/www.difvictoria.gob.mx\/index.php\/wp-json\/wp\/v2\/pages\/1078","targetHints":{"allow":["GET"]}}],"collection":[{"href":"http:\/\/www.difvictoria.gob.mx\/index.php\/wp-json\/wp\/v2\/pages"}],"about":[{"href":"http:\/\/www.difvictoria.gob.mx\/index.php\/wp-json\/wp\/v2\/types\/page"}],"author":[{"embeddable":true,"href":"http:\/\/www.difvictoria.gob.mx\/index.php\/wp-json\/wp\/v2\/users\/1"}],"replies":[{"embeddable":true,"href":"http:\/\/www.difvictoria.gob.mx\/index.php\/wp-json\/wp\/v2\/comments?post=1078"}],"version-history":[{"count":7,"href":"http:\/\/www.difvictoria.gob.mx\/index.php\/wp-json\/wp\/v2\/pages\/1078\/revisions"}],"predecessor-version":[{"id":6606,"href":"http:\/\/www.difvictoria.gob.mx\/index.php\/wp-json\/wp\/v2\/pages\/1078\/revisions\/6606"}],"wp:attachment":[{"href":"http:\/\/www.difvictoria.gob.mx\/index.php\/wp-json\/wp\/v2\/media?parent=1078"}],"curies":[{"name":"wp","href":"https:\/\/api.w.org\/{rel}","templated":true}]}}