{"id":1077,"date":"2019-01-31T16:55:25","date_gmt":"2019-01-31T22:55:25","guid":{"rendered":"http:\/\/www.difvictoria.gob.mx\/?page_id=1077"},"modified":"2023-03-27T09:41:33","modified_gmt":"2023-03-27T15:41:33","slug":"ninos","status":"publish","type":"page","link":"http:\/\/www.difvictoria.gob.mx\/index.php\/ninos\/","title":{"rendered":"Ni\u00f1os"},"content":{"rendered":"<h1><span style=\"color: #5f2060;\"><strong>PASOS POR LA EDUCACI\u00d3N<\/strong><\/span><\/h1>\n<h2><span style=\"color: #000000;\"><strong>Objetivo: <\/strong>aportar al desarrollo integral en la ni\u00f1ez en situaci\u00f3n de vulnerabilidad, se busca proveer \u00fatiles escolares b\u00e1sicos a nuestros ni\u00f1os y ni\u00f1as de nuestra localidad. De igual manera transformar la vida de ni\u00f1os y ni\u00f1as de nuestro municipio del \u00e1rea\u00a0 <strong>(rural),<\/strong> entrelazados con la participaci\u00f3n\u00a0 de los ciudadanos logrando as\u00ed el fortalecimiento de nuestra sociedad, y as\u00ed mismo fomentar el cumplimiento de La Ley General de Protecci\u00f3n de los Derechos de los ni\u00f1os y ni\u00f1as, enfatizando\u00a0 las acciones en la educaci\u00f3n y en la disminuci\u00f3n del trabajo infantil.<\/span><\/h2>\n<h2><span style=\"color: #000000;\"><strong>Descripci\u00f3n de pol\u00edticas:<\/strong> censo de las escuelas primarias y k\u00ednder del \u00e1rea rural de nuestro municipio el cual se encuentra en situaci\u00f3n de vulnerabilidad posterior a ello se estar\u00e1 pidiendo a cada padre de familia llenar una solicitud para los tr\u00e1mites correspondientes, de esta forma nuestros ni\u00f1os comenzar\u00e1n el ciclo escolar con las herramientas necesarias para su desarrollo escolar.<\/span><\/h2>\n<h2><span style=\"color: #000000;\"><strong>\u00bfPor qu\u00e9 desarrollamos esta iniciativa?\u00a0 <\/strong>Actualmente no todos nuestros ni\u00f1os y ni\u00f1as en situaci\u00f3n de vulnerabilidad no cuentan con las posibilidades de acceder con sus herramientas y materiales que requieren para sus estudios y por otro lado no todos los padres cuentan con el beneficio de recibir un bono escolar o un buen aguinaldo para cubrir este tipo de gastos en su totalidad.<\/span><\/h2>\n<h2><\/h2>\n<h1><span style=\"color: #5f2060;\"><strong style=\"font-size: 1.28571rem;\">CAIC (Centros de Asistencia Infantil Comunitarios)<\/strong><\/span><\/h1>\n<h2><span style=\"color: #000000;\"><strong>Objetivo<\/strong><\/span><br \/>\n<span style=\"color: #000000;\">Proporcionar protecci\u00f3n y formaci\u00f3n integral a ni\u00f1as y ni\u00f1os a trav\u00e9s de acciones educativas y asistenciales dise\u00f1adas para tratar los s\u00edntomas espec\u00edficos y puedan aportar una mejora sustancial.<\/span><br \/>\n<span style=\"color: #000000;\"><strong>Poblaci\u00f3n Objetivo<\/strong><\/span><br \/>\n<span style=\"color: #000000;\">Ni\u00f1os y ni\u00f1as de 2 a 12 a\u00f1os de edad.\u00a0<\/span><\/h2>\n<h2><strong style=\"color: #000000; font-size: 1.14286rem;\">Ubicaci\u00f3n de los 7 Centros de Asistencia Infantil Comunitario.\u00a0 \u00a0<a href=\"http:\/\/www.difvictoria.gob.mx\/wp-content\/uploads\/2022\/02\/CAIC-UBICACIONES.pdf\"> &#x1f4cc;\u00a0 <\/a>\u00a0<\/strong><\/h2>\n<ol>\n<li style=\"list-style-type: none;\">\n<ol>\n<li style=\"list-style-type: none;\"><\/li>\n<\/ol>\n<\/li>\n<\/ol>\n<h1><span style=\"color: #5f2060;\"><strong>CADIF (Centro de Autismo Victoria)<\/strong><\/span><\/h1>\n<h2><span style=\"color: #000000;\"><strong>Objetivo:<\/strong>\u00a0Realizar terapias e intervenciones que est\u00e1n dise\u00f1adas para tratar los s\u00edntomas espec\u00edficos y puedan aportar una mejora sustancial.<strong>\u00a0<\/strong><\/span><br \/>\n<span style=\"color: #000000;\"><strong>Poblaci\u00f3n objetivo:<\/strong> Ni\u00f1os y ni\u00f1as de 2 a 12 a\u00f1os de edad.<\/span><br \/>\n<span style=\"color: #000000;\"><strong>Ubicaci\u00f3n de Centro de Autismo Victoria.<\/strong><\/span><br \/>\n<span style=\"color: #000000;\">Instalaci\u00f3n del DIF Victoria, 16 Berrioz\u00e1bal, planta alta junto a jur\u00eddico.<\/span><\/h2>\n<p>&nbsp;<\/p>\n<h1><span style=\"color: #5f2060;\"><strong>GUARDER\u00cdA DIF VICTORIA<\/strong><\/span><\/h1>\n<h2><span style=\"color: #000000;\"><strong>Objetivo<\/strong><\/span><br \/>\n<span style=\"color: #000000;\">Proporcionar servicios de guarder\u00eda infantil a hijos de madres trabajadoras sin acceso a guarder\u00edas de la seguridad social o guarder\u00edas privadas.<\/span><br \/>\n<span style=\"color: #000000;\"><strong>Descripci\u00f3n<\/strong><\/span><br \/>\n<span style=\"color: #000000;\">Nuestra guarder\u00eda en el DIF ofrece servicios de \u00e1rea de lactantes, maternal y preescolar.<\/span><br \/>\n<span style=\"color: #000000;\"><strong>Poblaci\u00f3n Objetivo<\/strong><\/span><br \/>\n<span style=\"color: #000000;\">Ni\u00f1as, ni\u00f1os de 1 a\u00f1o y tres a\u00f1os once meses.<\/span><\/h2>\n<h2><\/h2>\n<h1><span style=\"color: #5f2060;\"><strong>ALIM\u00c9NTATE BIEN EN LOS PRIMEROS 1000 D\u00cdAS DE VIDA<\/strong><\/span><\/h1>\n<h2><span style=\"color: #000000;\">Mujeres embarazadas y mujeres en periodo de lactancia, as\u00ed como ni\u00f1as y ni\u00f1os de seis meses a dos a\u00f1os de edad, con presencia de desnutrici\u00f3n en municipios, localidades rurales o urbanas de alto\u00a0 grado de marginaci\u00f3n.<\/span><\/h2>\n<ul>\n<li style=\"list-style-type: none;\"><\/li>\n<\/ul>\n<h2><span style=\"color: #000000;\"><strong>Objetivo del<\/strong> <strong>Programa<\/strong> <strong>Alim\u00e9ntate<\/strong> <strong>Bien<\/strong> <strong>en<\/strong> <strong>los<\/strong> <strong>Primeros<\/strong> <strong>1000<\/strong> <strong>D\u00edas<\/strong> <strong>de<\/strong> <strong>Vida: <\/strong>Contribuir a un estado nutricional adecuado de los ni\u00f1os en sus primeros 1000 d\u00edas de vida, a trav\u00e9s de la entrega de dotaciones o raciones alimenticias nutritivas, fomento de la educaci\u00f3n nutricional, la lactancia materna y pr\u00e1cticas adecuadas de cuidado, higiene y estimulaci\u00f3n temprana, para el correcto desarrollo.<\/span><\/h2>\n<h2><span style=\"color: #000000;\"><strong>Objetivos<\/strong> <strong>espec\u00edficos<\/strong> <strong>del<\/strong> <strong>Programa<\/strong> <strong>Alim\u00e9ntate<\/strong> <strong>Bien<\/strong> <strong>en<\/strong> <strong>los<\/strong> <strong>Primeros<\/strong> <strong>1000<\/strong> <strong>D\u00edas<\/strong> <strong>de<\/strong> <strong>Vida: <\/strong>Otorgar a las personas beneficiadas cuatro despensas al a\u00f1o, con insumos alimentarios b\u00e1sicos que cumplan con los criterios de calidad nutricional establecidos. Realizar acciones de orientaci\u00f3n y educaci\u00f3n alimentaria dirigidas a las personas beneficiarias del programa.\u00a0<\/span><\/h2>\n<h2><\/h2>\n<h1><span style=\"color: #5f2060;\"><strong>CENTRO PANNARTI (Programa de Atenci\u00f3n a Ni\u00f1as, Ni\u00f1os y Adolescentes en Riesgo y Trabajo Infantil)<\/strong><\/span><\/h1>\n<h2><span style=\"color: #000000;\"><strong>Objetivo<\/strong><\/span><\/h2>\n<h2 style=\"direction: rtl; text-align: left;\"><span style=\"color: #000000; font-size: 1.28571rem;\">Reintegrar a los ni\u00f1os, ni\u00f1as y adolescentes trabajadores, en la calle o en riesgo a su n\u00facleo familiar y al sistema educativo, as\u00ed como elevar sus condiciones de vida, mediante un enfoque integral de atenci\u00f3n. El programa incluye acciones y ofrece servicios que les permiten recobrar el goce de sus derechos, como los siguientes: Est\u00edmulos Educativos, Actividades art\u00edsticas y culturales, el Centro PANNARTI est\u00e1 ubicado en calle loter\u00eda nacional con Br\u00edgida Garc\u00eda col. Benito Ju\u00e1rez S\/N. Otros servicios: Deportes, Talleres de capacitaci\u00f3n, Salas de Inform\u00e1tica<\/span><\/h2>\n<h2><span style=\"color: #000000;\"><strong>Ubicaci\u00f3n de Centro PANNARTI:<\/strong><\/span><br \/>\n<span style=\"color: #000000;\">Calle Br\u00edgida Garc\u00eda con Loter\u00eda Nacional #338 Col. Benito Ju\u00e1rez.<\/span><\/h2>\n<p>&nbsp;<\/p>\n<h1><span style=\"color: #5f2060;\"><strong>PROGRAMAS ALIMENTARIOS<\/strong><\/span><\/h1>\n<h2><span style=\"color: #000000;\"><strong>Objetivo<\/strong><\/span><br \/>\n<span style=\"color: #000000;\">Contribuir al mejoramiento nutricional de la poblaci\u00f3n infantil inicial, preescolar, primaria y secundaria con desnutrici\u00f3n o en riesgo a trav\u00e9s de una raci\u00f3n alimenticia diaria otorgada en los planteles escolares, para mejorar el aprovechamiento escolar y disminuir el ausentismo involucrando a la familia de los escolares en el proceso para que sea sostenible.<\/span><br \/>\n<span style=\"color: #000000;\"><strong>Apoyos<\/strong><\/span><br \/>\n<span style=\"color: #000000;\">Presentes en D\u00eda del Ni\u00f1o, Vacaciones Navidad, insumos para que los comit\u00e9s de desayunos escolares doten diariamente de alimento caliente a cada estudiante de K\u00ednder, Primaria y Educaci\u00f3n Especial.<\/span><br \/>\n<span style=\"color: #000000;\"><strong>Poblaci\u00f3n Objetivo<\/strong><\/span><br \/>\n<span style=\"color: #000000;\">Ni\u00f1as y ni\u00f1os en edad escolarizada.<\/span><\/h2>\n<h2><\/h2>\n<h1><span style=\"color: #5f2060;\"><strong>PROCURADUR\u00cdA<\/strong><\/span><\/h1>\n<h2><span style=\"color: #000000;\">Otorgar representaci\u00f3n y asesor\u00eda jur\u00eddica en favor de ni\u00f1os, ni\u00f1as y adolescentes del Municipio de Victoria, para efecto de garantizar el respeto y cumplimiento de sus derechos de acuerdo a lo establecido por la Constituci\u00f3n Pol\u00edtica para los Estados Unidos Mexicanos, Tratados Internacionales, Ley de los Derechos de los Ni\u00f1os, Ni\u00f1as y Adolescentes para el Estado de Tamaulipas as\u00ed como dem\u00e1s legislaci\u00f3n aplicable.<\/span><br \/>\n<span style=\"color: #000000;\"><strong>Poblaci\u00f3n Objetivo<\/strong><\/span><br \/>\n<span style=\"color: #000000;\">Ni\u00f1os, ni\u00f1as y adolescentes vulnerables a ser violentados sus derechos.<\/span><\/h2>\n","protected":false},"excerpt":{"rendered":"<p>PASOS POR LA EDUCACI\u00d3N Objetivo: aportar al desarrollo integral en la ni\u00f1ez en situaci\u00f3n de vulnerabilidad, se busca proveer \u00fatiles escolares b\u00e1sicos a nuestros ni\u00f1os y ni\u00f1as de nuestra localidad. De igual manera transformar la vida de ni\u00f1os y ni\u00f1as de nuestro municipio del \u00e1rea\u00a0 (rural), entrelazados con la participaci\u00f3n\u00a0 de los ciudadanos logrando as\u00ed el fortalecimiento de nuestra sociedad,&hellip;<\/p>\n","protected":false},"author":1,"featured_media":0,"parent":0,"menu_order":0,"comment_status":"closed","ping_status":"closed","template":"","meta":{"footnotes":""},"class_list":["post-1077","page","type-page","status-publish","hentry"],"_links":{"self":[{"href":"http:\/\/www.difvictoria.gob.mx\/index.php\/wp-json\/wp\/v2\/pages\/1077","targetHints":{"allow":["GET"]}}],"collection":[{"href":"http:\/\/www.difvictoria.gob.mx\/index.php\/wp-json\/wp\/v2\/pages"}],"about":[{"href":"http:\/\/www.difvictoria.gob.mx\/index.php\/wp-json\/wp\/v2\/types\/page"}],"author":[{"embeddable":true,"href":"http:\/\/www.difvictoria.gob.mx\/index.php\/wp-json\/wp\/v2\/users\/1"}],"replies":[{"embeddable":true,"href":"http:\/\/www.difvictoria.gob.mx\/index.php\/wp-json\/wp\/v2\/comments?post=1077"}],"version-history":[{"count":10,"href":"http:\/\/www.difvictoria.gob.mx\/index.php\/wp-json\/wp\/v2\/pages\/1077\/revisions"}],"predecessor-version":[{"id":7217,"href":"http:\/\/www.difvictoria.gob.mx\/index.php\/wp-json\/wp\/v2\/pages\/1077\/revisions\/7217"}],"wp:attachment":[{"href":"http:\/\/www.difvictoria.gob.mx\/index.php\/wp-json\/wp\/v2\/media?parent=1077"}],"curies":[{"name":"wp","href":"https:\/\/api.w.org\/{rel}","templated":true}]}}